{"id":5852384,"date":"2025-07-10T10:14:56","date_gmt":"2025-07-10T10:14:56","guid":{"rendered":"https:\/\/theinvisiblecollection.com\/?post_type=product&#038;p=5852384"},"modified":"2026-05-01T07:37:16","modified_gmt":"2026-05-01T07:37:16","slug":"galerie-mcde-pierre-chareau-tabouret-de-bar-bois-et-metal","status":"publish","type":"product","link":"https:\/\/theinvisiblecollection.com\/fr\/produit\/galerie-mcde-pierre-chareau-tabouret-de-bar-bois-et-metal\/","title":{"rendered":"Tabouret De Bar Bois Et M\u00e9tal"},"content":{"rendered":"<p style=\"text-align: justify;\"><span class=\"TextRun SCXW13001218 BCX8\" lang=\"EN-GB\" xml:lang=\"EN-GB\" data-contrast=\"auto\"><span class=\"NormalTextRun SpellingErrorV2Themed SCXW13001218 BCX8\">Cr\u00e9\u00e9<\/span> <span class=\"NormalTextRun SpellingErrorV2Themed SCXW13001218 BCX8\">en<\/span><span class=\"NormalTextRun SCXW13001218 BCX8\"> 1927 pour le Grand <\/span><span class=\"NormalTextRun SpellingErrorV2Themed SCXW13001218 BCX8\">h\u00f4tel<\/span><span class=\"NormalTextRun SCXW13001218 BCX8\"> de Tours, <\/span><span class=\"NormalTextRun SpellingErrorV2Themed SCXW13001218 BCX8\">ce<\/span><span class=\"NormalTextRun SCXW13001218 BCX8\"> tabouret <\/span><span class=\"NormalTextRun SpellingErrorV2Themed SCXW13001218 BCX8\">en<\/span> <span class=\"NormalTextRun SpellingErrorV2Themed SCXW13001218 BCX8\">bois<\/span><span class=\"NormalTextRun SCXW13001218 BCX8\"> repose sur un <\/span><span class=\"NormalTextRun SpellingErrorV2Themed SCXW13001218 BCX8\">pi\u00e8tement<\/span> <span class=\"NormalTextRun SpellingErrorV2Themed SCXW13001218 BCX8\">en<\/span><span class=\"NormalTextRun SCXW13001218 BCX8\"> fer <\/span><span class=\"NormalTextRun SpellingErrorV2Themed SCXW13001218 BCX8\">tubulaire<\/span><span class=\"NormalTextRun SCXW13001218 BCX8\"> ; Si <\/span><span class=\"NormalTextRun SpellingErrorV2Themed SCXW13001218 BCX8\">l\u2019utilisation<\/span><span class=\"NormalTextRun SCXW13001218 BCX8\"> du tube <\/span><span class=\"NormalTextRun SpellingErrorV2Themed SCXW13001218 BCX8\">d\u2019acier<\/span> <span class=\"NormalTextRun SpellingErrorV2Themed SCXW13001218 BCX8\">exprime<\/span><span class=\"NormalTextRun SCXW13001218 BCX8\"> toute la <\/span><span class=\"NormalTextRun SpellingErrorV2Themed SCXW13001218 BCX8\">modernit\u00e9<\/span><span class=\"NormalTextRun SCXW13001218 BCX8\"> du <\/span><span class=\"NormalTextRun SpellingErrorV2Themed SCXW13001218 BCX8\">cr\u00e9ateur<\/span><span class=\"NormalTextRun SCXW13001218 BCX8\">, Pierre <\/span><span class=\"NormalTextRun SpellingErrorV2Themed SCXW13001218 BCX8\">Chareau<\/span><span class=\"NormalTextRun SCXW13001218 BCX8\">, <\/span><span class=\"NormalTextRun SpellingErrorV2Themed SCXW13001218 BCX8\">en<\/span> <span class=\"NormalTextRun SpellingErrorV2Themed SCXW13001218 BCX8\">qu\u00eate<\/span><span class=\"NormalTextRun SCXW13001218 BCX8\"> de <\/span><span class=\"NormalTextRun SpellingErrorV2Themed SCXW13001218 BCX8\">minimalisme<\/span> <span class=\"NormalTextRun SpellingErrorV2Themed SCXW13001218 BCX8\">mais<\/span> <span class=\"NormalTextRun SpellingErrorV2Themed SCXW13001218 BCX8\">n\u00e9anmoins<\/span> <span class=\"NormalTextRun SpellingErrorV2Themed SCXW13001218 BCX8\">pointilleux<\/span><span class=\"NormalTextRun SCXW13001218 BCX8\"> quant \u00e0 <\/span><span class=\"NormalTextRun SpellingErrorV2Themed SCXW13001218 BCX8\">l\u2019esth\u00e9tique<\/span><span class=\"NormalTextRun SCXW13001218 BCX8\"> et la <\/span><span class=\"NormalTextRun SpellingErrorV2Themed SCXW13001218 BCX8\">qualit\u00e9<\/span><span class=\"NormalTextRun SCXW13001218 BCX8\">, se fie \u00e0 des assemblages <\/span><span class=\"NormalTextRun SpellingErrorV2Themed SCXW13001218 BCX8\">traditionnels<\/span><span class=\"NormalTextRun SCXW13001218 BCX8\">.<\/span><\/span><span class=\"EOP SCXW13001218 BCX8\" data-ccp-props=\"{}\">\u00a0<\/span><\/p>\n","protected":false},"excerpt":{"rendered":"<p>Cr\u00e9\u00e9 en 1927 pour le Grand h\u00f4tel de Tours, ce tabouret en bois repose sur un pi\u00e8tement en fer tubulaire ; Si l\u2019utilisation du tube d\u2019acier exprime toute la modernit\u00e9 du cr\u00e9ateur, Pierre Chareau, en qu\u00eate de minimalisme mais n\u00e9anmoins pointilleux quant \u00e0 l\u2019esth\u00e9tique et la qualit\u00e9, se fie \u00e0 des assemblages traditionnels.\u00a0<\/p>\n","protected":false},"featured_media":5852400,"template":"","meta":{"_acf_changed":false,"content-type":"","_themeisle_gutenberg_block_has_review":false},"product_brand":[],"product_cat":[8969,12499,34857],"product_tag":[10400,11235,22682,35206],"product_designer":[10239,13455],"comfabric":[29644],"manufacturer":[34907],"reporting_designer":[37390],"samplecomfabric":[30380],"designer_clubroom":[],"class_list":{"0":"post-5852384","1":"product","2":"type-product","3":"status-publish","4":"has-post-thumbnail","6":"product_cat-ottomans-tabourets","7":"product_cat-assises","8":"product_cat-tabourets-de-bar","9":"product_tag-pierre-chareau-fr","10":"product_tag-reedition-fr-fr","11":"product_tag-galerie-mcde-fr","12":"product_tag-exclusive-fr","13":"product_designer-pierre-chareau-fr","14":"product_designer-galerie-mcde-fr","15":"comfabric-galerie-mcde-fr","16":"manufacturer-sefec-galerie-mcde-fr","17":"reporting_designer-pierre-chareau","18":"samplecomfabric-galerie-mcde-fr","20":"first","21":"instock","22":"taxable","23":"shipping-taxable","24":"purchasable","25":"product-type-variable"},"acf":[],"_links":{"self":[{"href":"https:\/\/theinvisiblecollection.com\/fr\/wp-json\/wp\/v2\/product\/5852384","targetHints":{"allow":["GET"]}}],"collection":[{"href":"https:\/\/theinvisiblecollection.com\/fr\/wp-json\/wp\/v2\/product"}],"about":[{"href":"https:\/\/theinvisiblecollection.com\/fr\/wp-json\/wp\/v2\/types\/product"}],"wp:featuredmedia":[{"embeddable":true,"href":"https:\/\/theinvisiblecollection.com\/fr\/wp-json\/wp\/v2\/media\/5852400"}],"wp:attachment":[{"href":"https:\/\/theinvisiblecollection.com\/fr\/wp-json\/wp\/v2\/media?parent=5852384"}],"wp:term":[{"taxonomy":"product_brand","embeddable":true,"href":"https:\/\/theinvisiblecollection.com\/fr\/wp-json\/wp\/v2\/product_brand?post=5852384"},{"taxonomy":"product_cat","embeddable":true,"href":"https:\/\/theinvisiblecollection.com\/fr\/wp-json\/wp\/v2\/product_cat?post=5852384"},{"taxonomy":"product_tag","embeddable":true,"href":"https:\/\/theinvisiblecollection.com\/fr\/wp-json\/wp\/v2\/product_tag?post=5852384"},{"taxonomy":"product_designer","embeddable":true,"href":"https:\/\/theinvisiblecollection.com\/fr\/wp-json\/wp\/v2\/product_designer?post=5852384"},{"taxonomy":"comfabric","embeddable":true,"href":"https:\/\/theinvisiblecollection.com\/fr\/wp-json\/wp\/v2\/comfabric?post=5852384"},{"taxonomy":"manufacturer","embeddable":true,"href":"https:\/\/theinvisiblecollection.com\/fr\/wp-json\/wp\/v2\/manufacturer?post=5852384"},{"taxonomy":"reporting_designer","embeddable":true,"href":"https:\/\/theinvisiblecollection.com\/fr\/wp-json\/wp\/v2\/reporting_designer?post=5852384"},{"taxonomy":"samplecomfabric","embeddable":true,"href":"https:\/\/theinvisiblecollection.com\/fr\/wp-json\/wp\/v2\/samplecomfabric?post=5852384"},{"taxonomy":"clubroom_product_designer","embeddable":true,"href":"https:\/\/theinvisiblecollection.com\/fr\/wp-json\/wp\/v2\/designer_clubroom?post=5852384"}],"curies":[{"name":"wp","href":"https:\/\/api.w.org\/{rel}","templated":true}]}}