{"id":5852512,"date":"2025-07-10T12:24:08","date_gmt":"2025-07-10T12:24:08","guid":{"rendered":"https:\/\/theinvisiblecollection.com\/?post_type=product&#038;p=5852512"},"modified":"2026-05-01T07:37:16","modified_gmt":"2026-05-01T07:37:16","slug":"galerie-mcde-table-bois-et-metal","status":"publish","type":"product","link":"https:\/\/theinvisiblecollection.com\/fr\/produit\/galerie-mcde-table-bois-et-metal\/","title":{"rendered":"Table Bois Et M\u00e9tal"},"content":{"rendered":"<p style=\"text-align: justify;\"><span class=\"TextRun SCXW253694901 BCX8\" lang=\"EN-GB\" xml:lang=\"EN-GB\" data-contrast=\"auto\"><span class=\"NormalTextRun SpellingErrorV2Themed SCXW253694901 BCX8\">Con\u00e7ue<\/span> <span class=\"NormalTextRun SpellingErrorV2Themed SCXW253694901 BCX8\">vers<\/span><span class=\"NormalTextRun SCXW253694901 BCX8\"> 1927 pour Daniel Dreyfus, Madeleine Dior et H\u00e9l\u00e8ne Bernheim, <\/span><span class=\"NormalTextRun SpellingErrorV2Themed SCXW253694901 BCX8\">cette<\/span><span class=\"NormalTextRun SCXW253694901 BCX8\"> table <\/span><span class=\"NormalTextRun SpellingErrorV2Themed SCXW253694901 BCX8\">moderniste<\/span> <span class=\"NormalTextRun SpellingErrorV2Themed SCXW253694901 BCX8\">marie<\/span><span class=\"NormalTextRun SCXW253694901 BCX8\"> un plateau <\/span><span class=\"NormalTextRun SpellingErrorV2Themed SCXW253694901 BCX8\">en<\/span> <span class=\"NormalTextRun SpellingErrorV2Themed SCXW253694901 BCX8\">bois<\/span><span class=\"NormalTextRun SCXW253694901 BCX8\"> \u00e0 un <\/span><span class=\"NormalTextRun SpellingErrorV2Themed SCXW253694901 BCX8\">pi\u00e8tement<\/span> <span class=\"NormalTextRun SpellingErrorV2Themed SCXW253694901 BCX8\">m\u00e9tallique<\/span> <span class=\"NormalTextRun SpellingErrorV2Themed SCXW253694901 BCX8\">en<\/span><span class=\"NormalTextRun SCXW253694901 BCX8\"> T, dans <\/span><span class=\"NormalTextRun SpellingErrorV2Themed SCXW253694901 BCX8\">une<\/span><span class=\"NormalTextRun SCXW253694901 BCX8\"> composition <\/span><span class=\"NormalTextRun SpellingErrorV2Themed SCXW253694901 BCX8\">\u00e9pur\u00e9e<\/span><span class=\"NormalTextRun SCXW253694901 BCX8\"> et <\/span><span class=\"NormalTextRun SpellingErrorV2Themed SCXW253694901 BCX8\">graphique<\/span><span class=\"NormalTextRun SCXW253694901 BCX8\">, <\/span><span class=\"NormalTextRun SpellingErrorV2Themed SCXW253694901 BCX8\">empreinte<\/span><span class=\"NormalTextRun SCXW253694901 BCX8\"> de <\/span><span class=\"NormalTextRun SpellingErrorV2Themed SCXW253694901 BCX8\">l\u2019influence<\/span><span class=\"NormalTextRun SCXW253694901 BCX8\"> du Bauhaus et des avant-gardes <\/span><span class=\"NormalTextRun SpellingErrorV2Themed SCXW253694901 BCX8\">europ\u00e9ennes<\/span><span class=\"NormalTextRun SCXW253694901 BCX8\">.<\/span><\/span><span class=\"EOP SCXW253694901 BCX8\" data-ccp-props=\"{}\">\u00a0<\/span><\/p>\n","protected":false},"excerpt":{"rendered":"<p>Con\u00e7ue vers 1927 pour Daniel Dreyfus, Madeleine Dior et H\u00e9l\u00e8ne Bernheim, cette table moderniste marie un plateau en bois \u00e0 un pi\u00e8tement m\u00e9tallique en T, dans une composition \u00e9pur\u00e9e et graphique, empreinte de l\u2019influence du Bauhaus et des avant-gardes europ\u00e9ennes.\u00a0<\/p>\n","protected":false},"featured_media":5852535,"template":"","meta":{"_acf_changed":false,"content-type":"","_themeisle_gutenberg_block_has_review":false},"product_brand":[],"product_cat":[12332,12503],"product_tag":[10400,11235,22682,35206,35327],"product_designer":[10239,13455],"comfabric":[],"manufacturer":[34907],"reporting_designer":[37286,37390],"samplecomfabric":[],"designer_clubroom":[],"class_list":{"0":"post-5852512","1":"product","2":"type-product","3":"status-publish","4":"has-post-thumbnail","6":"product_cat-tables-dappoint","7":"product_cat-tables-fr","8":"product_tag-pierre-chareau-fr","9":"product_tag-reedition-fr-fr","10":"product_tag-galerie-mcde-fr","11":"product_tag-exclusive-fr","12":"product_tag-re-edition-fr","13":"product_designer-pierre-chareau-fr","14":"product_designer-galerie-mcde-fr","15":"manufacturer-sefec-galerie-mcde-fr","16":"reporting_designer-galerie-mcde","17":"reporting_designer-pierre-chareau","19":"first","20":"instock","21":"taxable","22":"shipping-taxable","23":"purchasable","24":"product-type-variable"},"acf":[],"_links":{"self":[{"href":"https:\/\/theinvisiblecollection.com\/fr\/wp-json\/wp\/v2\/product\/5852512","targetHints":{"allow":["GET"]}}],"collection":[{"href":"https:\/\/theinvisiblecollection.com\/fr\/wp-json\/wp\/v2\/product"}],"about":[{"href":"https:\/\/theinvisiblecollection.com\/fr\/wp-json\/wp\/v2\/types\/product"}],"wp:featuredmedia":[{"embeddable":true,"href":"https:\/\/theinvisiblecollection.com\/fr\/wp-json\/wp\/v2\/media\/5852535"}],"wp:attachment":[{"href":"https:\/\/theinvisiblecollection.com\/fr\/wp-json\/wp\/v2\/media?parent=5852512"}],"wp:term":[{"taxonomy":"product_brand","embeddable":true,"href":"https:\/\/theinvisiblecollection.com\/fr\/wp-json\/wp\/v2\/product_brand?post=5852512"},{"taxonomy":"product_cat","embeddable":true,"href":"https:\/\/theinvisiblecollection.com\/fr\/wp-json\/wp\/v2\/product_cat?post=5852512"},{"taxonomy":"product_tag","embeddable":true,"href":"https:\/\/theinvisiblecollection.com\/fr\/wp-json\/wp\/v2\/product_tag?post=5852512"},{"taxonomy":"product_designer","embeddable":true,"href":"https:\/\/theinvisiblecollection.com\/fr\/wp-json\/wp\/v2\/product_designer?post=5852512"},{"taxonomy":"comfabric","embeddable":true,"href":"https:\/\/theinvisiblecollection.com\/fr\/wp-json\/wp\/v2\/comfabric?post=5852512"},{"taxonomy":"manufacturer","embeddable":true,"href":"https:\/\/theinvisiblecollection.com\/fr\/wp-json\/wp\/v2\/manufacturer?post=5852512"},{"taxonomy":"reporting_designer","embeddable":true,"href":"https:\/\/theinvisiblecollection.com\/fr\/wp-json\/wp\/v2\/reporting_designer?post=5852512"},{"taxonomy":"samplecomfabric","embeddable":true,"href":"https:\/\/theinvisiblecollection.com\/fr\/wp-json\/wp\/v2\/samplecomfabric?post=5852512"},{"taxonomy":"clubroom_product_designer","embeddable":true,"href":"https:\/\/theinvisiblecollection.com\/fr\/wp-json\/wp\/v2\/designer_clubroom?post=5852512"}],"curies":[{"name":"wp","href":"https:\/\/api.w.org\/{rel}","templated":true}]}}