{"id":5852553,"date":"2025-07-10T12:49:39","date_gmt":"2025-07-10T12:49:39","guid":{"rendered":"https:\/\/theinvisiblecollection.com\/?post_type=product&#038;p=5852553"},"modified":"2026-05-01T07:37:16","modified_gmt":"2026-05-01T07:37:16","slug":"galerie-mcde-pierre-chareau-table-dappoint-gigone","status":"publish","type":"product","link":"https:\/\/theinvisiblecollection.com\/fr\/produit\/galerie-mcde-pierre-chareau-table-dappoint-gigone\/","title":{"rendered":"Table D&#8217;appoint Gigone"},"content":{"rendered":"<p style=\"text-align: justify;\"><span class=\"TextRun SCXW24994893 BCX8\" lang=\"EN-GB\" xml:lang=\"EN-GB\" data-contrast=\"auto\"><span class=\"NormalTextRun SpellingErrorV2Themed SCXW24994893 BCX8\">Con\u00e7ue<\/span> <span class=\"NormalTextRun SpellingErrorV2Themed SCXW24994893 BCX8\">vers<\/span><span class=\"NormalTextRun SCXW24994893 BCX8\"> 1924, <\/span><span class=\"NormalTextRun SpellingErrorV2Themed SCXW24994893 BCX8\">cette<\/span><span class=\"NormalTextRun SCXW24994893 BCX8\"> table <\/span><span class=\"NormalTextRun SpellingErrorV2Themed SCXW24994893 BCX8\">en<\/span> <span class=\"NormalTextRun SpellingErrorV2Themed SCXW24994893 BCX8\">bois<\/span><span class=\"NormalTextRun SCXW24994893 BCX8\"> qui <\/span><span class=\"NormalTextRun SpellingErrorV2Themed SCXW24994893 BCX8\">pivote<\/span><span class=\"NormalTextRun SCXW24994893 BCX8\"> sur un axe <\/span><span class=\"NormalTextRun SpellingErrorV2Themed SCXW24994893 BCX8\">traduit<\/span><span class=\"NormalTextRun SCXW24994893 BCX8\"> la <\/span><span class=\"NormalTextRun SpellingErrorV2Themed SCXW24994893 BCX8\">volont\u00e9<\/span><span class=\"NormalTextRun SCXW24994893 BCX8\"> de Pierre <\/span><span class=\"NormalTextRun SpellingErrorV2Themed SCXW24994893 BCX8\">Chareau<\/span><span class=\"NormalTextRun SCXW24994893 BCX8\"> de <\/span><span class=\"NormalTextRun SpellingErrorV2Themed SCXW24994893 BCX8\">concevoir<\/span><span class=\"NormalTextRun SCXW24994893 BCX8\"> des <\/span><span class=\"NormalTextRun SpellingErrorV2Themed SCXW24994893 BCX8\">\u00e9l\u00e9ments<\/span><span class=\"NormalTextRun SCXW24994893 BCX8\"> mobiles <\/span><span class=\"NormalTextRun SpellingErrorV2Themed SCXW24994893 BCX8\">afin<\/span> <span class=\"NormalTextRun SpellingErrorV2Themed SCXW24994893 BCX8\">d\u2019optimiser<\/span> <span class=\"NormalTextRun SpellingErrorV2Themed SCXW24994893 BCX8\">leur<\/span> <span class=\"NormalTextRun SpellingErrorV2Themed SCXW24994893 BCX8\">praticit\u00e9<\/span><span class=\"NormalTextRun SCXW24994893 BCX8\"> et assurer <\/span><span class=\"NormalTextRun SpellingErrorV2Themed SCXW24994893 BCX8\">ainsi<\/span><span class=\"NormalTextRun SCXW24994893 BCX8\"> le <\/span><span class=\"NormalTextRun SpellingErrorV2Themed SCXW24994893 BCX8\">confort<\/span><span class=\"NormalTextRun SCXW24994893 BCX8\"> de <\/span><span class=\"NormalTextRun SpellingErrorV2Themed SCXW24994893 BCX8\">l\u2019usager<\/span><span class=\"NormalTextRun SCXW24994893 BCX8\">.<\/span><\/span><span class=\"EOP SCXW24994893 BCX8\" data-ccp-props=\"{}\">\u00a0<\/span><\/p>\n","protected":false},"excerpt":{"rendered":"<p>Con\u00e7ue vers 1924, cette table en bois qui pivote sur un axe traduit la volont\u00e9 de Pierre Chareau de concevoir des \u00e9l\u00e9ments mobiles afin d\u2019optimiser leur praticit\u00e9 et assurer ainsi le confort de l\u2019usager.\u00a0<\/p>\n","protected":false},"featured_media":5852565,"template":"","meta":{"_acf_changed":false,"content-type":"","_themeisle_gutenberg_block_has_review":false},"product_brand":[],"product_cat":[12332,12503],"product_tag":[10400,11235,22682,35206,35327],"product_designer":[10239,13455],"comfabric":[],"manufacturer":[34907],"reporting_designer":[37390],"samplecomfabric":[],"designer_clubroom":[],"class_list":{"0":"post-5852553","1":"product","2":"type-product","3":"status-publish","4":"has-post-thumbnail","6":"product_cat-tables-dappoint","7":"product_cat-tables-fr","8":"product_tag-pierre-chareau-fr","9":"product_tag-reedition-fr-fr","10":"product_tag-galerie-mcde-fr","11":"product_tag-exclusive-fr","12":"product_tag-re-edition-fr","13":"product_designer-pierre-chareau-fr","14":"product_designer-galerie-mcde-fr","15":"manufacturer-sefec-galerie-mcde-fr","16":"reporting_designer-pierre-chareau","18":"first","19":"instock","20":"taxable","21":"shipping-taxable","22":"purchasable","23":"product-type-variable"},"acf":[],"_links":{"self":[{"href":"https:\/\/theinvisiblecollection.com\/fr\/wp-json\/wp\/v2\/product\/5852553","targetHints":{"allow":["GET"]}}],"collection":[{"href":"https:\/\/theinvisiblecollection.com\/fr\/wp-json\/wp\/v2\/product"}],"about":[{"href":"https:\/\/theinvisiblecollection.com\/fr\/wp-json\/wp\/v2\/types\/product"}],"wp:featuredmedia":[{"embeddable":true,"href":"https:\/\/theinvisiblecollection.com\/fr\/wp-json\/wp\/v2\/media\/5852565"}],"wp:attachment":[{"href":"https:\/\/theinvisiblecollection.com\/fr\/wp-json\/wp\/v2\/media?parent=5852553"}],"wp:term":[{"taxonomy":"product_brand","embeddable":true,"href":"https:\/\/theinvisiblecollection.com\/fr\/wp-json\/wp\/v2\/product_brand?post=5852553"},{"taxonomy":"product_cat","embeddable":true,"href":"https:\/\/theinvisiblecollection.com\/fr\/wp-json\/wp\/v2\/product_cat?post=5852553"},{"taxonomy":"product_tag","embeddable":true,"href":"https:\/\/theinvisiblecollection.com\/fr\/wp-json\/wp\/v2\/product_tag?post=5852553"},{"taxonomy":"product_designer","embeddable":true,"href":"https:\/\/theinvisiblecollection.com\/fr\/wp-json\/wp\/v2\/product_designer?post=5852553"},{"taxonomy":"comfabric","embeddable":true,"href":"https:\/\/theinvisiblecollection.com\/fr\/wp-json\/wp\/v2\/comfabric?post=5852553"},{"taxonomy":"manufacturer","embeddable":true,"href":"https:\/\/theinvisiblecollection.com\/fr\/wp-json\/wp\/v2\/manufacturer?post=5852553"},{"taxonomy":"reporting_designer","embeddable":true,"href":"https:\/\/theinvisiblecollection.com\/fr\/wp-json\/wp\/v2\/reporting_designer?post=5852553"},{"taxonomy":"samplecomfabric","embeddable":true,"href":"https:\/\/theinvisiblecollection.com\/fr\/wp-json\/wp\/v2\/samplecomfabric?post=5852553"},{"taxonomy":"clubroom_product_designer","embeddable":true,"href":"https:\/\/theinvisiblecollection.com\/fr\/wp-json\/wp\/v2\/designer_clubroom?post=5852553"}],"curies":[{"name":"wp","href":"https:\/\/api.w.org\/{rel}","templated":true}]}}