{"id":5852602,"date":"2025-07-10T13:17:07","date_gmt":"2025-07-10T13:17:07","guid":{"rendered":"https:\/\/theinvisiblecollection.com\/?post_type=product&#038;p=5852602"},"modified":"2026-05-08T04:38:32","modified_gmt":"2026-05-08T04:38:32","slug":"galerie-mcde-pierre-chareau-table-mondrian","status":"publish","type":"product","link":"https:\/\/theinvisiblecollection.com\/fr\/produit\/galerie-mcde-pierre-chareau-table-mondrian\/","title":{"rendered":"Table Mondrian"},"content":{"rendered":"<p style=\"text-align: justify;\"><span class=\"TextRun SCXW258080470 BCX8\" lang=\"EN-GB\" xml:lang=\"EN-GB\" data-contrast=\"auto\"><span class=\"NormalTextRun SCXW258080470 BCX8\">Pierre <\/span><span class=\"NormalTextRun SpellingErrorV2Themed SCXW258080470 BCX8\">Chareau<\/span> <span class=\"NormalTextRun SpellingErrorV2Themed SCXW258080470 BCX8\">fut<\/span> <span class=\"NormalTextRun SpellingErrorV2Themed SCXW258080470 BCX8\">l\u2019un<\/span><span class=\"NormalTextRun SCXW258080470 BCX8\"> des <\/span><span class=\"NormalTextRun ContextualSpellingAndGrammarErrorV2Themed SCXW258080470 BCX8\">premiers<\/span><span class=\"NormalTextRun SCXW258080470 BCX8\"> fran\u00e7ais \u00e0 <\/span><span class=\"NormalTextRun SpellingErrorV2Themed SCXW258080470 BCX8\">acqu\u00e9rir<\/span> <span class=\"NormalTextRun SpellingErrorV2Themed SCXW258080470 BCX8\">une<\/span> <span class=\"NormalTextRun SpellingErrorV2Themed SCXW258080470 BCX8\">\u0153uvre<\/span><span class=\"NormalTextRun SCXW258080470 BCX8\"> de <\/span><span class=\"NormalTextRun SCXW258080470 BCX8\">Piet<\/span><span class=\"NormalTextRun SCXW258080470 BCX8\"> Mondrian. En 1930, <\/span><span class=\"NormalTextRun SpellingErrorV2Themed SCXW258080470 BCX8\">cette<\/span><span class=\"NormalTextRun SCXW258080470 BCX8\"> table \u00e0 double plateau <\/span><span class=\"NormalTextRun SpellingErrorV2Themed SCXW258080470 BCX8\">dessin\u00e9e<\/span> <span class=\"NormalTextRun SpellingErrorV2Themed SCXW258080470 BCX8\">en<\/span> <span class=\"NormalTextRun SpellingErrorV2Themed SCXW258080470 BCX8\">hommage<\/span><span class=\"NormalTextRun SCXW258080470 BCX8\"> \u00e0 <\/span><span class=\"NormalTextRun SpellingErrorV2Themed SCXW258080470 BCX8\">l\u2019artiste<\/span> <span class=\"NormalTextRun SpellingErrorV2Themed SCXW258080470 BCX8\">exprime<\/span><span class=\"NormalTextRun SCXW258080470 BCX8\"> toute la force de son admiration.<\/span><\/span><span class=\"EOP SCXW258080470 BCX8\" data-ccp-props=\"{}\">\u00a0<\/span><\/p>\n","protected":false},"excerpt":{"rendered":"<p>Pierre Chareau fut l\u2019un des premiers fran\u00e7ais \u00e0 acqu\u00e9rir une \u0153uvre de Piet Mondrian. En 1930, cette table \u00e0 double plateau dessin\u00e9e en hommage \u00e0 l\u2019artiste exprime toute la force de son admiration.\u00a0<\/p>\n","protected":false},"featured_media":5852609,"template":"","meta":{"_acf_changed":false,"content-type":"","_themeisle_gutenberg_block_has_review":false},"product_brand":[],"product_cat":[12332,12503],"product_tag":[10400,11235,22682,35206,35327],"product_designer":[10239,13455],"comfabric":[],"manufacturer":[34907],"reporting_designer":[37390],"samplecomfabric":[],"designer_clubroom":[],"class_list":{"0":"post-5852602","1":"product","2":"type-product","3":"status-publish","4":"has-post-thumbnail","6":"product_cat-tables-dappoint","7":"product_cat-tables-fr","8":"product_tag-pierre-chareau-fr","9":"product_tag-reedition-fr-fr","10":"product_tag-galerie-mcde-fr","11":"product_tag-exclusive-fr","12":"product_tag-re-edition-fr","13":"product_designer-pierre-chareau-fr","14":"product_designer-galerie-mcde-fr","15":"manufacturer-sefec-galerie-mcde-fr","16":"reporting_designer-pierre-chareau","18":"first","19":"instock","20":"taxable","21":"shipping-taxable","22":"purchasable","23":"product-type-variable"},"acf":[],"_links":{"self":[{"href":"https:\/\/theinvisiblecollection.com\/fr\/wp-json\/wp\/v2\/product\/5852602","targetHints":{"allow":["GET"]}}],"collection":[{"href":"https:\/\/theinvisiblecollection.com\/fr\/wp-json\/wp\/v2\/product"}],"about":[{"href":"https:\/\/theinvisiblecollection.com\/fr\/wp-json\/wp\/v2\/types\/product"}],"wp:featuredmedia":[{"embeddable":true,"href":"https:\/\/theinvisiblecollection.com\/fr\/wp-json\/wp\/v2\/media\/5852609"}],"wp:attachment":[{"href":"https:\/\/theinvisiblecollection.com\/fr\/wp-json\/wp\/v2\/media?parent=5852602"}],"wp:term":[{"taxonomy":"product_brand","embeddable":true,"href":"https:\/\/theinvisiblecollection.com\/fr\/wp-json\/wp\/v2\/product_brand?post=5852602"},{"taxonomy":"product_cat","embeddable":true,"href":"https:\/\/theinvisiblecollection.com\/fr\/wp-json\/wp\/v2\/product_cat?post=5852602"},{"taxonomy":"product_tag","embeddable":true,"href":"https:\/\/theinvisiblecollection.com\/fr\/wp-json\/wp\/v2\/product_tag?post=5852602"},{"taxonomy":"product_designer","embeddable":true,"href":"https:\/\/theinvisiblecollection.com\/fr\/wp-json\/wp\/v2\/product_designer?post=5852602"},{"taxonomy":"comfabric","embeddable":true,"href":"https:\/\/theinvisiblecollection.com\/fr\/wp-json\/wp\/v2\/comfabric?post=5852602"},{"taxonomy":"manufacturer","embeddable":true,"href":"https:\/\/theinvisiblecollection.com\/fr\/wp-json\/wp\/v2\/manufacturer?post=5852602"},{"taxonomy":"reporting_designer","embeddable":true,"href":"https:\/\/theinvisiblecollection.com\/fr\/wp-json\/wp\/v2\/reporting_designer?post=5852602"},{"taxonomy":"samplecomfabric","embeddable":true,"href":"https:\/\/theinvisiblecollection.com\/fr\/wp-json\/wp\/v2\/samplecomfabric?post=5852602"},{"taxonomy":"clubroom_product_designer","embeddable":true,"href":"https:\/\/theinvisiblecollection.com\/fr\/wp-json\/wp\/v2\/designer_clubroom?post=5852602"}],"curies":[{"name":"wp","href":"https:\/\/api.w.org\/{rel}","templated":true}]}}