{"id":5852768,"date":"2025-07-11T11:47:47","date_gmt":"2025-07-11T11:47:47","guid":{"rendered":"https:\/\/theinvisiblecollection.com\/?post_type=product&#038;p=5852768"},"modified":"2026-05-01T07:37:16","modified_gmt":"2026-05-01T07:37:16","slug":"galerie-mcde-pierre-chareau-chauffeuse-1926","status":"publish","type":"product","link":"https:\/\/theinvisiblecollection.com\/fr\/produit\/galerie-mcde-pierre-chareau-chauffeuse-1926\/","title":{"rendered":"Chauffeuse 1926"},"content":{"rendered":"<p style=\"text-align: justify;\"><span class=\"TextRun SCXW95421157 BCX8\" lang=\"EN-GB\" xml:lang=\"EN-GB\" data-contrast=\"auto\"><span class=\"NormalTextRun SCXW95421157 BCX8\">Jadis <\/span><span class=\"NormalTextRun SpellingErrorV2Themed SCXW95421157 BCX8\">utilis\u00e9e<\/span><span class=\"NormalTextRun SCXW95421157 BCX8\"> dans le bar-fumoir du Grand H\u00f4tel de Tours, <\/span><span class=\"NormalTextRun SpellingErrorV2Themed SCXW95421157 BCX8\">d\u00e9cor\u00e9<\/span><span class=\"NormalTextRun SCXW95421157 BCX8\"> par Pierre <\/span><span class=\"NormalTextRun SpellingErrorV2Themed SCXW95421157 BCX8\">Chareau<\/span> <span class=\"NormalTextRun SpellingErrorV2Themed SCXW95421157 BCX8\">en<\/span><span class=\"NormalTextRun SCXW95421157 BCX8\"> 1926, <\/span><span class=\"NormalTextRun SpellingErrorV2Themed SCXW95421157 BCX8\">cette<\/span><span class=\"NormalTextRun SCXW95421157 BCX8\"> assise au <\/span><span class=\"NormalTextRun SpellingErrorV2Themed SCXW95421157 BCX8\">tissu<\/span> <span class=\"NormalTextRun SpellingErrorV2Themed SCXW95421157 BCX8\">personnalisable<\/span> <span class=\"NormalTextRun SpellingErrorV2Themed SCXW95421157 BCX8\">est<\/span> <span class=\"NormalTextRun SpellingErrorV2Themed SCXW95421157 BCX8\">propos\u00e9e<\/span> <span class=\"NormalTextRun SpellingErrorV2Themed SCXW95421157 BCX8\">en<\/span><span class=\"NormalTextRun SCXW95421157 BCX8\"> deux versions <\/span><span class=\"NormalTextRun SpellingErrorV2Themed SCXW95421157 BCX8\">modulables<\/span><span class=\"NormalTextRun SCXW95421157 BCX8\"> (gauche <\/span><span class=\"NormalTextRun SpellingErrorV2Themed SCXW95421157 BCX8\">ou<\/span><span class=\"NormalTextRun SCXW95421157 BCX8\"> droite), <\/span><span class=\"NormalTextRun SpellingErrorV2Themed SCXW95421157 BCX8\">permettant<\/span> <span class=\"NormalTextRun SpellingErrorV2Themed SCXW95421157 BCX8\">ainsi<\/span> <span class=\"NormalTextRun SpellingErrorV2Themed SCXW95421157 BCX8\">une<\/span><span class=\"NormalTextRun SCXW95421157 BCX8\"> adaptation <\/span><span class=\"NormalTextRun SpellingErrorV2Themed SCXW95421157 BCX8\">parfaite<\/span><span class=\"NormalTextRun SCXW95421157 BCX8\"> \u00e0 divers <\/span><span class=\"NormalTextRun SpellingErrorV2Themed SCXW95421157 BCX8\">espaces<\/span><span class=\"NormalTextRun SCXW95421157 BCX8\"> et configurations.<\/span><\/span><span class=\"EOP SCXW95421157 BCX8\" data-ccp-props=\"{}\">\u00a0<\/span><\/p>\n","protected":false},"excerpt":{"rendered":"<p>Jadis utilis\u00e9e dans le bar-fumoir du Grand H\u00f4tel de Tours, d\u00e9cor\u00e9 par Pierre Chareau en 1926, cette assise au tissu personnalisable est propos\u00e9e en deux versions modulables (gauche ou droite), permettant ainsi une adaptation parfaite \u00e0 divers espaces et configurations.\u00a0<\/p>\n","protected":false},"featured_media":5852779,"template":"","meta":{"_acf_changed":false,"content-type":"","_themeisle_gutenberg_block_has_review":false},"product_brand":[],"product_cat":[8945,12499],"product_tag":[8942,10400,11235,22682,31476,35206],"product_designer":[10239,13455],"comfabric":[29644],"manufacturer":[34907],"reporting_designer":[37285,37390],"samplecomfabric":[30380],"designer_clubroom":[],"class_list":{"0":"post-5852768","1":"product","2":"type-product","3":"status-publish","4":"has-post-thumbnail","6":"product_cat-fauteuils","7":"product_cat-assises","8":"product_tag-assise","9":"product_tag-pierre-chareau-fr","10":"product_tag-reedition-fr-fr","11":"product_tag-galerie-mcde-fr","12":"product_tag-st-collectible-fr","13":"product_tag-exclusive-fr","14":"product_designer-pierre-chareau-fr","15":"product_designer-galerie-mcde-fr","16":"comfabric-galerie-mcde-fr","17":"manufacturer-sefec-galerie-mcde-fr","18":"reporting_designer-galerie-mcde","19":"reporting_designer-pierre-chareau","20":"samplecomfabric-galerie-mcde-fr","22":"first","23":"instock","24":"taxable","25":"shipping-taxable","26":"purchasable","27":"product-type-variable"},"acf":[],"_links":{"self":[{"href":"https:\/\/theinvisiblecollection.com\/fr\/wp-json\/wp\/v2\/product\/5852768","targetHints":{"allow":["GET"]}}],"collection":[{"href":"https:\/\/theinvisiblecollection.com\/fr\/wp-json\/wp\/v2\/product"}],"about":[{"href":"https:\/\/theinvisiblecollection.com\/fr\/wp-json\/wp\/v2\/types\/product"}],"wp:featuredmedia":[{"embeddable":true,"href":"https:\/\/theinvisiblecollection.com\/fr\/wp-json\/wp\/v2\/media\/5852779"}],"wp:attachment":[{"href":"https:\/\/theinvisiblecollection.com\/fr\/wp-json\/wp\/v2\/media?parent=5852768"}],"wp:term":[{"taxonomy":"product_brand","embeddable":true,"href":"https:\/\/theinvisiblecollection.com\/fr\/wp-json\/wp\/v2\/product_brand?post=5852768"},{"taxonomy":"product_cat","embeddable":true,"href":"https:\/\/theinvisiblecollection.com\/fr\/wp-json\/wp\/v2\/product_cat?post=5852768"},{"taxonomy":"product_tag","embeddable":true,"href":"https:\/\/theinvisiblecollection.com\/fr\/wp-json\/wp\/v2\/product_tag?post=5852768"},{"taxonomy":"product_designer","embeddable":true,"href":"https:\/\/theinvisiblecollection.com\/fr\/wp-json\/wp\/v2\/product_designer?post=5852768"},{"taxonomy":"comfabric","embeddable":true,"href":"https:\/\/theinvisiblecollection.com\/fr\/wp-json\/wp\/v2\/comfabric?post=5852768"},{"taxonomy":"manufacturer","embeddable":true,"href":"https:\/\/theinvisiblecollection.com\/fr\/wp-json\/wp\/v2\/manufacturer?post=5852768"},{"taxonomy":"reporting_designer","embeddable":true,"href":"https:\/\/theinvisiblecollection.com\/fr\/wp-json\/wp\/v2\/reporting_designer?post=5852768"},{"taxonomy":"samplecomfabric","embeddable":true,"href":"https:\/\/theinvisiblecollection.com\/fr\/wp-json\/wp\/v2\/samplecomfabric?post=5852768"},{"taxonomy":"clubroom_product_designer","embeddable":true,"href":"https:\/\/theinvisiblecollection.com\/fr\/wp-json\/wp\/v2\/designer_clubroom?post=5852768"}],"curies":[{"name":"wp","href":"https:\/\/api.w.org\/{rel}","templated":true}]}}