{"id":5852821,"date":"2025-07-11T15:24:14","date_gmt":"2025-07-11T15:24:14","guid":{"rendered":"https:\/\/theinvisiblecollection.com\/?post_type=product&#038;p=5852821"},"modified":"2026-05-01T07:37:16","modified_gmt":"2026-05-01T07:37:16","slug":"galerie-mcde-pierre-chareau-canape-corbeille","status":"publish","type":"product","link":"https:\/\/theinvisiblecollection.com\/fr\/produit\/galerie-mcde-pierre-chareau-canape-corbeille\/","title":{"rendered":"Canap\u00e9 Corbeille"},"content":{"rendered":"<p style=\"text-align: justify;\"><span class=\"TextRun SCXW13841507 BCX8\" lang=\"EN-GB\" xml:lang=\"EN-GB\" data-contrast=\"auto\"><span class=\"NormalTextRun SCXW13841507 BCX8\">Ce canap\u00e9, <\/span><span class=\"NormalTextRun SpellingErrorV2Themed SCXW13841507 BCX8\">cr\u00e9e<\/span> <span class=\"NormalTextRun SpellingErrorV2Themed SCXW13841507 BCX8\">vers<\/span><span class=\"NormalTextRun SCXW13841507 BCX8\"> 1923, <\/span><span class=\"NormalTextRun SpellingErrorV2Themed SCXW13841507 BCX8\">enserr\u00e9<\/span><span class=\"NormalTextRun SCXW13841507 BCX8\"> par <\/span><span class=\"NormalTextRun SpellingErrorV2Themed SCXW13841507 BCX8\">une<\/span><span class=\"NormalTextRun SCXW13841507 BCX8\"> structure <\/span><span class=\"NormalTextRun SpellingErrorV2Themed SCXW13841507 BCX8\">en<\/span> <span class=\"NormalTextRun SpellingErrorV2Themed SCXW13841507 BCX8\">h\u00eatre<\/span> <span class=\"NormalTextRun SpellingErrorV2Themed SCXW13841507 BCX8\">minimaliste<\/span><span class=\"NormalTextRun SCXW13841507 BCX8\"> et <\/span><span class=\"NormalTextRun SpellingErrorV2Themed SCXW13841507 BCX8\">enveloppante<\/span> <span class=\"NormalTextRun SpellingErrorV2Themed SCXW13841507 BCX8\">rappelle<\/span> <span class=\"NormalTextRun SpellingErrorV2Themed SCXW13841507 BCX8\">l\u2019atmosph\u00e8re<\/span><span class=\"NormalTextRun SCXW13841507 BCX8\"> des caf\u00e9s et fumoirs du Paris <\/span><span class=\"NormalTextRun SpellingErrorV2Themed SCXW13841507 BCX8\">d\u2019antan<\/span><span class=\"NormalTextRun SCXW13841507 BCX8\">. <\/span><span class=\"NormalTextRun SpellingErrorV2Themed SCXW13841507 BCX8\">Iconique<\/span><span class=\"NormalTextRun SCXW13841507 BCX8\">, <\/span><span class=\"NormalTextRun SpellingErrorV2Themed SCXW13841507 BCX8\">sa<\/span> <span class=\"NormalTextRun SpellingErrorV2Themed SCXW13841507 BCX8\">forme<\/span><span class=\"NormalTextRun SCXW13841507 BCX8\"> \u00e9l\u00e9gante invite \u00e0 la conversation.<\/span><\/span><span class=\"EOP SCXW13841507 BCX8\" data-ccp-props=\"{}\">\u00a0<\/span><\/p>\n","protected":false},"excerpt":{"rendered":"<p>Ce canap\u00e9, cr\u00e9e vers 1923, enserr\u00e9 par une structure en h\u00eatre minimaliste et enveloppante rappelle l\u2019atmosph\u00e8re des caf\u00e9s et fumoirs du Paris d\u2019antan. Iconique, sa forme \u00e9l\u00e9gante invite \u00e0 la conversation.\u00a0<\/p>\n","protected":false},"featured_media":5852827,"template":"","meta":{"_acf_changed":false,"content-type":"","_themeisle_gutenberg_block_has_review":false},"product_brand":[],"product_cat":[8976,12499],"product_tag":[8942,8944,10400,11235,22682,31476,35206,35327],"product_designer":[10239,13455],"comfabric":[29644],"manufacturer":[34907],"reporting_designer":[37390],"samplecomfabric":[30380],"designer_clubroom":[],"class_list":{"0":"post-5852821","1":"product","2":"type-product","3":"status-publish","4":"has-post-thumbnail","6":"product_cat-canapes","7":"product_cat-assises","8":"product_tag-assise","9":"product_tag-canape","10":"product_tag-pierre-chareau-fr","11":"product_tag-reedition-fr-fr","12":"product_tag-galerie-mcde-fr","13":"product_tag-st-collectible-fr","14":"product_tag-exclusive-fr","15":"product_tag-re-edition-fr","16":"product_designer-pierre-chareau-fr","17":"product_designer-galerie-mcde-fr","18":"comfabric-galerie-mcde-fr","19":"manufacturer-sefec-galerie-mcde-fr","20":"reporting_designer-pierre-chareau","21":"samplecomfabric-galerie-mcde-fr","23":"first","24":"instock","25":"taxable","26":"shipping-taxable","27":"purchasable","28":"product-type-variable"},"acf":[],"_links":{"self":[{"href":"https:\/\/theinvisiblecollection.com\/fr\/wp-json\/wp\/v2\/product\/5852821","targetHints":{"allow":["GET"]}}],"collection":[{"href":"https:\/\/theinvisiblecollection.com\/fr\/wp-json\/wp\/v2\/product"}],"about":[{"href":"https:\/\/theinvisiblecollection.com\/fr\/wp-json\/wp\/v2\/types\/product"}],"wp:featuredmedia":[{"embeddable":true,"href":"https:\/\/theinvisiblecollection.com\/fr\/wp-json\/wp\/v2\/media\/5852827"}],"wp:attachment":[{"href":"https:\/\/theinvisiblecollection.com\/fr\/wp-json\/wp\/v2\/media?parent=5852821"}],"wp:term":[{"taxonomy":"product_brand","embeddable":true,"href":"https:\/\/theinvisiblecollection.com\/fr\/wp-json\/wp\/v2\/product_brand?post=5852821"},{"taxonomy":"product_cat","embeddable":true,"href":"https:\/\/theinvisiblecollection.com\/fr\/wp-json\/wp\/v2\/product_cat?post=5852821"},{"taxonomy":"product_tag","embeddable":true,"href":"https:\/\/theinvisiblecollection.com\/fr\/wp-json\/wp\/v2\/product_tag?post=5852821"},{"taxonomy":"product_designer","embeddable":true,"href":"https:\/\/theinvisiblecollection.com\/fr\/wp-json\/wp\/v2\/product_designer?post=5852821"},{"taxonomy":"comfabric","embeddable":true,"href":"https:\/\/theinvisiblecollection.com\/fr\/wp-json\/wp\/v2\/comfabric?post=5852821"},{"taxonomy":"manufacturer","embeddable":true,"href":"https:\/\/theinvisiblecollection.com\/fr\/wp-json\/wp\/v2\/manufacturer?post=5852821"},{"taxonomy":"reporting_designer","embeddable":true,"href":"https:\/\/theinvisiblecollection.com\/fr\/wp-json\/wp\/v2\/reporting_designer?post=5852821"},{"taxonomy":"samplecomfabric","embeddable":true,"href":"https:\/\/theinvisiblecollection.com\/fr\/wp-json\/wp\/v2\/samplecomfabric?post=5852821"},{"taxonomy":"clubroom_product_designer","embeddable":true,"href":"https:\/\/theinvisiblecollection.com\/fr\/wp-json\/wp\/v2\/designer_clubroom?post=5852821"}],"curies":[{"name":"wp","href":"https:\/\/api.w.org\/{rel}","templated":true}]}}