{"id":5853265,"date":"2025-07-15T09:24:55","date_gmt":"2025-07-15T09:24:55","guid":{"rendered":"https:\/\/theinvisiblecollection.com\/?post_type=product&#038;p=5853265"},"modified":"2026-05-01T07:37:16","modified_gmt":"2026-05-01T07:37:16","slug":"galerie-mcde-pierre-chareau-petit-bureau-pans-coupes","status":"publish","type":"product","link":"https:\/\/theinvisiblecollection.com\/fr\/produit\/galerie-mcde-pierre-chareau-petit-bureau-pans-coupes\/","title":{"rendered":"Petit Bureau Pans Coup\u00e9s"},"content":{"rendered":"<p style=\"text-align: justify;\">V\u00e9ritable le\u00e7on de raffinement g\u00e9om\u00e9trique, ce bureau compact sign\u00e9 Pierre Chareau se distingue par ses angles biseaut\u00e9s (<em data-start=\"221\" data-end=\"234\">pans coup\u00e9s<\/em>) et son travail du bois d\u2019une grande finesse. \u00c0 la fois audacieux et discret, il refl\u00e8te la pr\u00e9cision architecturale de Chareau et son modernisme intemporel.<\/p>\n","protected":false},"excerpt":{"rendered":"<p>V\u00e9ritable le\u00e7on de raffinement g\u00e9om\u00e9trique, ce bureau compact sign\u00e9 Pierre Chareau se distingue par ses angles biseaut\u00e9s (pans coup\u00e9s) et son travail du bois d\u2019une grande finesse. \u00c0 la fois audacieux et discret, il refl\u00e8te la pr\u00e9cision architecturale de Chareau et son modernisme intemporel.<\/p>\n","protected":false},"featured_media":5855019,"template":"","meta":{"_acf_changed":false,"content-type":"","_themeisle_gutenberg_block_has_review":false},"product_brand":[],"product_cat":[7704,12503],"product_tag":[9639,10400,11235,22682,31476,35206],"product_designer":[10239,13455],"comfabric":[],"manufacturer":[34907],"reporting_designer":[37390],"samplecomfabric":[],"designer_clubroom":[],"class_list":{"0":"post-5853265","1":"product","2":"type-product","3":"status-publish","4":"has-post-thumbnail","6":"product_cat-bureaux-fr","7":"product_cat-tables-fr","8":"product_tag-bureau-fr","9":"product_tag-pierre-chareau-fr","10":"product_tag-reedition-fr-fr","11":"product_tag-galerie-mcde-fr","12":"product_tag-st-collectible-fr","13":"product_tag-exclusive-fr","14":"product_designer-pierre-chareau-fr","15":"product_designer-galerie-mcde-fr","16":"manufacturer-sefec-galerie-mcde-fr","17":"reporting_designer-pierre-chareau","19":"first","20":"instock","21":"taxable","22":"shipping-taxable","23":"purchasable","24":"product-type-variable"},"acf":[],"_links":{"self":[{"href":"https:\/\/theinvisiblecollection.com\/fr\/wp-json\/wp\/v2\/product\/5853265","targetHints":{"allow":["GET"]}}],"collection":[{"href":"https:\/\/theinvisiblecollection.com\/fr\/wp-json\/wp\/v2\/product"}],"about":[{"href":"https:\/\/theinvisiblecollection.com\/fr\/wp-json\/wp\/v2\/types\/product"}],"wp:featuredmedia":[{"embeddable":true,"href":"https:\/\/theinvisiblecollection.com\/fr\/wp-json\/wp\/v2\/media\/5855019"}],"wp:attachment":[{"href":"https:\/\/theinvisiblecollection.com\/fr\/wp-json\/wp\/v2\/media?parent=5853265"}],"wp:term":[{"taxonomy":"product_brand","embeddable":true,"href":"https:\/\/theinvisiblecollection.com\/fr\/wp-json\/wp\/v2\/product_brand?post=5853265"},{"taxonomy":"product_cat","embeddable":true,"href":"https:\/\/theinvisiblecollection.com\/fr\/wp-json\/wp\/v2\/product_cat?post=5853265"},{"taxonomy":"product_tag","embeddable":true,"href":"https:\/\/theinvisiblecollection.com\/fr\/wp-json\/wp\/v2\/product_tag?post=5853265"},{"taxonomy":"product_designer","embeddable":true,"href":"https:\/\/theinvisiblecollection.com\/fr\/wp-json\/wp\/v2\/product_designer?post=5853265"},{"taxonomy":"comfabric","embeddable":true,"href":"https:\/\/theinvisiblecollection.com\/fr\/wp-json\/wp\/v2\/comfabric?post=5853265"},{"taxonomy":"manufacturer","embeddable":true,"href":"https:\/\/theinvisiblecollection.com\/fr\/wp-json\/wp\/v2\/manufacturer?post=5853265"},{"taxonomy":"reporting_designer","embeddable":true,"href":"https:\/\/theinvisiblecollection.com\/fr\/wp-json\/wp\/v2\/reporting_designer?post=5853265"},{"taxonomy":"samplecomfabric","embeddable":true,"href":"https:\/\/theinvisiblecollection.com\/fr\/wp-json\/wp\/v2\/samplecomfabric?post=5853265"},{"taxonomy":"clubroom_product_designer","embeddable":true,"href":"https:\/\/theinvisiblecollection.com\/fr\/wp-json\/wp\/v2\/designer_clubroom?post=5853265"}],"curies":[{"name":"wp","href":"https:\/\/api.w.org\/{rel}","templated":true}]}}