{"id":5853634,"date":"2025-08-11T09:15:36","date_gmt":"2025-08-11T09:15:36","guid":{"rendered":"https:\/\/theinvisiblecollection.com\/?post_type=product&#038;p=5853634"},"modified":"2026-05-01T07:37:16","modified_gmt":"2026-05-01T07:37:16","slug":"galerie-mcde-pierre-chareau-bibliotheque-metal","status":"publish","type":"product","link":"https:\/\/theinvisiblecollection.com\/fr\/produit\/galerie-mcde-pierre-chareau-bibliotheque-metal\/","title":{"rendered":"Biblioth\u00e8que M\u00e9tal"},"content":{"rendered":"<p style=\"text-align: justify;\"><span class=\"TextRun SCXW176571501 BCX8\" lang=\"EN-GB\" xml:lang=\"EN-GB\" data-contrast=\"auto\"><span class=\"NormalTextRun SpellingErrorV2Themed SCXW176571501 BCX8\">Cr\u00e9\u00e9e<\/span> <span class=\"NormalTextRun SpellingErrorV2Themed SCXW176571501 BCX8\">en<\/span><span class=\"NormalTextRun SCXW176571501 BCX8\"> 1924, la biblioth\u00e8que <\/span><span class=\"NormalTextRun SpellingErrorV2Themed SCXW176571501 BCX8\">en<\/span> <span class=\"NormalTextRun SpellingErrorV2Themed SCXW176571501 BCX8\">m\u00e9tal<\/span> <span class=\"NormalTextRun SpellingErrorV2Themed SCXW176571501 BCX8\">incarne<\/span> <span class=\"NormalTextRun SpellingErrorV2Themed SCXW176571501 BCX8\">une<\/span> <span class=\"NormalTextRun SpellingErrorV2Themed SCXW176571501 BCX8\">esth\u00e9tique<\/span> <span class=\"NormalTextRun SpellingErrorV2Themed SCXW176571501 BCX8\">sobre<\/span><span class=\"NormalTextRun SCXW176571501 BCX8\"> et <\/span><span class=\"NormalTextRun SpellingErrorV2Themed SCXW176571501 BCX8\">industrielle<\/span><span class=\"NormalTextRun SCXW176571501 BCX8\">. Son dessin <\/span><span class=\"NormalTextRun SpellingErrorV2Themed SCXW176571501 BCX8\">rigoureux<\/span> <span class=\"NormalTextRun SpellingErrorV2Themed SCXW176571501 BCX8\">articule<\/span> <span class=\"NormalTextRun SpellingErrorV2Themed SCXW176571501 BCX8\">pleins<\/span><span class=\"NormalTextRun SCXW176571501 BCX8\"> et <\/span><span class=\"NormalTextRun SpellingErrorV2Themed SCXW176571501 BCX8\">vides<\/span><span class=\"NormalTextRun SCXW176571501 BCX8\"> avec force et <\/span><span class=\"NormalTextRun SpellingErrorV2Themed SCXW176571501 BCX8\">l\u00e9g\u00e8ret\u00e9<\/span><span class=\"NormalTextRun SCXW176571501 BCX8\">.<\/span><\/span><span class=\"EOP SCXW176571501 BCX8\" data-ccp-props=\"{}\">\u00a0<\/span><\/p>\n","protected":false},"excerpt":{"rendered":"<p>Cr\u00e9\u00e9e en 1924, la biblioth\u00e8que en m\u00e9tal incarne une esth\u00e9tique sobre et industrielle. Son dessin rigoureux articule pleins et vides avec force et l\u00e9g\u00e8ret\u00e9.\u00a0<\/p>\n","protected":false},"featured_media":5853600,"template":"","meta":{"_acf_changed":false,"content-type":"","_themeisle_gutenberg_block_has_review":false},"product_brand":[],"product_cat":[8956,12505],"product_tag":[10400,11235,22682,35206],"product_designer":[10239,13455],"comfabric":[],"manufacturer":[34907],"reporting_designer":[37390],"samplecomfabric":[],"designer_clubroom":[],"class_list":{"0":"post-5853634","1":"product","2":"type-product","3":"status-publish","4":"has-post-thumbnail","6":"product_cat-bibliotheques","7":"product_cat-rangements","8":"product_tag-pierre-chareau-fr","9":"product_tag-reedition-fr-fr","10":"product_tag-galerie-mcde-fr","11":"product_tag-exclusive-fr","12":"product_designer-pierre-chareau-fr","13":"product_designer-galerie-mcde-fr","14":"manufacturer-sefec-galerie-mcde-fr","15":"reporting_designer-pierre-chareau","17":"first","18":"instock","19":"taxable","20":"shipping-taxable","21":"purchasable","22":"product-type-variable"},"acf":[],"_links":{"self":[{"href":"https:\/\/theinvisiblecollection.com\/fr\/wp-json\/wp\/v2\/product\/5853634","targetHints":{"allow":["GET"]}}],"collection":[{"href":"https:\/\/theinvisiblecollection.com\/fr\/wp-json\/wp\/v2\/product"}],"about":[{"href":"https:\/\/theinvisiblecollection.com\/fr\/wp-json\/wp\/v2\/types\/product"}],"wp:featuredmedia":[{"embeddable":true,"href":"https:\/\/theinvisiblecollection.com\/fr\/wp-json\/wp\/v2\/media\/5853600"}],"wp:attachment":[{"href":"https:\/\/theinvisiblecollection.com\/fr\/wp-json\/wp\/v2\/media?parent=5853634"}],"wp:term":[{"taxonomy":"product_brand","embeddable":true,"href":"https:\/\/theinvisiblecollection.com\/fr\/wp-json\/wp\/v2\/product_brand?post=5853634"},{"taxonomy":"product_cat","embeddable":true,"href":"https:\/\/theinvisiblecollection.com\/fr\/wp-json\/wp\/v2\/product_cat?post=5853634"},{"taxonomy":"product_tag","embeddable":true,"href":"https:\/\/theinvisiblecollection.com\/fr\/wp-json\/wp\/v2\/product_tag?post=5853634"},{"taxonomy":"product_designer","embeddable":true,"href":"https:\/\/theinvisiblecollection.com\/fr\/wp-json\/wp\/v2\/product_designer?post=5853634"},{"taxonomy":"comfabric","embeddable":true,"href":"https:\/\/theinvisiblecollection.com\/fr\/wp-json\/wp\/v2\/comfabric?post=5853634"},{"taxonomy":"manufacturer","embeddable":true,"href":"https:\/\/theinvisiblecollection.com\/fr\/wp-json\/wp\/v2\/manufacturer?post=5853634"},{"taxonomy":"reporting_designer","embeddable":true,"href":"https:\/\/theinvisiblecollection.com\/fr\/wp-json\/wp\/v2\/reporting_designer?post=5853634"},{"taxonomy":"samplecomfabric","embeddable":true,"href":"https:\/\/theinvisiblecollection.com\/fr\/wp-json\/wp\/v2\/samplecomfabric?post=5853634"},{"taxonomy":"clubroom_product_designer","embeddable":true,"href":"https:\/\/theinvisiblecollection.com\/fr\/wp-json\/wp\/v2\/designer_clubroom?post=5853634"}],"curies":[{"name":"wp","href":"https:\/\/api.w.org\/{rel}","templated":true}]}}