{"id":5854294,"date":"2025-07-23T07:57:50","date_gmt":"2025-07-23T07:57:50","guid":{"rendered":"https:\/\/theinvisiblecollection.com\/?post_type=product&#038;p=5854294"},"modified":"2026-05-01T07:37:16","modified_gmt":"2026-05-01T07:37:16","slug":"david-rozin-ottoman-einar","status":"publish","type":"product","link":"https:\/\/theinvisiblecollection.com\/fr\/produit\/david-rozin-ottoman-einar\/","title":{"rendered":"Ottoman Einar"},"content":{"rendered":"<p><span class=\"TextRun SCXW94230547 BCX0\" lang=\"FR-FR\" xml:lang=\"FR-FR\" data-contrast=\"auto\"><span class=\"NormalTextRun SCXW94230547 BCX0\">David <\/span><span class=\"NormalTextRun SpellingErrorV2Themed SCXW94230547 BCX0\">Rozin<\/span><span class=\"NormalTextRun SCXW94230547 BCX0\"> a imagin\u00e9 <\/span><span class=\"NormalTextRun SpellingErrorV2Themed SCXW94230547 BCX0\">Einar<\/span><span class=\"NormalTextRun SCXW94230547 BCX0\"> lors d\u2019un s\u00e9jour hivernal en Islande, quand le froid mordant pousse \u00e0 r\u00eaver d\u2019un refuge doux et accueillant. D\u2019o\u00f9 cette base \u00e9voquant un tra\u00eeneau, clin d\u2019\u0153il ludique et familier au design scandinave. Sa silhouette g\u00e9n\u00e9reuse, pens\u00e9e pour un confort absolu, enveloppe le corps comme<\/span><span class=\"NormalTextRun SCXW94230547 BCX0\"> une douce <\/span><span class=\"NormalTextRun SCXW94230547 BCX0\">\u00e9treinte :<\/span><span class=\"NormalTextRun SCXW94230547 BCX0\">\u00a0<\/span><span class=\"NormalTextRun SCXW94230547 BCX0\"> une invitation \u00e0 s<\/span><span class=\"NormalTextRun SCXW94230547 BCX0\">\u2019y<\/span><span class=\"NormalTextRun SCXW94230547 BCX0\"> blottir et s\u2019abandonner \u00e0 la douceur d\u2019une longue nuit d\u2019hiver.<\/span><\/span><span class=\"EOP SCXW94230547 BCX0\" data-ccp-props=\"{}\">\u00a0<\/span><\/p>\n","protected":false},"excerpt":{"rendered":"<p>David Rozin a imagin\u00e9 Einar lors d\u2019un s\u00e9jour hivernal en Islande, quand le froid mordant pousse \u00e0 r\u00eaver d\u2019un refuge doux et accueillant. D\u2019o\u00f9 cette base \u00e9voquant un tra\u00eeneau, clin d\u2019\u0153il ludique et familier au design scandinave. Sa silhouette g\u00e9n\u00e9reuse, pens\u00e9e pour un confort absolu, enveloppe le corps comme une douce \u00e9treinte :\u00a0 une invitation [&hellip;]<\/p>\n","protected":false},"featured_media":5854805,"template":"","meta":{"_acf_changed":false,"content-type":"","_themeisle_gutenberg_block_has_review":false},"product_brand":[],"product_cat":[8969,12499],"product_tag":[8942,9275,14546,31477,35206],"product_designer":[34913],"comfabric":[34917],"manufacturer":[34915],"reporting_designer":[37350],"samplecomfabric":[34919],"designer_clubroom":[],"class_list":{"0":"post-5854294","1":"product","2":"type-product","3":"status-publish","4":"has-post-thumbnail","6":"product_cat-ottomans-tabourets","7":"product_cat-assises","8":"product_tag-assise","9":"product_tag-tabouret-fr-2","10":"product_tag-ottoman-fr-2","11":"product_tag-st-curvy-fr","12":"product_tag-exclusive-fr","13":"product_designer-david-rozin-fr","14":"comfabric-triplex-interiores-unipessoal-pickup-david-rozin-fr","15":"manufacturer-triplex-interiores-unipessoal-pickup-david-rozin-fr","16":"reporting_designer-david-rozin","17":"samplecomfabric-triplex-interiores-unipessoal-pickup-david-rozin-fr","19":"first","20":"instock","21":"taxable","22":"shipping-taxable","23":"purchasable","24":"product-type-variable"},"acf":[],"_links":{"self":[{"href":"https:\/\/theinvisiblecollection.com\/fr\/wp-json\/wp\/v2\/product\/5854294","targetHints":{"allow":["GET"]}}],"collection":[{"href":"https:\/\/theinvisiblecollection.com\/fr\/wp-json\/wp\/v2\/product"}],"about":[{"href":"https:\/\/theinvisiblecollection.com\/fr\/wp-json\/wp\/v2\/types\/product"}],"wp:featuredmedia":[{"embeddable":true,"href":"https:\/\/theinvisiblecollection.com\/fr\/wp-json\/wp\/v2\/media\/5854805"}],"wp:attachment":[{"href":"https:\/\/theinvisiblecollection.com\/fr\/wp-json\/wp\/v2\/media?parent=5854294"}],"wp:term":[{"taxonomy":"product_brand","embeddable":true,"href":"https:\/\/theinvisiblecollection.com\/fr\/wp-json\/wp\/v2\/product_brand?post=5854294"},{"taxonomy":"product_cat","embeddable":true,"href":"https:\/\/theinvisiblecollection.com\/fr\/wp-json\/wp\/v2\/product_cat?post=5854294"},{"taxonomy":"product_tag","embeddable":true,"href":"https:\/\/theinvisiblecollection.com\/fr\/wp-json\/wp\/v2\/product_tag?post=5854294"},{"taxonomy":"product_designer","embeddable":true,"href":"https:\/\/theinvisiblecollection.com\/fr\/wp-json\/wp\/v2\/product_designer?post=5854294"},{"taxonomy":"comfabric","embeddable":true,"href":"https:\/\/theinvisiblecollection.com\/fr\/wp-json\/wp\/v2\/comfabric?post=5854294"},{"taxonomy":"manufacturer","embeddable":true,"href":"https:\/\/theinvisiblecollection.com\/fr\/wp-json\/wp\/v2\/manufacturer?post=5854294"},{"taxonomy":"reporting_designer","embeddable":true,"href":"https:\/\/theinvisiblecollection.com\/fr\/wp-json\/wp\/v2\/reporting_designer?post=5854294"},{"taxonomy":"samplecomfabric","embeddable":true,"href":"https:\/\/theinvisiblecollection.com\/fr\/wp-json\/wp\/v2\/samplecomfabric?post=5854294"},{"taxonomy":"clubroom_product_designer","embeddable":true,"href":"https:\/\/theinvisiblecollection.com\/fr\/wp-json\/wp\/v2\/designer_clubroom?post=5854294"}],"curies":[{"name":"wp","href":"https:\/\/api.w.org\/{rel}","templated":true}]}}