{"id":5854788,"date":"2025-08-06T14:41:23","date_gmt":"2025-08-06T14:41:23","guid":{"rendered":"https:\/\/theinvisiblecollection.com\/?post_type=product&#038;p=5854788"},"modified":"2026-05-01T07:37:13","modified_gmt":"2026-05-01T07:37:13","slug":"veermakers-par-louise-liljencrantz-table-librairie-reed","status":"publish","type":"product","link":"https:\/\/theinvisiblecollection.com\/fr\/produit\/veermakers-par-louise-liljencrantz-table-librairie-reed\/","title":{"rendered":"Table Librairie Reed"},"content":{"rendered":"<p style=\"text-align: justify;\"><span class=\"TextRun SCXW147393343 BCX8\" lang=\"FR\" xml:lang=\"FR\" data-contrast=\"auto\"><span class=\"NormalTextRun SCXW147393343 BCX8\">Les amoureux des livres succomberont au charme de cette cr\u00e9ation remarquable, imagin\u00e9e pour disposer et exposer ses ouvrages pr\u00e9f\u00e9r\u00e9s au gr\u00e9 de l\u2019humeur du jour.<\/span><\/span><span class=\"LineBreakBlob BlobObject DragDrop SCXW147393343 BCX8\"><span class=\"SCXW147393343 BCX8\">\u00a0<\/span><br class=\"SCXW147393343 BCX8\" \/><\/span><span class=\"TextRun SCXW147393343 BCX8\" lang=\"FR\" xml:lang=\"FR\" data-contrast=\"auto\"><span class=\"NormalTextRun SCXW147393343 BCX8\"> Reed est une table \u00e0 livres audacieuse et expressive, con\u00e7ue pour capter le regard, qu\u2019elle tr\u00f4ne au centre de la pi\u00e8ce, s\u2019aligne contre un mur, ou s\u2019improvise cloison.<\/span><\/span><span class=\"LineBreakBlob BlobObject DragDrop SCXW147393343 BCX8\"><span class=\"SCXW147393343 BCX8\">\u00a0<\/span><br class=\"SCXW147393343 BCX8\" \/><\/span><span class=\"TextRun SCXW147393343 BCX8\" lang=\"FR\" xml:lang=\"FR\" data-contrast=\"auto\"><span class=\"NormalTextRun SCXW147393343 BCX8\"> Fa\u00e7onn\u00e9e \u00e0 la main en acajou, ch\u00eane ou noyer, elle s\u2019articule autour de jambes arrondies, puissantes, travers\u00e9es avec rigueur par des entretoises en acier noirci, crois\u00e9es \u00e0 angle droit.<\/span><\/span><span class=\"LineBreakBlob BlobObject DragDrop SCXW147393343 BCX8\"><span class=\"SCXW147393343 BCX8\">\u00a0<\/span><br class=\"SCXW147393343 BCX8\" \/><\/span><span class=\"TextRun SCXW147393343 BCX8\" lang=\"FR\" xml:lang=\"FR\" data-contrast=\"auto\"><span class=\"NormalTextRun SCXW147393343 BCX8\"> Le plateau et la section interm\u00e9diaire sont sublim\u00e9 par un vernis mat d\u00e9licatement sophistiqu\u00e9.<\/span><\/span><span class=\"LineBreakBlob BlobObject DragDrop SCXW147393343 BCX8\"><span class=\"SCXW147393343 BCX8\">\u00a0<\/span><br class=\"SCXW147393343 BCX8\" \/><\/span><span class=\"TextRun SCXW147393343 BCX8\" lang=\"FR\" xml:lang=\"FR\" data-contrast=\"auto\"><span class=\"NormalTextRun SCXW147393343 BCX8\"> Gr\u00e2ce \u00e0 un proc\u00e9d\u00e9 de noircissement unique, chaque pi\u00e8ce devient une \u0153uvre singuli\u00e8re, et unique.<\/span><\/span><span class=\"EOP SCXW147393343 BCX8\" data-ccp-props=\"{&quot;134233117&quot;:false,&quot;134233118&quot;:false,&quot;201341983&quot;:0,&quot;335559738&quot;:0,&quot;335559739&quot;:160,&quot;335559740&quot;:257}\">\u00a0<\/span><\/p>\n","protected":false},"excerpt":{"rendered":"<p>Les amoureux des livres succomberont au charme de cette cr\u00e9ation remarquable, imagin\u00e9e pour disposer et exposer ses ouvrages pr\u00e9f\u00e9r\u00e9s au gr\u00e9 de l\u2019humeur du jour.\u00a0 Reed est une table \u00e0 livres audacieuse et expressive, con\u00e7ue pour capter le regard, qu\u2019elle tr\u00f4ne au centre de la pi\u00e8ce, s\u2019aligne contre un mur, ou s\u2019improvise cloison.\u00a0 Fa\u00e7onn\u00e9e \u00e0 [&hellip;]<\/p>\n","protected":false},"featured_media":5854775,"template":"","meta":{"_acf_changed":false,"content-type":"","_themeisle_gutenberg_block_has_review":false},"product_brand":[],"product_cat":[7509,7675,12503],"product_tag":[8855,10268,31477],"product_designer":[8899],"comfabric":[],"manufacturer":[32679],"reporting_designer":[],"samplecomfabric":[],"designer_clubroom":[],"class_list":{"0":"post-5854788","1":"product","2":"type-product","3":"status-publish","4":"has-post-thumbnail","6":"product_cat-tables-basses-dappoint","7":"product_cat-consoles-fr","8":"product_cat-tables-fr","9":"product_tag-table-fr-3","10":"product_tag-louise-liljencrantz-fr-fr","11":"product_tag-st-curvy-fr","12":"pa_wood-acajou-classique-avec-finition-satinee-transparente","13":"pa_wood-chene-classique-avec-finition-satinee-transparente","14":"pa_wood-noyer-classique-avec-finition-satinee-transparente","15":"product_designer-veermakers-par-louise-liljencrantz-fr","16":"manufacturer-louise-liljencrantz-finland-atelier-fr","18":"first","19":"instock","20":"taxable","21":"shipping-taxable","22":"purchasable","23":"product-type-variable"},"acf":[],"_links":{"self":[{"href":"https:\/\/theinvisiblecollection.com\/fr\/wp-json\/wp\/v2\/product\/5854788","targetHints":{"allow":["GET"]}}],"collection":[{"href":"https:\/\/theinvisiblecollection.com\/fr\/wp-json\/wp\/v2\/product"}],"about":[{"href":"https:\/\/theinvisiblecollection.com\/fr\/wp-json\/wp\/v2\/types\/product"}],"wp:featuredmedia":[{"embeddable":true,"href":"https:\/\/theinvisiblecollection.com\/fr\/wp-json\/wp\/v2\/media\/5854775"}],"wp:attachment":[{"href":"https:\/\/theinvisiblecollection.com\/fr\/wp-json\/wp\/v2\/media?parent=5854788"}],"wp:term":[{"taxonomy":"product_brand","embeddable":true,"href":"https:\/\/theinvisiblecollection.com\/fr\/wp-json\/wp\/v2\/product_brand?post=5854788"},{"taxonomy":"product_cat","embeddable":true,"href":"https:\/\/theinvisiblecollection.com\/fr\/wp-json\/wp\/v2\/product_cat?post=5854788"},{"taxonomy":"product_tag","embeddable":true,"href":"https:\/\/theinvisiblecollection.com\/fr\/wp-json\/wp\/v2\/product_tag?post=5854788"},{"taxonomy":"product_designer","embeddable":true,"href":"https:\/\/theinvisiblecollection.com\/fr\/wp-json\/wp\/v2\/product_designer?post=5854788"},{"taxonomy":"comfabric","embeddable":true,"href":"https:\/\/theinvisiblecollection.com\/fr\/wp-json\/wp\/v2\/comfabric?post=5854788"},{"taxonomy":"manufacturer","embeddable":true,"href":"https:\/\/theinvisiblecollection.com\/fr\/wp-json\/wp\/v2\/manufacturer?post=5854788"},{"taxonomy":"reporting_designer","embeddable":true,"href":"https:\/\/theinvisiblecollection.com\/fr\/wp-json\/wp\/v2\/reporting_designer?post=5854788"},{"taxonomy":"samplecomfabric","embeddable":true,"href":"https:\/\/theinvisiblecollection.com\/fr\/wp-json\/wp\/v2\/samplecomfabric?post=5854788"},{"taxonomy":"clubroom_product_designer","embeddable":true,"href":"https:\/\/theinvisiblecollection.com\/fr\/wp-json\/wp\/v2\/designer_clubroom?post=5854788"}],"curies":[{"name":"wp","href":"https:\/\/api.w.org\/{rel}","templated":true}]}}