{"id":5855035,"date":"2025-07-30T14:47:19","date_gmt":"2025-07-30T14:47:19","guid":{"rendered":"https:\/\/theinvisiblecollection.com\/?post_type=product&#038;p=5855035"},"modified":"2026-05-08T04:38:32","modified_gmt":"2026-05-08T04:38:32","slug":"laclaux-table-primavera-003-bronze-dore","status":"publish","type":"product","link":"https:\/\/theinvisiblecollection.com\/fr\/produit\/laclaux-table-primavera-003-bronze-dore\/","title":{"rendered":"Table Primavera Bronze Dor\u00e9"},"content":{"rendered":"<p style=\"text-align: justify;\"><span data-contrast=\"auto\">Les tables basses\u00a0Primavera\u00a0<\/span><span data-contrast=\"auto\">ont \u00e9t\u00e9 pens\u00e9es comme un \u00e9l\u00e9ment sculptural au centre de la pi\u00e8ce. L\u2019ensemble dessine les contours d\u2019une primev\u00e8re \u00e9panouie.\u00a0 Elles sont con\u00e7ues pour fonctionner ensemble ou s\u00e9par\u00e9ment et peuvent \u00eatre d\u00e9clin\u00e9es en rotin naturel ou laqu\u00e9es dans la couleur de votre choix.<\/span><span data-ccp-props=\"{&quot;201341983&quot;:1,&quot;335559740&quot;:240}\">\u00a0<\/span><\/p>\n","protected":false},"excerpt":{"rendered":"<p>Table basse en brin de rotin naturel laqu\u00e9<br \/>\nCouleur Prune (RAL 360 30 35)<br \/>\nToutes les couleurs RAL sont disponibles<br \/>\nDimensions et finitions sur-mesure sur demande<\/p>\n<p>L 43 x l 43 x H 40 cm<\/p>\n<p>Fabriqu\u00e9e \u00e0 la main en Espagne<br \/>\nD\u00e9lais de production: 8 semaines<\/p>\n<p><u><a href=\"https:\/\/www.theinvisiblecollection.com\/fr\/demande-de-devis\/?product_id=123504\" target=\"_blank\" rel=\"noopener\">Contactez-nous pour toute demande de devis ou de renseignement<\/a><\/u><\/p>\n","protected":false},"featured_media":5855114,"template":"","meta":{"_acf_changed":false,"content-type":"","_themeisle_gutenberg_block_has_review":false},"product_brand":[],"product_cat":[7509,12332,12503],"product_tag":[11335,14844,31477,35206],"product_designer":[31423],"comfabric":[],"manufacturer":[31425],"reporting_designer":[37262],"samplecomfabric":[],"designer_clubroom":[],"class_list":{"0":"post-5855035","1":"product","2":"type-product","3":"status-publish","4":"has-post-thumbnail","6":"product_cat-tables-basses-dappoint","7":"product_cat-tables-dappoint","8":"product_cat-tables-fr","9":"product_tag-eco-design","10":"product_tag-hpsa-fr","11":"product_tag-st-curvy-fr","12":"product_tag-exclusive-fr","13":"product_designer-laclaux-fr","14":"manufacturer-premier-logistics-art-interiors-pickup-laclaux-fr","15":"reporting_designer-laclaux-fr","17":"first","18":"instock","19":"taxable","20":"shipping-taxable","21":"purchasable","22":"product-type-variable"},"acf":[],"_links":{"self":[{"href":"https:\/\/theinvisiblecollection.com\/fr\/wp-json\/wp\/v2\/product\/5855035","targetHints":{"allow":["GET"]}}],"collection":[{"href":"https:\/\/theinvisiblecollection.com\/fr\/wp-json\/wp\/v2\/product"}],"about":[{"href":"https:\/\/theinvisiblecollection.com\/fr\/wp-json\/wp\/v2\/types\/product"}],"wp:featuredmedia":[{"embeddable":true,"href":"https:\/\/theinvisiblecollection.com\/fr\/wp-json\/wp\/v2\/media\/5855114"}],"wp:attachment":[{"href":"https:\/\/theinvisiblecollection.com\/fr\/wp-json\/wp\/v2\/media?parent=5855035"}],"wp:term":[{"taxonomy":"product_brand","embeddable":true,"href":"https:\/\/theinvisiblecollection.com\/fr\/wp-json\/wp\/v2\/product_brand?post=5855035"},{"taxonomy":"product_cat","embeddable":true,"href":"https:\/\/theinvisiblecollection.com\/fr\/wp-json\/wp\/v2\/product_cat?post=5855035"},{"taxonomy":"product_tag","embeddable":true,"href":"https:\/\/theinvisiblecollection.com\/fr\/wp-json\/wp\/v2\/product_tag?post=5855035"},{"taxonomy":"product_designer","embeddable":true,"href":"https:\/\/theinvisiblecollection.com\/fr\/wp-json\/wp\/v2\/product_designer?post=5855035"},{"taxonomy":"comfabric","embeddable":true,"href":"https:\/\/theinvisiblecollection.com\/fr\/wp-json\/wp\/v2\/comfabric?post=5855035"},{"taxonomy":"manufacturer","embeddable":true,"href":"https:\/\/theinvisiblecollection.com\/fr\/wp-json\/wp\/v2\/manufacturer?post=5855035"},{"taxonomy":"reporting_designer","embeddable":true,"href":"https:\/\/theinvisiblecollection.com\/fr\/wp-json\/wp\/v2\/reporting_designer?post=5855035"},{"taxonomy":"samplecomfabric","embeddable":true,"href":"https:\/\/theinvisiblecollection.com\/fr\/wp-json\/wp\/v2\/samplecomfabric?post=5855035"},{"taxonomy":"clubroom_product_designer","embeddable":true,"href":"https:\/\/theinvisiblecollection.com\/fr\/wp-json\/wp\/v2\/designer_clubroom?post=5855035"}],"curies":[{"name":"wp","href":"https:\/\/api.w.org\/{rel}","templated":true}]}}