{"id":5856320,"date":"2025-08-11T14:46:15","date_gmt":"2025-08-11T14:46:15","guid":{"rendered":"https:\/\/theinvisiblecollection.com\/?post_type=product&#038;p=5856320"},"modified":"2026-05-01T07:37:13","modified_gmt":"2026-05-01T07:37:13","slug":"garce-dimofski-chevet-lison","status":"publish","type":"product","link":"https:\/\/theinvisiblecollection.com\/fr\/produit\/garce-dimofski-chevet-lison\/","title":{"rendered":"Chevet Lison"},"content":{"rendered":"<p>Sublimez votre chambre avec la magnifique table de chevet Lison. Dot\u00e9e d\u2019une silhouette organique et fluide, cette pi\u00e8ce associe le ch\u00eane naturel \u00e0 un plateau sculptural, mariant harmonieusement fonctionnalit\u00e9 et design artistique. Id\u00e9ale pour les int\u00e9rieurs minimalistes et contemporains<\/p>\n","protected":false},"excerpt":{"rendered":"<p>Sublimez votre chambre avec la magnifique table de chevet Lison. Dot\u00e9e d\u2019une silhouette organique et fluide, cette pi\u00e8ce associe le ch\u00eane naturel \u00e0 un plateau sculptural, mariant harmonieusement fonctionnalit\u00e9 et design artistique. Id\u00e9ale pour les int\u00e9rieurs minimalistes et contemporains<\/p>\n","protected":false},"featured_media":5858164,"template":"","meta":{"_acf_changed":false,"content-type":"","_themeisle_gutenberg_block_has_review":false},"product_brand":[],"product_cat":[8957,12501,12503,12514],"product_tag":[8855,8857,9059,9644,31475,31477,35206],"product_designer":[15857],"comfabric":[],"manufacturer":[22038],"reporting_designer":[37464],"samplecomfabric":[],"designer_clubroom":[],"class_list":{"0":"post-5856320","1":"product","2":"type-product","3":"status-publish","4":"has-post-thumbnail","6":"product_cat-commodes","7":"product_cat-chambre-a-coucher","8":"product_cat-tables-fr","9":"product_cat-tables-de-chevet","10":"product_tag-table-fr-3","11":"product_tag-table-de-chevet","12":"product_tag-gueridon-fr-2","13":"product_tag-necessaires","14":"product_tag-st-ceramic-fr","15":"product_tag-st-curvy-fr","16":"product_tag-exclusive-fr","17":"product_designer-garce-dimofski-fr","18":"manufacturer-garc-dimofski-atelier-so-pedro-da-cova-fr","19":"reporting_designer-garce-dimofski-fr","21":"first","22":"instock","23":"taxable","24":"shipping-taxable","25":"purchasable","26":"product-type-variable"},"acf":[],"_links":{"self":[{"href":"https:\/\/theinvisiblecollection.com\/fr\/wp-json\/wp\/v2\/product\/5856320","targetHints":{"allow":["GET"]}}],"collection":[{"href":"https:\/\/theinvisiblecollection.com\/fr\/wp-json\/wp\/v2\/product"}],"about":[{"href":"https:\/\/theinvisiblecollection.com\/fr\/wp-json\/wp\/v2\/types\/product"}],"wp:featuredmedia":[{"embeddable":true,"href":"https:\/\/theinvisiblecollection.com\/fr\/wp-json\/wp\/v2\/media\/5858164"}],"wp:attachment":[{"href":"https:\/\/theinvisiblecollection.com\/fr\/wp-json\/wp\/v2\/media?parent=5856320"}],"wp:term":[{"taxonomy":"product_brand","embeddable":true,"href":"https:\/\/theinvisiblecollection.com\/fr\/wp-json\/wp\/v2\/product_brand?post=5856320"},{"taxonomy":"product_cat","embeddable":true,"href":"https:\/\/theinvisiblecollection.com\/fr\/wp-json\/wp\/v2\/product_cat?post=5856320"},{"taxonomy":"product_tag","embeddable":true,"href":"https:\/\/theinvisiblecollection.com\/fr\/wp-json\/wp\/v2\/product_tag?post=5856320"},{"taxonomy":"product_designer","embeddable":true,"href":"https:\/\/theinvisiblecollection.com\/fr\/wp-json\/wp\/v2\/product_designer?post=5856320"},{"taxonomy":"comfabric","embeddable":true,"href":"https:\/\/theinvisiblecollection.com\/fr\/wp-json\/wp\/v2\/comfabric?post=5856320"},{"taxonomy":"manufacturer","embeddable":true,"href":"https:\/\/theinvisiblecollection.com\/fr\/wp-json\/wp\/v2\/manufacturer?post=5856320"},{"taxonomy":"reporting_designer","embeddable":true,"href":"https:\/\/theinvisiblecollection.com\/fr\/wp-json\/wp\/v2\/reporting_designer?post=5856320"},{"taxonomy":"samplecomfabric","embeddable":true,"href":"https:\/\/theinvisiblecollection.com\/fr\/wp-json\/wp\/v2\/samplecomfabric?post=5856320"},{"taxonomy":"clubroom_product_designer","embeddable":true,"href":"https:\/\/theinvisiblecollection.com\/fr\/wp-json\/wp\/v2\/designer_clubroom?post=5856320"}],"curies":[{"name":"wp","href":"https:\/\/api.w.org\/{rel}","templated":true}]}}