{"id":5856580,"date":"2026-02-02T14:46:28","date_gmt":"2026-02-02T14:46:28","guid":{"rendered":"https:\/\/theinvisiblecollection.com\/?post_type=product&#038;p=5856580"},"modified":"2026-05-08T04:38:32","modified_gmt":"2026-05-08T04:38:32","slug":"garce-dimofski-bureau-ceido","status":"publish","type":"product","link":"https:\/\/theinvisiblecollection.com\/fr\/produit\/garce-dimofski-bureau-ceido\/","title":{"rendered":"Bureau Ceido"},"content":{"rendered":"<p>Le bureau Ceido par Garc\u00e9 Dimofski, est un m\u00e9lange magistral de forme et de fonctionnalit\u00e9. Fabriqu\u00e9 \u00e0 partir d&#8217;un bois riche teint\u00e9 ch\u00e2taigne, son cadre robuste soutient un plateau en c\u00e9ramique \u00e9maill\u00e9e qui ajoute une touche de sophistication moderne.<br \/>\nLe bureau allie harmonieusement des courbes gracieuses \u00e0 des d\u00e9tails minutieux et rigoureux, cr\u00e9ant un \u00e9quilibre harmonieux entre charme classique et design contemporain.<\/p>\n","protected":false},"excerpt":{"rendered":"<p>Le bureau Ceido par Garc\u00e9 Dimofski, est un m\u00e9lange magistral de forme et de fonctionnalit\u00e9. Fabriqu\u00e9 \u00e0 partir d&#8217;un bois riche teint\u00e9 ch\u00e2taigne, son cadre robuste soutient un plateau en c\u00e9ramique \u00e9maill\u00e9e qui ajoute une touche de sophistication moderne. Le bureau allie harmonieusement des courbes gracieuses \u00e0 des d\u00e9tails minutieux et rigoureux, cr\u00e9ant un \u00e9quilibre [&hellip;]<\/p>\n","protected":false},"featured_media":5858174,"template":"","meta":{"_acf_changed":false,"content-type":"","_themeisle_gutenberg_block_has_review":false},"product_brand":[],"product_cat":[7704,12503],"product_tag":[9644,31477,35206],"product_designer":[15857],"comfabric":[],"manufacturer":[22038],"reporting_designer":[37464],"samplecomfabric":[],"designer_clubroom":[],"class_list":{"0":"post-5856580","1":"product","2":"type-product","3":"status-publish","4":"has-post-thumbnail","6":"product_cat-bureaux-fr","7":"product_cat-tables-fr","8":"product_tag-necessaires","9":"product_tag-st-curvy-fr","10":"product_tag-exclusive-fr","11":"product_designer-garce-dimofski-fr","12":"manufacturer-garc-dimofski-atelier-so-pedro-da-cova-fr","13":"reporting_designer-garce-dimofski-fr","15":"first","16":"instock","17":"taxable","18":"shipping-taxable","19":"purchasable","20":"product-type-variable"},"acf":[],"_links":{"self":[{"href":"https:\/\/theinvisiblecollection.com\/fr\/wp-json\/wp\/v2\/product\/5856580","targetHints":{"allow":["GET"]}}],"collection":[{"href":"https:\/\/theinvisiblecollection.com\/fr\/wp-json\/wp\/v2\/product"}],"about":[{"href":"https:\/\/theinvisiblecollection.com\/fr\/wp-json\/wp\/v2\/types\/product"}],"wp:featuredmedia":[{"embeddable":true,"href":"https:\/\/theinvisiblecollection.com\/fr\/wp-json\/wp\/v2\/media\/5858174"}],"wp:attachment":[{"href":"https:\/\/theinvisiblecollection.com\/fr\/wp-json\/wp\/v2\/media?parent=5856580"}],"wp:term":[{"taxonomy":"product_brand","embeddable":true,"href":"https:\/\/theinvisiblecollection.com\/fr\/wp-json\/wp\/v2\/product_brand?post=5856580"},{"taxonomy":"product_cat","embeddable":true,"href":"https:\/\/theinvisiblecollection.com\/fr\/wp-json\/wp\/v2\/product_cat?post=5856580"},{"taxonomy":"product_tag","embeddable":true,"href":"https:\/\/theinvisiblecollection.com\/fr\/wp-json\/wp\/v2\/product_tag?post=5856580"},{"taxonomy":"product_designer","embeddable":true,"href":"https:\/\/theinvisiblecollection.com\/fr\/wp-json\/wp\/v2\/product_designer?post=5856580"},{"taxonomy":"comfabric","embeddable":true,"href":"https:\/\/theinvisiblecollection.com\/fr\/wp-json\/wp\/v2\/comfabric?post=5856580"},{"taxonomy":"manufacturer","embeddable":true,"href":"https:\/\/theinvisiblecollection.com\/fr\/wp-json\/wp\/v2\/manufacturer?post=5856580"},{"taxonomy":"reporting_designer","embeddable":true,"href":"https:\/\/theinvisiblecollection.com\/fr\/wp-json\/wp\/v2\/reporting_designer?post=5856580"},{"taxonomy":"samplecomfabric","embeddable":true,"href":"https:\/\/theinvisiblecollection.com\/fr\/wp-json\/wp\/v2\/samplecomfabric?post=5856580"},{"taxonomy":"clubroom_product_designer","embeddable":true,"href":"https:\/\/theinvisiblecollection.com\/fr\/wp-json\/wp\/v2\/designer_clubroom?post=5856580"}],"curies":[{"name":"wp","href":"https:\/\/api.w.org\/{rel}","templated":true}]}}