{"id":5858732,"date":"2025-08-20T13:31:48","date_gmt":"2025-08-20T13:31:48","guid":{"rendered":"https:\/\/theinvisiblecollection.com\/?post_type=product&#038;p=5858732"},"modified":"2026-05-01T07:37:13","modified_gmt":"2026-05-01T07:37:13","slug":"design-du-xx%e1%b5%89-siecle-set-de-fauteuils-pour-coja-par-arne-norell","status":"publish","type":"product","link":"https:\/\/theinvisiblecollection.com\/fr\/produit\/design-du-xx%e1%b5%89-siecle-set-de-fauteuils-pour-coja-par-arne-norell\/","title":{"rendered":"Set De Fauteuils Pour Coja Par Arne Norell"},"content":{"rendered":"<p><span data-contrast=\"auto\">Le mobilier d\u2019Arne Norell se caract\u00e9rise par un mix ing\u00e9nieux de mat\u00e9riaux tels que le cuir, le bois et le m\u00e9tal, mettant en valeur une esth\u00e9tique brutaliste br\u00e9silienne \u00e0 la fois \u00e9l\u00e9gante et fonctionnelle.<\/span><span data-ccp-props=\"{&quot;134233117&quot;:false,&quot;134233118&quot;:false,&quot;201341983&quot;:0,&quot;335551550&quot;:1,&quot;335551620&quot;:1,&quot;335559685&quot;:0,&quot;335559737&quot;:0,&quot;335559738&quot;:0,&quot;335559739&quot;:0,&quot;335559740&quot;:240}\">\u00a0<\/span><\/p>\n<p>Ces pi\u00e8ces font partie d\u2019une collection de cr\u00e9ations du XX\u1d49 si\u00e8cle, s\u00e9lectionn\u00e9es et restaur\u00e9es avec le plus grand soin par Jouffre.<\/p>\n","protected":false},"excerpt":{"rendered":"<p>Le mobilier d\u2019Arne Norell se caract\u00e9rise par un mix ing\u00e9nieux de mat\u00e9riaux tels que le cuir, le bois et le m\u00e9tal, mettant en valeur une esth\u00e9tique brutaliste br\u00e9silienne \u00e0 la fois \u00e9l\u00e9gante et fonctionnelle.\u00a0 Ces pi\u00e8ces font partie d\u2019une collection de cr\u00e9ations du XX\u1d49 si\u00e8cle, s\u00e9lectionn\u00e9es et restaur\u00e9es avec le plus grand soin par Jouffre.<\/p>\n","protected":false},"featured_media":5858742,"template":"","meta":{"_acf_changed":false,"content-type":"","_themeisle_gutenberg_block_has_review":false},"product_brand":[],"product_cat":[8945,12499],"product_tag":[10396,22790,31477,35206],"product_designer":[35175],"comfabric":[],"manufacturer":[16823],"reporting_designer":[37560],"samplecomfabric":[],"designer_clubroom":[],"class_list":{"0":"post-5858732","1":"product","2":"type-product","3":"status-publish","4":"has-post-thumbnail","6":"product_cat-fauteuils","7":"product_cat-assises","8":"product_tag-vintage-fr-2","9":"product_tag-disponible-immediatement","10":"product_tag-st-curvy-fr","11":"product_tag-exclusive-fr","12":"product_designer-design-du-xx-siecle","13":"manufacturer-atelier-jouffre-nyc-fr","14":"reporting_designer-design-du-xx-e-siecle","15":"exhibitions-new-york-fr","17":"first","18":"instock","19":"taxable","20":"shipping-taxable","21":"purchasable","22":"product-type-simple"},"acf":[],"_links":{"self":[{"href":"https:\/\/theinvisiblecollection.com\/fr\/wp-json\/wp\/v2\/product\/5858732","targetHints":{"allow":["GET"]}}],"collection":[{"href":"https:\/\/theinvisiblecollection.com\/fr\/wp-json\/wp\/v2\/product"}],"about":[{"href":"https:\/\/theinvisiblecollection.com\/fr\/wp-json\/wp\/v2\/types\/product"}],"wp:featuredmedia":[{"embeddable":true,"href":"https:\/\/theinvisiblecollection.com\/fr\/wp-json\/wp\/v2\/media\/5858742"}],"wp:attachment":[{"href":"https:\/\/theinvisiblecollection.com\/fr\/wp-json\/wp\/v2\/media?parent=5858732"}],"wp:term":[{"taxonomy":"product_brand","embeddable":true,"href":"https:\/\/theinvisiblecollection.com\/fr\/wp-json\/wp\/v2\/product_brand?post=5858732"},{"taxonomy":"product_cat","embeddable":true,"href":"https:\/\/theinvisiblecollection.com\/fr\/wp-json\/wp\/v2\/product_cat?post=5858732"},{"taxonomy":"product_tag","embeddable":true,"href":"https:\/\/theinvisiblecollection.com\/fr\/wp-json\/wp\/v2\/product_tag?post=5858732"},{"taxonomy":"product_designer","embeddable":true,"href":"https:\/\/theinvisiblecollection.com\/fr\/wp-json\/wp\/v2\/product_designer?post=5858732"},{"taxonomy":"comfabric","embeddable":true,"href":"https:\/\/theinvisiblecollection.com\/fr\/wp-json\/wp\/v2\/comfabric?post=5858732"},{"taxonomy":"manufacturer","embeddable":true,"href":"https:\/\/theinvisiblecollection.com\/fr\/wp-json\/wp\/v2\/manufacturer?post=5858732"},{"taxonomy":"reporting_designer","embeddable":true,"href":"https:\/\/theinvisiblecollection.com\/fr\/wp-json\/wp\/v2\/reporting_designer?post=5858732"},{"taxonomy":"samplecomfabric","embeddable":true,"href":"https:\/\/theinvisiblecollection.com\/fr\/wp-json\/wp\/v2\/samplecomfabric?post=5858732"},{"taxonomy":"clubroom_product_designer","embeddable":true,"href":"https:\/\/theinvisiblecollection.com\/fr\/wp-json\/wp\/v2\/designer_clubroom?post=5858732"}],"curies":[{"name":"wp","href":"https:\/\/api.w.org\/{rel}","templated":true}]}}