{"id":5858745,"date":"2025-08-20T13:53:41","date_gmt":"2025-08-20T13:53:41","guid":{"rendered":"https:\/\/theinvisiblecollection.com\/?post_type=product&#038;p=5858745"},"modified":"2026-05-01T07:37:13","modified_gmt":"2026-05-01T07:37:13","slug":"design-du-xx%e1%b5%89-siecle-set-de-fauteuils-mushroom-par-pierre-paulin","status":"publish","type":"product","link":"https:\/\/theinvisiblecollection.com\/fr\/produit\/design-du-xx%e1%b5%89-siecle-set-de-fauteuils-mushroom-par-pierre-paulin\/","title":{"rendered":"Set De Fauteuils Mushroom Par Pierre Paulin"},"content":{"rendered":"<p><span class=\"TextRun SCXW225431328 BCX0\" lang=\"FR-FR\" xml:lang=\"FR-FR\" data-contrast=\"auto\"><span class=\"NormalTextRun SCXW225431328 BCX0\">Le fauteuil <\/span><span class=\"FindHit SpellingErrorV2Themed SCXW225431328 BCX0\">Mushr<\/span><span class=\"FindHit SpellingErrorV2Themed SCXW225431328 BCX0\">oom<\/span><span class=\"NormalTextRun SCXW225431328 BCX0\">, embl\u00e9matique du design <\/span><span class=\"NormalTextRun SpellingErrorV2Themed SCXW225431328 BCX0\">Artifort<\/span><span class=\"NormalTextRun SCXW225431328 BCX0\">, est une cr\u00e9ation r\u00e9volutionnaire de <\/span><span class=\"NormalTextRun SCXW225431328 BCX0\">Pierre<\/span> <span class=\"NormalTextRun SCXW225431328 BCX0\">Pau<\/span><span class=\"NormalTextRun SCXW225431328 BCX0\">l<\/span><span class=\"NormalTextRun SCXW225431328 BCX0\">in<\/span><span class=\"NormalTextRun SCXW225431328 BCX0\">.\u00a0 Fabriqu\u00e9 gr\u00e2ce \u00e0 une technique innovante de rev\u00eatement \u00e9lastique en une seule pi\u00e8ce, le <\/span><span class=\"FindHit SpellingErrorV2Themed SCXW225431328 BCX0\">Mushr<\/span><span class=\"FindHit SpellingErrorV2Themed SCXW225431328 BCX0\">oom<\/span><span class=\"NormalTextRun SCXW225431328 BCX0\"> est le premier meuble de ce genre. Son design distinctif a marqu\u00e9 l\u2019\u00e8re du mobilier des ann\u00e9es 60 et continue d\u2019inspirer de nombreuses cr\u00e9ations sculpturales. Il est aujourd\u2019hui mis \u00e0 l\u2019honneur dans la collection permanente du <\/span><span class=\"NormalTextRun SpellingErrorV2Themed SCXW225431328 BCX0\">MoMA<\/span><span class=\"NormalTextRun SCXW225431328 BCX0\">, t\u00e9moignant de son importance dans l\u2019histoire du design<\/span><\/span><span class=\"EOP SCXW225431328 BCX0\" data-ccp-props=\"{&quot;134233117&quot;:false,&quot;134233118&quot;:false,&quot;201341983&quot;:0,&quot;335551550&quot;:1,&quot;335551620&quot;:1,&quot;335559685&quot;:0,&quot;335559737&quot;:0,&quot;335559738&quot;:0,&quot;335559739&quot;:0,&quot;335559740&quot;:240}\">\u00a0<\/span><\/p>\n<p>Ces pi\u00e8ces font partie d\u2019une collection de cr\u00e9ations du XX\u1d49 si\u00e8cle, s\u00e9lectionn\u00e9es et restaur\u00e9es avec le plus grand soin par Jouffre.<\/p>\n","protected":false},"excerpt":{"rendered":"<p>Le fauteuil Mushroom, embl\u00e9matique du design Artifort, est une cr\u00e9ation r\u00e9volutionnaire de Pierre Paulin.\u00a0 Fabriqu\u00e9 gr\u00e2ce \u00e0 une technique innovante de rev\u00eatement \u00e9lastique en une seule pi\u00e8ce, le Mushroom est le premier meuble de ce genre. Son design distinctif a marqu\u00e9 l\u2019\u00e8re du mobilier des ann\u00e9es 60 et continue d\u2019inspirer de nombreuses cr\u00e9ations sculpturales. Il [&hellip;]<\/p>\n","protected":false},"featured_media":5858756,"template":"","meta":{"_acf_changed":false,"content-type":"","_themeisle_gutenberg_block_has_review":false},"product_brand":[],"product_cat":[8945,12499],"product_tag":[10396,22790,31477,35206],"product_designer":[35175],"comfabric":[],"manufacturer":[16823],"reporting_designer":[37560],"samplecomfabric":[],"designer_clubroom":[],"class_list":{"0":"post-5858745","1":"product","2":"type-product","3":"status-publish","4":"has-post-thumbnail","6":"product_cat-fauteuils","7":"product_cat-assises","8":"product_tag-vintage-fr-2","9":"product_tag-disponible-immediatement","10":"product_tag-st-curvy-fr","11":"product_tag-exclusive-fr","12":"product_designer-design-du-xx-siecle","13":"manufacturer-atelier-jouffre-nyc-fr","14":"reporting_designer-design-du-xx-e-siecle","15":"exhibitions-new-york-fr","17":"first","18":"instock","19":"sale","20":"taxable","21":"shipping-taxable","22":"purchasable","23":"product-type-simple"},"acf":[],"_links":{"self":[{"href":"https:\/\/theinvisiblecollection.com\/fr\/wp-json\/wp\/v2\/product\/5858745","targetHints":{"allow":["GET"]}}],"collection":[{"href":"https:\/\/theinvisiblecollection.com\/fr\/wp-json\/wp\/v2\/product"}],"about":[{"href":"https:\/\/theinvisiblecollection.com\/fr\/wp-json\/wp\/v2\/types\/product"}],"wp:featuredmedia":[{"embeddable":true,"href":"https:\/\/theinvisiblecollection.com\/fr\/wp-json\/wp\/v2\/media\/5858756"}],"wp:attachment":[{"href":"https:\/\/theinvisiblecollection.com\/fr\/wp-json\/wp\/v2\/media?parent=5858745"}],"wp:term":[{"taxonomy":"product_brand","embeddable":true,"href":"https:\/\/theinvisiblecollection.com\/fr\/wp-json\/wp\/v2\/product_brand?post=5858745"},{"taxonomy":"product_cat","embeddable":true,"href":"https:\/\/theinvisiblecollection.com\/fr\/wp-json\/wp\/v2\/product_cat?post=5858745"},{"taxonomy":"product_tag","embeddable":true,"href":"https:\/\/theinvisiblecollection.com\/fr\/wp-json\/wp\/v2\/product_tag?post=5858745"},{"taxonomy":"product_designer","embeddable":true,"href":"https:\/\/theinvisiblecollection.com\/fr\/wp-json\/wp\/v2\/product_designer?post=5858745"},{"taxonomy":"comfabric","embeddable":true,"href":"https:\/\/theinvisiblecollection.com\/fr\/wp-json\/wp\/v2\/comfabric?post=5858745"},{"taxonomy":"manufacturer","embeddable":true,"href":"https:\/\/theinvisiblecollection.com\/fr\/wp-json\/wp\/v2\/manufacturer?post=5858745"},{"taxonomy":"reporting_designer","embeddable":true,"href":"https:\/\/theinvisiblecollection.com\/fr\/wp-json\/wp\/v2\/reporting_designer?post=5858745"},{"taxonomy":"samplecomfabric","embeddable":true,"href":"https:\/\/theinvisiblecollection.com\/fr\/wp-json\/wp\/v2\/samplecomfabric?post=5858745"},{"taxonomy":"clubroom_product_designer","embeddable":true,"href":"https:\/\/theinvisiblecollection.com\/fr\/wp-json\/wp\/v2\/designer_clubroom?post=5858745"}],"curies":[{"name":"wp","href":"https:\/\/api.w.org\/{rel}","templated":true}]}}