{"id":5858833,"date":"2025-08-21T12:41:50","date_gmt":"2025-08-21T12:41:50","guid":{"rendered":"https:\/\/theinvisiblecollection.com\/?post_type=product&#038;p=5858833"},"modified":"2026-05-01T07:37:13","modified_gmt":"2026-05-01T07:37:13","slug":"design-du-xx%e1%b5%89-siecle-paire-de-fauteuils-string-par-carlo-hauner","status":"publish","type":"product","link":"https:\/\/theinvisiblecollection.com\/fr\/produit\/design-du-xx%e1%b5%89-siecle-paire-de-fauteuils-string-par-carlo-hauner\/","title":{"rendered":"Paire De Fauteuils String Par Carlo Hauner"},"content":{"rendered":"<p><span class=\"TextRun SCXW64256795 BCX0\" lang=\"FR-FR\" xml:lang=\"FR-FR\" data-contrast=\"auto\"><span class=\"NormalTextRun SCXW64256795 BCX0\">\u0152uvre embl\u00e9matique du design br\u00e9silien, alliant \u00e9l\u00e9gance et fonctionnalit\u00e9 avec une touche d\u2019innovation. Caract\u00e9ris\u00e9 par ses lignes \u00e9pur\u00e9es et sa structure en acier tubulaire, ce fauteuil pr\u00e9sente une assise et un dossier en corde entrelac\u00e9e, offrant \u00e0 la fois confort et l\u00e9g\u00e8ret\u00e9.<\/span><\/span><span class=\"EOP SCXW64256795 BCX0\" data-ccp-props=\"{&quot;134233117&quot;:false,&quot;134233118&quot;:false,&quot;201341983&quot;:0,&quot;335551550&quot;:1,&quot;335551620&quot;:1,&quot;335559685&quot;:0,&quot;335559737&quot;:0,&quot;335559738&quot;:240,&quot;335559739&quot;:240,&quot;335559740&quot;:240}\">\u00a0<\/span><\/p>\n<p>&nbsp;<\/p>\n<p>Cette chaise fait partie d\u2019une collection de cr\u00e9ations du XX\u1d49 si\u00e8cle, s\u00e9lectionn\u00e9es et restaur\u00e9es avec le plus grand soin par Jouffre.<\/p>\n","protected":false},"excerpt":{"rendered":"<p>\u0152uvre embl\u00e9matique du design br\u00e9silien, alliant \u00e9l\u00e9gance et fonctionnalit\u00e9 avec une touche d\u2019innovation. Caract\u00e9ris\u00e9 par ses lignes \u00e9pur\u00e9es et sa structure en acier tubulaire, ce fauteuil pr\u00e9sente une assise et un dossier en corde entrelac\u00e9e, offrant \u00e0 la fois confort et l\u00e9g\u00e8ret\u00e9.\u00a0 &nbsp; Cette chaise fait partie d\u2019une collection de cr\u00e9ations du XX\u1d49 si\u00e8cle, s\u00e9lectionn\u00e9es [&hellip;]<\/p>\n","protected":false},"featured_media":5858841,"template":"","meta":{"_acf_changed":false,"content-type":"","_themeisle_gutenberg_block_has_review":false},"product_brand":[],"product_cat":[8945,12499],"product_tag":[8942,9017,10396,22790,35206],"product_designer":[35175],"comfabric":[],"manufacturer":[16823],"reporting_designer":[37560],"samplecomfabric":[],"designer_clubroom":[],"class_list":{"0":"post-5858833","1":"product","2":"type-product","3":"status-publish","4":"has-post-thumbnail","6":"product_cat-fauteuils","7":"product_cat-assises","8":"product_tag-assise","9":"product_tag-chaise","10":"product_tag-vintage-fr-2","11":"product_tag-disponible-immediatement","12":"product_tag-exclusive-fr","13":"product_designer-design-du-xx-siecle","14":"manufacturer-atelier-jouffre-nyc-fr","15":"reporting_designer-design-du-xx-e-siecle","16":"exhibitions-new-york-fr","18":"first","19":"instock","20":"taxable","21":"shipping-taxable","22":"purchasable","23":"product-type-simple"},"acf":[],"_links":{"self":[{"href":"https:\/\/theinvisiblecollection.com\/fr\/wp-json\/wp\/v2\/product\/5858833","targetHints":{"allow":["GET"]}}],"collection":[{"href":"https:\/\/theinvisiblecollection.com\/fr\/wp-json\/wp\/v2\/product"}],"about":[{"href":"https:\/\/theinvisiblecollection.com\/fr\/wp-json\/wp\/v2\/types\/product"}],"wp:featuredmedia":[{"embeddable":true,"href":"https:\/\/theinvisiblecollection.com\/fr\/wp-json\/wp\/v2\/media\/5858841"}],"wp:attachment":[{"href":"https:\/\/theinvisiblecollection.com\/fr\/wp-json\/wp\/v2\/media?parent=5858833"}],"wp:term":[{"taxonomy":"product_brand","embeddable":true,"href":"https:\/\/theinvisiblecollection.com\/fr\/wp-json\/wp\/v2\/product_brand?post=5858833"},{"taxonomy":"product_cat","embeddable":true,"href":"https:\/\/theinvisiblecollection.com\/fr\/wp-json\/wp\/v2\/product_cat?post=5858833"},{"taxonomy":"product_tag","embeddable":true,"href":"https:\/\/theinvisiblecollection.com\/fr\/wp-json\/wp\/v2\/product_tag?post=5858833"},{"taxonomy":"product_designer","embeddable":true,"href":"https:\/\/theinvisiblecollection.com\/fr\/wp-json\/wp\/v2\/product_designer?post=5858833"},{"taxonomy":"comfabric","embeddable":true,"href":"https:\/\/theinvisiblecollection.com\/fr\/wp-json\/wp\/v2\/comfabric?post=5858833"},{"taxonomy":"manufacturer","embeddable":true,"href":"https:\/\/theinvisiblecollection.com\/fr\/wp-json\/wp\/v2\/manufacturer?post=5858833"},{"taxonomy":"reporting_designer","embeddable":true,"href":"https:\/\/theinvisiblecollection.com\/fr\/wp-json\/wp\/v2\/reporting_designer?post=5858833"},{"taxonomy":"samplecomfabric","embeddable":true,"href":"https:\/\/theinvisiblecollection.com\/fr\/wp-json\/wp\/v2\/samplecomfabric?post=5858833"},{"taxonomy":"clubroom_product_designer","embeddable":true,"href":"https:\/\/theinvisiblecollection.com\/fr\/wp-json\/wp\/v2\/designer_clubroom?post=5858833"}],"curies":[{"name":"wp","href":"https:\/\/api.w.org\/{rel}","templated":true}]}}