{"id":5858843,"date":"2025-08-21T13:05:05","date_gmt":"2025-08-21T13:05:05","guid":{"rendered":"https:\/\/theinvisiblecollection.com\/?post_type=product&#038;p=5858843"},"modified":"2026-05-01T07:37:13","modified_gmt":"2026-05-01T07:37:13","slug":"design-du-xx%e1%b5%89-siecle-paire-de-fauteuils-par-gio-ponti","status":"publish","type":"product","link":"https:\/\/theinvisiblecollection.com\/fr\/produit\/design-du-xx%e1%b5%89-siecle-paire-de-fauteuils-par-gio-ponti\/","title":{"rendered":"Paire De Fauteuils Par Gio Ponti"},"content":{"rendered":"<p>Ces fauteuils font partie d\u2019une collection de cr\u00e9ations du XX\u1d49 si\u00e8cle, s\u00e9lectionn\u00e9es et restaur\u00e9es avec le plus grand soin par Jouffre, qui en assurera \u00e9galement le rev\u00eatement expert dans le tissu choisi par le client.<\/p>\n","protected":false},"excerpt":{"rendered":"<p>Ces fauteuils font partie d\u2019une collection de cr\u00e9ations du XX\u1d49 si\u00e8cle, s\u00e9lectionn\u00e9es et restaur\u00e9es avec le plus grand soin par Jouffre, qui en assurera \u00e9galement le rev\u00eatement expert dans le tissu choisi par le client.<\/p>\n","protected":false},"featured_media":5859414,"template":"","meta":{"_acf_changed":false,"content-type":"","_themeisle_gutenberg_block_has_review":false},"product_brand":[],"product_cat":[8945,12499],"product_tag":[10396,22790,31477,35206],"product_designer":[35175],"comfabric":[],"manufacturer":[16823],"reporting_designer":[37560],"samplecomfabric":[],"designer_clubroom":[],"class_list":{"0":"post-5858843","1":"product","2":"type-product","3":"status-publish","4":"has-post-thumbnail","6":"product_cat-fauteuils","7":"product_cat-assises","8":"product_tag-vintage-fr-2","9":"product_tag-disponible-immediatement","10":"product_tag-st-curvy-fr","11":"product_tag-exclusive-fr","12":"product_designer-design-du-xx-siecle","13":"manufacturer-atelier-jouffre-nyc-fr","14":"reporting_designer-design-du-xx-e-siecle","15":"exhibitions-new-york-fr","17":"first","18":"instock","19":"taxable","20":"shipping-taxable","21":"purchasable","22":"product-type-simple"},"acf":[],"_links":{"self":[{"href":"https:\/\/theinvisiblecollection.com\/fr\/wp-json\/wp\/v2\/product\/5858843","targetHints":{"allow":["GET"]}}],"collection":[{"href":"https:\/\/theinvisiblecollection.com\/fr\/wp-json\/wp\/v2\/product"}],"about":[{"href":"https:\/\/theinvisiblecollection.com\/fr\/wp-json\/wp\/v2\/types\/product"}],"wp:featuredmedia":[{"embeddable":true,"href":"https:\/\/theinvisiblecollection.com\/fr\/wp-json\/wp\/v2\/media\/5859414"}],"wp:attachment":[{"href":"https:\/\/theinvisiblecollection.com\/fr\/wp-json\/wp\/v2\/media?parent=5858843"}],"wp:term":[{"taxonomy":"product_brand","embeddable":true,"href":"https:\/\/theinvisiblecollection.com\/fr\/wp-json\/wp\/v2\/product_brand?post=5858843"},{"taxonomy":"product_cat","embeddable":true,"href":"https:\/\/theinvisiblecollection.com\/fr\/wp-json\/wp\/v2\/product_cat?post=5858843"},{"taxonomy":"product_tag","embeddable":true,"href":"https:\/\/theinvisiblecollection.com\/fr\/wp-json\/wp\/v2\/product_tag?post=5858843"},{"taxonomy":"product_designer","embeddable":true,"href":"https:\/\/theinvisiblecollection.com\/fr\/wp-json\/wp\/v2\/product_designer?post=5858843"},{"taxonomy":"comfabric","embeddable":true,"href":"https:\/\/theinvisiblecollection.com\/fr\/wp-json\/wp\/v2\/comfabric?post=5858843"},{"taxonomy":"manufacturer","embeddable":true,"href":"https:\/\/theinvisiblecollection.com\/fr\/wp-json\/wp\/v2\/manufacturer?post=5858843"},{"taxonomy":"reporting_designer","embeddable":true,"href":"https:\/\/theinvisiblecollection.com\/fr\/wp-json\/wp\/v2\/reporting_designer?post=5858843"},{"taxonomy":"samplecomfabric","embeddable":true,"href":"https:\/\/theinvisiblecollection.com\/fr\/wp-json\/wp\/v2\/samplecomfabric?post=5858843"},{"taxonomy":"clubroom_product_designer","embeddable":true,"href":"https:\/\/theinvisiblecollection.com\/fr\/wp-json\/wp\/v2\/designer_clubroom?post=5858843"}],"curies":[{"name":"wp","href":"https:\/\/api.w.org\/{rel}","templated":true}]}}