{"id":5858866,"date":"2025-08-21T13:40:26","date_gmt":"2025-08-21T13:40:26","guid":{"rendered":"https:\/\/theinvisiblecollection.com\/?post_type=product&#038;p=5858866"},"modified":"2026-05-01T07:37:13","modified_gmt":"2026-05-01T07:37:13","slug":"classiques-intemporels-du-xx%e1%b5%89-paire-de-fauteuils-petit-repos-par-guillerme-chambron","status":"publish","type":"product","link":"https:\/\/theinvisiblecollection.com\/fr\/produit\/classiques-intemporels-du-xx%e1%b5%89-paire-de-fauteuils-petit-repos-par-guillerme-chambron\/","title":{"rendered":"Paire De Fauteuils Petit Repos Par Guillerme &#038; Chambron"},"content":{"rendered":"<p><span class=\"TextRun SCXW122661173 BCX0\" lang=\"FR-FR\" xml:lang=\"FR-FR\" data-contrast=\"auto\"><span class=\"NormalTextRun SCXW122661173 BCX0\">Ce fauteuil lounge <\/span><\/span><span class=\"TextRun SCXW122661173 BCX0\" lang=\"FR-FR\" xml:lang=\"FR-FR\" data-contrast=\"auto\"><span class=\"NormalTextRun SCXW122661173 BCX0\">Petit <\/span><span class=\"FindHit SCXW122661173 BCX0\">Repos<\/span><\/span><span class=\"TextRun SCXW122661173 BCX0\" lang=\"FR-FR\" xml:lang=\"FR-FR\" data-contrast=\"auto\"><span class=\"NormalTextRun SCXW122661173 BCX0\"> de <\/span><span class=\"NormalTextRun SpellingErrorV2Themed SCXW122661173 BCX0\">Guillerme<\/span><span class=\"NormalTextRun SCXW122661173 BCX0\"> et <\/span><span class=\"NormalTextRun SpellingErrorV2Themed SCXW122661173 BCX0\">C<\/span><span class=\"NormalTextRun SpellingErrorV2Themed SCXW122661173 BCX0\">ha<\/span><span class=\"NormalTextRun SpellingErrorV2Themed SCXW122661173 BCX0\">mbron<\/span><span class=\"NormalTextRun SCXW122661173 BCX0\"> pr\u00e9sente un magnifique contraste entre la structure en ch\u00eane clair et l\u2019\u00e9l\u00e9gant tissu clair des coussins. Dot\u00e9 d\u2019une structure s<\/span><span class=\"NormalTextRun SCXW122661173 BCX0\">oli<\/span><span class=\"NormalTextRun SCXW122661173 BCX0\">de en bois, le dossier est soutenu par six barreaux de bois s\u2019\u00e9levant vers le <\/span><span class=\"NormalTextRun SCXW122661173 BCX0\">ha<\/span><span class=\"NormalTextRun SCXW122661173 BCX0\">ut avec une l\u00e9g\u00e8re <\/span><span class=\"NormalTextRun SCXW122661173 BCX0\">ondulation<\/span><span class=\"NormalTextRun SCXW122661173 BCX0\">, formant ainsi un dossier arrondi.<\/span><\/span><span class=\"EOP SCXW122661173 BCX0\" data-ccp-props=\"{&quot;134233117&quot;:false,&quot;134233118&quot;:false,&quot;201341983&quot;:0,&quot;335551550&quot;:1,&quot;335551620&quot;:1,&quot;335559685&quot;:0,&quot;335559737&quot;:0,&quot;335559738&quot;:240,&quot;335559739&quot;:240,&quot;335559740&quot;:240}\">\u00a0<\/span><\/p>\n","protected":false},"excerpt":{"rendered":"<p>Ce fauteuil lounge Petit Repos de Guillerme et Chambron pr\u00e9sente un magnifique contraste entre la structure en ch\u00eane clair et l\u2019\u00e9l\u00e9gant tissu clair des coussins. Dot\u00e9 d\u2019une structure solide en bois, le dossier est soutenu par six barreaux de bois s\u2019\u00e9levant vers le haut avec une l\u00e9g\u00e8re ondulation, formant ainsi un dossier arrondi.\u00a0<\/p>\n","protected":false},"featured_media":5858874,"template":"","meta":{"_acf_changed":false,"content-type":"","_themeisle_gutenberg_block_has_review":false},"product_brand":[],"product_cat":[8945,12499],"product_tag":[8942,10396,22790,35206],"product_designer":[35175],"comfabric":[],"manufacturer":[16823],"reporting_designer":[37560],"samplecomfabric":[],"designer_clubroom":[],"class_list":{"0":"post-5858866","1":"product","2":"type-product","3":"status-publish","4":"has-post-thumbnail","6":"product_cat-fauteuils","7":"product_cat-assises","8":"product_tag-assise","9":"product_tag-vintage-fr-2","10":"product_tag-disponible-immediatement","11":"product_tag-exclusive-fr","12":"product_designer-design-du-xx-siecle","13":"manufacturer-atelier-jouffre-nyc-fr","14":"reporting_designer-design-du-xx-e-siecle","15":"exhibitions-new-york-fr","17":"first","18":"instock","19":"taxable","20":"shipping-taxable","21":"purchasable","22":"product-type-simple"},"acf":[],"_links":{"self":[{"href":"https:\/\/theinvisiblecollection.com\/fr\/wp-json\/wp\/v2\/product\/5858866","targetHints":{"allow":["GET"]}}],"collection":[{"href":"https:\/\/theinvisiblecollection.com\/fr\/wp-json\/wp\/v2\/product"}],"about":[{"href":"https:\/\/theinvisiblecollection.com\/fr\/wp-json\/wp\/v2\/types\/product"}],"wp:featuredmedia":[{"embeddable":true,"href":"https:\/\/theinvisiblecollection.com\/fr\/wp-json\/wp\/v2\/media\/5858874"}],"wp:attachment":[{"href":"https:\/\/theinvisiblecollection.com\/fr\/wp-json\/wp\/v2\/media?parent=5858866"}],"wp:term":[{"taxonomy":"product_brand","embeddable":true,"href":"https:\/\/theinvisiblecollection.com\/fr\/wp-json\/wp\/v2\/product_brand?post=5858866"},{"taxonomy":"product_cat","embeddable":true,"href":"https:\/\/theinvisiblecollection.com\/fr\/wp-json\/wp\/v2\/product_cat?post=5858866"},{"taxonomy":"product_tag","embeddable":true,"href":"https:\/\/theinvisiblecollection.com\/fr\/wp-json\/wp\/v2\/product_tag?post=5858866"},{"taxonomy":"product_designer","embeddable":true,"href":"https:\/\/theinvisiblecollection.com\/fr\/wp-json\/wp\/v2\/product_designer?post=5858866"},{"taxonomy":"comfabric","embeddable":true,"href":"https:\/\/theinvisiblecollection.com\/fr\/wp-json\/wp\/v2\/comfabric?post=5858866"},{"taxonomy":"manufacturer","embeddable":true,"href":"https:\/\/theinvisiblecollection.com\/fr\/wp-json\/wp\/v2\/manufacturer?post=5858866"},{"taxonomy":"reporting_designer","embeddable":true,"href":"https:\/\/theinvisiblecollection.com\/fr\/wp-json\/wp\/v2\/reporting_designer?post=5858866"},{"taxonomy":"samplecomfabric","embeddable":true,"href":"https:\/\/theinvisiblecollection.com\/fr\/wp-json\/wp\/v2\/samplecomfabric?post=5858866"},{"taxonomy":"clubroom_product_designer","embeddable":true,"href":"https:\/\/theinvisiblecollection.com\/fr\/wp-json\/wp\/v2\/designer_clubroom?post=5858866"}],"curies":[{"name":"wp","href":"https:\/\/api.w.org\/{rel}","templated":true}]}}