{"id":5858877,"date":"2025-08-21T13:52:15","date_gmt":"2025-08-21T13:52:15","guid":{"rendered":"https:\/\/theinvisiblecollection.com\/?post_type=product&#038;p=5858877"},"modified":"2026-05-01T07:37:13","modified_gmt":"2026-05-01T07:37:13","slug":"classiques-intemporels-du-xx%e1%b5%89-paire-de-fauteuils-catherine-par-guillerme-chambron","status":"publish","type":"product","link":"https:\/\/theinvisiblecollection.com\/fr\/produit\/classiques-intemporels-du-xx%e1%b5%89-paire-de-fauteuils-catherine-par-guillerme-chambron\/","title":{"rendered":"Paire De Fauteuils Catherine Par Guillerme &#038; Chambron"},"content":{"rendered":"<p><span class=\"TextRun SCXW84573535 BCX0\" lang=\"FR-FR\" xml:lang=\"FR-FR\" data-contrast=\"auto\"><span class=\"NormalTextRun SCXW84573535 BCX0\">Les fauteuils <\/span><\/span><span class=\"TextRun SCXW84573535 BCX0\" lang=\"FR-FR\" xml:lang=\"FR-FR\" data-contrast=\"auto\"><span class=\"FindHit SCXW84573535 BCX0\">Cathe<\/span><span class=\"FindHit SCXW84573535 BCX0\">r<\/span><span class=\"FindHit SCXW84573535 BCX0\">ine<\/span><\/span><span class=\"TextRun SCXW84573535 BCX0\" lang=\"FR-FR\" xml:lang=\"FR-FR\" data-contrast=\"auto\"><span class=\"NormalTextRun SCXW84573535 BCX0\"> de <\/span><span class=\"NormalTextRun SpellingErrorV2Themed SCXW84573535 BCX0\">Guillerme<\/span><span class=\"NormalTextRun SCXW84573535 BCX0\"> &amp; <\/span><span class=\"NormalTextRun SpellingErrorV2Themed SCXW84573535 BCX0\">C<\/span><span class=\"NormalTextRun SpellingErrorV2Themed SCXW84573535 BCX0\">ha<\/span><span class=\"NormalTextRun SpellingErrorV2Themed SCXW84573535 BCX0\">mbron<\/span><span class=\"NormalTextRun SCXW84573535 BCX0\">, cr\u00e9\u00e9s pour \u00ab Votre Maison \u00bb dans les ann\u00e9es 1950, sont embl\u00e9matiques du design fran\u00e7ais. Con\u00e7us par Robert <\/span><span class=\"NormalTextRun SpellingErrorV2Themed SCXW84573535 BCX0\">Guillerme<\/span><span class=\"NormalTextRun SCXW84573535 BCX0\"> et Jacques <\/span><span class=\"NormalTextRun SpellingErrorV2Themed SCXW84573535 BCX0\">C<\/span><span class=\"NormalTextRun SpellingErrorV2Themed SCXW84573535 BCX0\">ha<\/span><span class=\"NormalTextRun SpellingErrorV2Themed SCXW84573535 BCX0\">mbron<\/span><span class=\"NormalTextRun SCXW84573535 BCX0\">, ils se distinguent par leurs lignes \u00e9pur\u00e9es, leur structure en ch\u00eane massif et leur construction ouverte agr\u00e9ment\u00e9e de d\u00e9tails d\u00e9coratifs uniques, tels que les larges barreaux du dossier, alliant robustesse, \u00e9l\u00e9gance et confort.<\/span><\/span><span class=\"EOP SCXW84573535 BCX0\" data-ccp-props=\"{&quot;134233117&quot;:false,&quot;134233118&quot;:false,&quot;201341983&quot;:0,&quot;335551550&quot;:1,&quot;335551620&quot;:1,&quot;335559685&quot;:0,&quot;335559737&quot;:0,&quot;335559738&quot;:240,&quot;335559739&quot;:240,&quot;335559740&quot;:240}\">\u00a0<\/span><\/p>\n<p>Ces fauteuils font partie d\u2019une collection de cr\u00e9ations du XX\u1d49 si\u00e8cle, s\u00e9lectionn\u00e9es et restaur\u00e9es avec le plus grand soin par Jouffre, qui en assurera \u00e9galement le rev\u00eatement expert dans le tissu choisi par le client.<\/p>\n","protected":false},"excerpt":{"rendered":"<p>Les fauteuils Catherine de Guillerme &amp; Chambron, cr\u00e9\u00e9s pour \u00ab Votre Maison \u00bb dans les ann\u00e9es 1950, sont embl\u00e9matiques du design fran\u00e7ais. Con\u00e7us par Robert Guillerme et Jacques Chambron, ils se distinguent par leurs lignes \u00e9pur\u00e9es, leur structure en ch\u00eane massif et leur construction ouverte agr\u00e9ment\u00e9e de d\u00e9tails d\u00e9coratifs uniques, tels que les larges barreaux [&hellip;]<\/p>\n","protected":false},"featured_media":5858888,"template":"","meta":{"_acf_changed":false,"content-type":"","_themeisle_gutenberg_block_has_review":false},"product_brand":[],"product_cat":[8945,12499],"product_tag":[35206,10396,22790],"product_designer":[35175],"comfabric":[],"manufacturer":[16823],"reporting_designer":[37560],"samplecomfabric":[],"designer_clubroom":[],"class_list":{"0":"post-5858877","1":"product","2":"type-product","3":"status-publish","4":"has-post-thumbnail","6":"product_cat-fauteuils","7":"product_cat-assises","8":"product_tag-exclusive-fr","9":"product_tag-vintage-fr-2","10":"product_tag-disponible-immediatement","11":"product_designer-design-du-xx-siecle","12":"manufacturer-atelier-jouffre-nyc-fr","13":"reporting_designer-design-du-xx-e-siecle","14":"exhibitions-new-york-fr","16":"first","17":"instock","18":"taxable","19":"shipping-taxable","20":"purchasable","21":"product-type-simple"},"acf":[],"_links":{"self":[{"href":"https:\/\/theinvisiblecollection.com\/fr\/wp-json\/wp\/v2\/product\/5858877","targetHints":{"allow":["GET"]}}],"collection":[{"href":"https:\/\/theinvisiblecollection.com\/fr\/wp-json\/wp\/v2\/product"}],"about":[{"href":"https:\/\/theinvisiblecollection.com\/fr\/wp-json\/wp\/v2\/types\/product"}],"wp:featuredmedia":[{"embeddable":true,"href":"https:\/\/theinvisiblecollection.com\/fr\/wp-json\/wp\/v2\/media\/5858888"}],"wp:attachment":[{"href":"https:\/\/theinvisiblecollection.com\/fr\/wp-json\/wp\/v2\/media?parent=5858877"}],"wp:term":[{"taxonomy":"product_brand","embeddable":true,"href":"https:\/\/theinvisiblecollection.com\/fr\/wp-json\/wp\/v2\/product_brand?post=5858877"},{"taxonomy":"product_cat","embeddable":true,"href":"https:\/\/theinvisiblecollection.com\/fr\/wp-json\/wp\/v2\/product_cat?post=5858877"},{"taxonomy":"product_tag","embeddable":true,"href":"https:\/\/theinvisiblecollection.com\/fr\/wp-json\/wp\/v2\/product_tag?post=5858877"},{"taxonomy":"product_designer","embeddable":true,"href":"https:\/\/theinvisiblecollection.com\/fr\/wp-json\/wp\/v2\/product_designer?post=5858877"},{"taxonomy":"comfabric","embeddable":true,"href":"https:\/\/theinvisiblecollection.com\/fr\/wp-json\/wp\/v2\/comfabric?post=5858877"},{"taxonomy":"manufacturer","embeddable":true,"href":"https:\/\/theinvisiblecollection.com\/fr\/wp-json\/wp\/v2\/manufacturer?post=5858877"},{"taxonomy":"reporting_designer","embeddable":true,"href":"https:\/\/theinvisiblecollection.com\/fr\/wp-json\/wp\/v2\/reporting_designer?post=5858877"},{"taxonomy":"samplecomfabric","embeddable":true,"href":"https:\/\/theinvisiblecollection.com\/fr\/wp-json\/wp\/v2\/samplecomfabric?post=5858877"},{"taxonomy":"clubroom_product_designer","embeddable":true,"href":"https:\/\/theinvisiblecollection.com\/fr\/wp-json\/wp\/v2\/designer_clubroom?post=5858877"}],"curies":[{"name":"wp","href":"https:\/\/api.w.org\/{rel}","templated":true}]}}