{"id":5858890,"date":"2025-08-21T14:16:16","date_gmt":"2025-08-21T14:16:16","guid":{"rendered":"https:\/\/theinvisiblecollection.com\/?post_type=product&#038;p=5858890"},"modified":"2026-05-08T04:38:29","modified_gmt":"2026-05-08T04:38:29","slug":"design-du-xx%e1%b5%89-siecle-paire-de-fauteuils-h269-par-jindrich-halabala","status":"publish","type":"product","link":"https:\/\/theinvisiblecollection.com\/fr\/produit\/design-du-xx%e1%b5%89-siecle-paire-de-fauteuils-h269-par-jindrich-halabala\/","title":{"rendered":"Paire De Fauteuils H269 Par Jindrich Halabala"},"content":{"rendered":"<p><span class=\"TextRun SCXW181269416 BCX0\" lang=\"FR-FR\" xml:lang=\"FR-FR\" data-contrast=\"auto\"><span class=\"NormalTextRun SCXW181269416 BCX0\">Con\u00e7us dans les ann\u00e9es 1930, les fauteuils H269 incarnent l\u2019avant-garde du modernisme tch\u00e8que. Inspir\u00e9 par les mouvements artistiques de l\u2019\u00e9poque et port\u00e9 par sa vision novatrice, <\/span><span class=\"FindHit SpellingErrorV2Themed SCXW181269416 BCX0\">Ha<\/span><span class=\"FindHit SpellingErrorV2Themed SCXW181269416 BCX0\">la<\/span><span class=\"NormalTextRun SpellingErrorV2Themed SCXW181269416 BCX0\">bala<\/span><span class=\"NormalTextRun SCXW181269416 BCX0\"> a cr\u00e9\u00e9 ces fauteuils aux formes organiques et aux lignes fluides, d\u00e9fiant les conventions traditionnelles du mobilier de l\u2019\u00e9poque. Leurs lignes audacieuses et remarquable fonctionnalit\u00e9 ont rapidement conquis le c\u0153ur des passionn\u00e9s de design \u00e0 travers le monde.<\/span><\/span><span class=\"EOP SCXW181269416 BCX0\" data-ccp-props=\"{}\">\u00a0<\/span><\/p>\n<p>Ces pi\u00e8ces font partie d\u2019une collection de cr\u00e9ations du XX\u1d49 si\u00e8cle, s\u00e9lectionn\u00e9es et restaur\u00e9es avec le plus grand soin par Jouffre, qui en assurera \u00e9galement le rev\u00eatement expert dans le tissu choisi par le client.<\/p>\n","protected":false},"excerpt":{"rendered":"<p>Con\u00e7us dans les ann\u00e9es 1930, les fauteuils H269 incarnent l\u2019avant-garde du modernisme tch\u00e8que. Inspir\u00e9 par les mouvements artistiques de l\u2019\u00e9poque et port\u00e9 par sa vision novatrice, Halabala a cr\u00e9\u00e9 ces fauteuils aux formes organiques et aux lignes fluides, d\u00e9fiant les conventions traditionnelles du mobilier de l\u2019\u00e9poque. Leurs lignes audacieuses et remarquable fonctionnalit\u00e9 ont rapidement conquis [&hellip;]<\/p>\n","protected":false},"featured_media":5858898,"template":"","meta":{"_acf_changed":false,"content-type":"","_themeisle_gutenberg_block_has_review":false},"product_brand":[],"product_cat":[12499,8945],"product_tag":[22790,31477,35206,10396],"product_designer":[35175],"comfabric":[],"manufacturer":[16823],"reporting_designer":[37560],"samplecomfabric":[],"designer_clubroom":[],"class_list":{"0":"post-5858890","1":"product","2":"type-product","3":"status-publish","4":"has-post-thumbnail","6":"product_cat-assises","7":"product_cat-fauteuils","8":"product_tag-disponible-immediatement","9":"product_tag-st-curvy-fr","10":"product_tag-exclusive-fr","11":"product_tag-vintage-fr-2","12":"product_designer-design-du-xx-siecle","13":"manufacturer-atelier-jouffre-nyc-fr","14":"reporting_designer-design-du-xx-e-siecle","15":"exhibitions-new-york-fr","17":"first","18":"instock","19":"taxable","20":"shipping-taxable","21":"purchasable","22":"product-type-simple"},"acf":[],"_links":{"self":[{"href":"https:\/\/theinvisiblecollection.com\/fr\/wp-json\/wp\/v2\/product\/5858890","targetHints":{"allow":["GET"]}}],"collection":[{"href":"https:\/\/theinvisiblecollection.com\/fr\/wp-json\/wp\/v2\/product"}],"about":[{"href":"https:\/\/theinvisiblecollection.com\/fr\/wp-json\/wp\/v2\/types\/product"}],"wp:featuredmedia":[{"embeddable":true,"href":"https:\/\/theinvisiblecollection.com\/fr\/wp-json\/wp\/v2\/media\/5858898"}],"wp:attachment":[{"href":"https:\/\/theinvisiblecollection.com\/fr\/wp-json\/wp\/v2\/media?parent=5858890"}],"wp:term":[{"taxonomy":"product_brand","embeddable":true,"href":"https:\/\/theinvisiblecollection.com\/fr\/wp-json\/wp\/v2\/product_brand?post=5858890"},{"taxonomy":"product_cat","embeddable":true,"href":"https:\/\/theinvisiblecollection.com\/fr\/wp-json\/wp\/v2\/product_cat?post=5858890"},{"taxonomy":"product_tag","embeddable":true,"href":"https:\/\/theinvisiblecollection.com\/fr\/wp-json\/wp\/v2\/product_tag?post=5858890"},{"taxonomy":"product_designer","embeddable":true,"href":"https:\/\/theinvisiblecollection.com\/fr\/wp-json\/wp\/v2\/product_designer?post=5858890"},{"taxonomy":"comfabric","embeddable":true,"href":"https:\/\/theinvisiblecollection.com\/fr\/wp-json\/wp\/v2\/comfabric?post=5858890"},{"taxonomy":"manufacturer","embeddable":true,"href":"https:\/\/theinvisiblecollection.com\/fr\/wp-json\/wp\/v2\/manufacturer?post=5858890"},{"taxonomy":"reporting_designer","embeddable":true,"href":"https:\/\/theinvisiblecollection.com\/fr\/wp-json\/wp\/v2\/reporting_designer?post=5858890"},{"taxonomy":"samplecomfabric","embeddable":true,"href":"https:\/\/theinvisiblecollection.com\/fr\/wp-json\/wp\/v2\/samplecomfabric?post=5858890"},{"taxonomy":"clubroom_product_designer","embeddable":true,"href":"https:\/\/theinvisiblecollection.com\/fr\/wp-json\/wp\/v2\/designer_clubroom?post=5858890"}],"curies":[{"name":"wp","href":"https:\/\/api.w.org\/{rel}","templated":true}]}}