{"id":5858910,"date":"2025-08-21T14:40:28","date_gmt":"2025-08-21T14:40:28","guid":{"rendered":"https:\/\/theinvisiblecollection.com\/?post_type=product&#038;p=5858910"},"modified":"2026-05-01T07:37:13","modified_gmt":"2026-05-01T07:37:13","slug":"design-du-xx%e1%b5%89-siecle-paire-de-fauteuils-cubique-par-olivier-mourgue","status":"publish","type":"product","link":"https:\/\/theinvisiblecollection.com\/fr\/produit\/design-du-xx%e1%b5%89-siecle-paire-de-fauteuils-cubique-par-olivier-mourgue\/","title":{"rendered":"Paire De Fauteuils Cubique Par Olivier Mourgue"},"content":{"rendered":"<p><span class=\"TextRun SCXW102920500 BCX0\" lang=\"FR-FR\" xml:lang=\"FR-FR\" data-contrast=\"auto\"><span class=\"NormalTextRun SCXW102920500 BCX0\">Le fauteuil \u201cCubique\u201d d\u2019<\/span><span class=\"FindHit SCXW102920500 BCX0\">Oli<\/span><span class=\"FindHit SCXW102920500 BCX0\">vier<\/span> <span class=\"NormalTextRun SpellingErrorV2Themed SCXW102920500 BCX0\">Mourgue<\/span><span class=\"NormalTextRun SCXW102920500 BCX0\"> est une pi\u00e8ce rare datant de 1968. Avec sa s<\/span><span class=\"NormalTextRun SCXW102920500 BCX0\">oli<\/span><span class=\"NormalTextRun SCXW102920500 BCX0\">de structure en acier tubulaire chrom\u00e9, ce mod\u00e8le singulier associe avec \u00e9l\u00e9gance confort et style. Ses lignes ludiques et sa forme organique garantissent une assise confortable, id\u00e9ale pour la d\u00e9tente.<\/span><\/span><span class=\"EOP SCXW102920500 BCX0\" data-ccp-props=\"{}\">\u00a0<\/span><\/p>\n<p>Ces pi\u00e8ces font partie d\u2019une collection de cr\u00e9ations du XX\u1d49 si\u00e8cle, s\u00e9lectionn\u00e9es et restaur\u00e9es avec le plus grand soin par Jouffre, qui en assurera \u00e9galement le rev\u00eatement expert dans le tissu choisi par le client.<\/p>\n","protected":false},"excerpt":{"rendered":"<p>Le fauteuil \u201cCubique\u201d d\u2019Olivier Mourgue est une pi\u00e8ce rare datant de 1968. Avec sa solide structure en acier tubulaire chrom\u00e9, ce mod\u00e8le singulier associe avec \u00e9l\u00e9gance confort et style. Ses lignes ludiques et sa forme organique garantissent une assise confortable, id\u00e9ale pour la d\u00e9tente.\u00a0 Ces pi\u00e8ces font partie d\u2019une collection de cr\u00e9ations du XX\u1d49 si\u00e8cle, [&hellip;]<\/p>\n","protected":false},"featured_media":5859085,"template":"","meta":{"_acf_changed":false,"content-type":"","_themeisle_gutenberg_block_has_review":false},"product_brand":[],"product_cat":[12499,8945],"product_tag":[9150,10396,22790,8942],"product_designer":[35175],"comfabric":[],"manufacturer":[16823],"reporting_designer":[37560],"samplecomfabric":[],"designer_clubroom":[],"class_list":{"0":"post-5858910","1":"product","2":"type-product","3":"status-publish","4":"has-post-thumbnail","6":"product_cat-assises","7":"product_cat-fauteuils","8":"product_tag-fauteuil-fr-2","9":"product_tag-vintage-fr-2","10":"product_tag-disponible-immediatement","11":"product_tag-assise","12":"product_designer-design-du-xx-siecle","13":"manufacturer-atelier-jouffre-nyc-fr","14":"reporting_designer-design-du-xx-e-siecle","15":"exhibitions-new-york-fr","17":"first","18":"instock","19":"taxable","20":"shipping-taxable","21":"purchasable","22":"product-type-simple"},"acf":[],"_links":{"self":[{"href":"https:\/\/theinvisiblecollection.com\/fr\/wp-json\/wp\/v2\/product\/5858910","targetHints":{"allow":["GET"]}}],"collection":[{"href":"https:\/\/theinvisiblecollection.com\/fr\/wp-json\/wp\/v2\/product"}],"about":[{"href":"https:\/\/theinvisiblecollection.com\/fr\/wp-json\/wp\/v2\/types\/product"}],"wp:featuredmedia":[{"embeddable":true,"href":"https:\/\/theinvisiblecollection.com\/fr\/wp-json\/wp\/v2\/media\/5859085"}],"wp:attachment":[{"href":"https:\/\/theinvisiblecollection.com\/fr\/wp-json\/wp\/v2\/media?parent=5858910"}],"wp:term":[{"taxonomy":"product_brand","embeddable":true,"href":"https:\/\/theinvisiblecollection.com\/fr\/wp-json\/wp\/v2\/product_brand?post=5858910"},{"taxonomy":"product_cat","embeddable":true,"href":"https:\/\/theinvisiblecollection.com\/fr\/wp-json\/wp\/v2\/product_cat?post=5858910"},{"taxonomy":"product_tag","embeddable":true,"href":"https:\/\/theinvisiblecollection.com\/fr\/wp-json\/wp\/v2\/product_tag?post=5858910"},{"taxonomy":"product_designer","embeddable":true,"href":"https:\/\/theinvisiblecollection.com\/fr\/wp-json\/wp\/v2\/product_designer?post=5858910"},{"taxonomy":"comfabric","embeddable":true,"href":"https:\/\/theinvisiblecollection.com\/fr\/wp-json\/wp\/v2\/comfabric?post=5858910"},{"taxonomy":"manufacturer","embeddable":true,"href":"https:\/\/theinvisiblecollection.com\/fr\/wp-json\/wp\/v2\/manufacturer?post=5858910"},{"taxonomy":"reporting_designer","embeddable":true,"href":"https:\/\/theinvisiblecollection.com\/fr\/wp-json\/wp\/v2\/reporting_designer?post=5858910"},{"taxonomy":"samplecomfabric","embeddable":true,"href":"https:\/\/theinvisiblecollection.com\/fr\/wp-json\/wp\/v2\/samplecomfabric?post=5858910"},{"taxonomy":"clubroom_product_designer","embeddable":true,"href":"https:\/\/theinvisiblecollection.com\/fr\/wp-json\/wp\/v2\/designer_clubroom?post=5858910"}],"curies":[{"name":"wp","href":"https:\/\/api.w.org\/{rel}","templated":true}]}}