{"id":5858922,"date":"2025-08-21T15:00:08","date_gmt":"2025-08-21T15:00:08","guid":{"rendered":"https:\/\/theinvisiblecollection.com\/?post_type=product&#038;p=5858922"},"modified":"2026-05-01T07:37:13","modified_gmt":"2026-05-01T07:37:13","slug":"design-du-xx%e1%b5%89-siecle-paire-de-fauteuils-easy-par-otto-schulz","status":"publish","type":"product","link":"https:\/\/theinvisiblecollection.com\/fr\/produit\/design-du-xx%e1%b5%89-siecle-paire-de-fauteuils-easy-par-otto-schulz\/","title":{"rendered":"Paire De Fauteuils Easy Par Otto Schulz"},"content":{"rendered":"<p><span class=\"TextRun SCXW204959410 BCX0\" lang=\"FR-FR\" xml:lang=\"FR-FR\" data-contrast=\"auto\"><span class=\"NormalTextRun SCXW204959410 BCX0\">Le fauteuil <\/span><\/span><span class=\"TextRun SCXW204959410 BCX0\" lang=\"FR-FR\" xml:lang=\"FR-FR\" data-contrast=\"auto\"><span class=\"NormalTextRun SCXW204959410 BCX0\">Easy<\/span> <\/span><span class=\"TextRun SCXW204959410 BCX0\" lang=\"FR-FR\" xml:lang=\"FR-FR\" data-contrast=\"auto\"><span class=\"NormalTextRun SCXW204959410 BCX0\">, con\u00e7u par <\/span><span class=\"FindHit SCXW204959410 BCX0\">Otto<\/span><span class=\"NormalTextRun SCXW204959410 BCX0\"> Schulz en 1936, est c\u00e9l\u00e8bre pour son design luxueux et voluptueux. Il se distingue par une assise g\u00e9n\u00e9reuse et un large dossier incurv\u00e9. Extr\u00eamement populaire en Su\u00e8de dans les ann\u00e9es 1940, cette pi\u00e8ce iconique fut produite \u00e0 l\u2019origine par <\/span><span class=\"NormalTextRun SCXW204959410 BCX0\">Boet<\/span><span class=\"NormalTextRun SCXW204959410 BCX0\"> avant d\u2019\u00eatre reprise en 1941 par le fabricant de meubles su\u00e9dois <\/span><span class=\"NormalTextRun SCXW204959410 BCX0\">Jio<\/span> <span class=\"NormalTextRun SCXW204959410 BCX0\">M\u00f6bler<\/span><span class=\"NormalTextRun SCXW204959410 BCX0\">.<\/span><\/span><span class=\"EOP SCXW204959410 BCX0\" data-ccp-props=\"{}\">\u00a0<\/span><\/p>\n<p>Ces pi\u00e8ces font partie d\u2019une collection de cr\u00e9ations du XX\u1d49 si\u00e8cle, s\u00e9lectionn\u00e9es et restaur\u00e9es avec le plus grand soin par Jouffre, qui en assurera \u00e9galement le rev\u00eatement expert dans le tissu choisi par le client.<\/p>\n","protected":false},"excerpt":{"rendered":"<p>Le fauteuil Easy , con\u00e7u par Otto Schulz en 1936, est c\u00e9l\u00e8bre pour son design luxueux et voluptueux. Il se distingue par une assise g\u00e9n\u00e9reuse et un large dossier incurv\u00e9. Extr\u00eamement populaire en Su\u00e8de dans les ann\u00e9es 1940, cette pi\u00e8ce iconique fut produite \u00e0 l\u2019origine par Boet avant d\u2019\u00eatre reprise en 1941 par le fabricant [&hellip;]<\/p>\n","protected":false},"featured_media":5858936,"template":"","meta":{"_acf_changed":false,"content-type":"","_themeisle_gutenberg_block_has_review":false},"product_brand":[],"product_cat":[8945,12499],"product_tag":[8942,10136,10396,22790,31477,35206],"product_designer":[35175],"comfabric":[],"manufacturer":[16823],"reporting_designer":[37560],"samplecomfabric":[],"designer_clubroom":[],"class_list":{"0":"post-5858922","1":"product","2":"type-product","3":"status-publish","4":"has-post-thumbnail","6":"product_cat-fauteuils","7":"product_cat-assises","8":"product_tag-assise","9":"product_tag-chaise-lounge","10":"product_tag-vintage-fr-2","11":"product_tag-disponible-immediatement","12":"product_tag-st-curvy-fr","13":"product_tag-exclusive-fr","14":"product_designer-design-du-xx-siecle","15":"manufacturer-atelier-jouffre-nyc-fr","16":"reporting_designer-design-du-xx-e-siecle","17":"exhibitions-new-york-fr","19":"first","20":"instock","21":"taxable","22":"shipping-taxable","23":"purchasable","24":"product-type-simple"},"acf":[],"_links":{"self":[{"href":"https:\/\/theinvisiblecollection.com\/fr\/wp-json\/wp\/v2\/product\/5858922","targetHints":{"allow":["GET"]}}],"collection":[{"href":"https:\/\/theinvisiblecollection.com\/fr\/wp-json\/wp\/v2\/product"}],"about":[{"href":"https:\/\/theinvisiblecollection.com\/fr\/wp-json\/wp\/v2\/types\/product"}],"wp:featuredmedia":[{"embeddable":true,"href":"https:\/\/theinvisiblecollection.com\/fr\/wp-json\/wp\/v2\/media\/5858936"}],"wp:attachment":[{"href":"https:\/\/theinvisiblecollection.com\/fr\/wp-json\/wp\/v2\/media?parent=5858922"}],"wp:term":[{"taxonomy":"product_brand","embeddable":true,"href":"https:\/\/theinvisiblecollection.com\/fr\/wp-json\/wp\/v2\/product_brand?post=5858922"},{"taxonomy":"product_cat","embeddable":true,"href":"https:\/\/theinvisiblecollection.com\/fr\/wp-json\/wp\/v2\/product_cat?post=5858922"},{"taxonomy":"product_tag","embeddable":true,"href":"https:\/\/theinvisiblecollection.com\/fr\/wp-json\/wp\/v2\/product_tag?post=5858922"},{"taxonomy":"product_designer","embeddable":true,"href":"https:\/\/theinvisiblecollection.com\/fr\/wp-json\/wp\/v2\/product_designer?post=5858922"},{"taxonomy":"comfabric","embeddable":true,"href":"https:\/\/theinvisiblecollection.com\/fr\/wp-json\/wp\/v2\/comfabric?post=5858922"},{"taxonomy":"manufacturer","embeddable":true,"href":"https:\/\/theinvisiblecollection.com\/fr\/wp-json\/wp\/v2\/manufacturer?post=5858922"},{"taxonomy":"reporting_designer","embeddable":true,"href":"https:\/\/theinvisiblecollection.com\/fr\/wp-json\/wp\/v2\/reporting_designer?post=5858922"},{"taxonomy":"samplecomfabric","embeddable":true,"href":"https:\/\/theinvisiblecollection.com\/fr\/wp-json\/wp\/v2\/samplecomfabric?post=5858922"},{"taxonomy":"clubroom_product_designer","embeddable":true,"href":"https:\/\/theinvisiblecollection.com\/fr\/wp-json\/wp\/v2\/designer_clubroom?post=5858922"}],"curies":[{"name":"wp","href":"https:\/\/api.w.org\/{rel}","templated":true}]}}