{"id":5858954,"date":"2025-08-21T15:30:29","date_gmt":"2025-08-21T15:30:29","guid":{"rendered":"https:\/\/theinvisiblecollection.com\/?post_type=product&#038;p=5858954"},"modified":"2026-05-01T07:37:13","modified_gmt":"2026-05-01T07:37:13","slug":"design-du-xx%e1%b5%89-siecle-chaise-f572-par-pierre-paulin","status":"publish","type":"product","link":"https:\/\/theinvisiblecollection.com\/fr\/produit\/design-du-xx%e1%b5%89-siecle-chaise-f572-par-pierre-paulin\/","title":{"rendered":"Chaise F572 Par Pierre Paulin"},"content":{"rendered":"<p><span class=\"NormalTextRun SCXW228759013 BCX0\">Le designer fran\u00e7ais <\/span><span class=\"NormalTextRun SCXW228759013 BCX0\">Pierre<\/span> <span class=\"FindHit SCXW228759013 BCX0\">Pau<\/span><span class=\"FindHit SCXW228759013 BCX0\">l<\/span><span class=\"FindHit SCXW228759013 BCX0\">in<\/span><span class=\"NormalTextRun SCXW228759013 BCX0\"> a cr\u00e9\u00e9 une pi\u00e8ce remarquable avec le mod\u00e8le F572 pour <\/span><span class=\"NormalTextRun SpellingErrorV2Themed SCXW228759013 BCX0\">Artifort<\/span><span class=\"NormalTextRun SCXW228759013 BCX0\"> en 1967. Cette cr\u00e9ation rare et exceptionnelle se distingue par son confort in\u00e9gal\u00e9<\/span><span class=\"NormalTextRun SCXW228759013 BCX0\">. Sa production n\u2019a dur\u00e9 que <\/span><span class=\"NormalTextRun SCXW228759013 BCX0\">quelques ann\u00e9es.<\/span><\/p>\n<p>Cette chaise fait partie d\u2019une collection de cr\u00e9ations du XX\u1d49 si\u00e8cle, s\u00e9lectionn\u00e9es et restaur\u00e9es avec le plus grand soin par Jouffre, qui en assurera \u00e9galement le rev\u00eatement expert dans le tissu choisi par le client.<\/p>\n","protected":false},"excerpt":{"rendered":"<p>Le designer fran\u00e7ais Pierre Paulin a cr\u00e9\u00e9 une pi\u00e8ce remarquable avec le mod\u00e8le F572 pour Artifort en 1967. Cette cr\u00e9ation rare et exceptionnelle se distingue par son confort in\u00e9gal\u00e9. Sa production n\u2019a dur\u00e9 que quelques ann\u00e9es. Cette chaise fait partie d\u2019une collection de cr\u00e9ations du XX\u1d49 si\u00e8cle, s\u00e9lectionn\u00e9es et restaur\u00e9es avec le plus grand soin [&hellip;]<\/p>\n","protected":false},"featured_media":5858964,"template":"","meta":{"_acf_changed":false,"content-type":"","_themeisle_gutenberg_block_has_review":false},"product_brand":[],"product_cat":[8962,12499],"product_tag":[8942,9017,10396,22790,31477,35206],"product_designer":[35175],"comfabric":[],"manufacturer":[16823],"reporting_designer":[37560],"samplecomfabric":[],"designer_clubroom":[],"class_list":{"0":"post-5858954","1":"product","2":"type-product","3":"status-publish","4":"has-post-thumbnail","6":"product_cat-chaises","7":"product_cat-assises","8":"product_tag-assise","9":"product_tag-chaise","10":"product_tag-vintage-fr-2","11":"product_tag-disponible-immediatement","12":"product_tag-st-curvy-fr","13":"product_tag-exclusive-fr","14":"product_designer-design-du-xx-siecle","15":"manufacturer-atelier-jouffre-nyc-fr","16":"reporting_designer-design-du-xx-e-siecle","17":"exhibitions-new-york-fr","19":"first","20":"instock","21":"taxable","22":"shipping-taxable","23":"purchasable","24":"product-type-simple"},"acf":[],"_links":{"self":[{"href":"https:\/\/theinvisiblecollection.com\/fr\/wp-json\/wp\/v2\/product\/5858954","targetHints":{"allow":["GET"]}}],"collection":[{"href":"https:\/\/theinvisiblecollection.com\/fr\/wp-json\/wp\/v2\/product"}],"about":[{"href":"https:\/\/theinvisiblecollection.com\/fr\/wp-json\/wp\/v2\/types\/product"}],"wp:featuredmedia":[{"embeddable":true,"href":"https:\/\/theinvisiblecollection.com\/fr\/wp-json\/wp\/v2\/media\/5858964"}],"wp:attachment":[{"href":"https:\/\/theinvisiblecollection.com\/fr\/wp-json\/wp\/v2\/media?parent=5858954"}],"wp:term":[{"taxonomy":"product_brand","embeddable":true,"href":"https:\/\/theinvisiblecollection.com\/fr\/wp-json\/wp\/v2\/product_brand?post=5858954"},{"taxonomy":"product_cat","embeddable":true,"href":"https:\/\/theinvisiblecollection.com\/fr\/wp-json\/wp\/v2\/product_cat?post=5858954"},{"taxonomy":"product_tag","embeddable":true,"href":"https:\/\/theinvisiblecollection.com\/fr\/wp-json\/wp\/v2\/product_tag?post=5858954"},{"taxonomy":"product_designer","embeddable":true,"href":"https:\/\/theinvisiblecollection.com\/fr\/wp-json\/wp\/v2\/product_designer?post=5858954"},{"taxonomy":"comfabric","embeddable":true,"href":"https:\/\/theinvisiblecollection.com\/fr\/wp-json\/wp\/v2\/comfabric?post=5858954"},{"taxonomy":"manufacturer","embeddable":true,"href":"https:\/\/theinvisiblecollection.com\/fr\/wp-json\/wp\/v2\/manufacturer?post=5858954"},{"taxonomy":"reporting_designer","embeddable":true,"href":"https:\/\/theinvisiblecollection.com\/fr\/wp-json\/wp\/v2\/reporting_designer?post=5858954"},{"taxonomy":"samplecomfabric","embeddable":true,"href":"https:\/\/theinvisiblecollection.com\/fr\/wp-json\/wp\/v2\/samplecomfabric?post=5858954"},{"taxonomy":"clubroom_product_designer","embeddable":true,"href":"https:\/\/theinvisiblecollection.com\/fr\/wp-json\/wp\/v2\/designer_clubroom?post=5858954"}],"curies":[{"name":"wp","href":"https:\/\/api.w.org\/{rel}","templated":true}]}}