{"id":5859057,"date":"2025-08-22T09:53:28","date_gmt":"2025-08-22T09:53:28","guid":{"rendered":"https:\/\/theinvisiblecollection.com\/?post_type=product&#038;p=5859057"},"modified":"2026-05-01T07:37:13","modified_gmt":"2026-05-01T07:37:13","slug":"moro-dabron-bougie-cecile","status":"publish","type":"product","link":"https:\/\/theinvisiblecollection.com\/fr\/produit\/moro-dabron-bougie-cecile\/","title":{"rendered":"Bougie Cecile"},"content":{"rendered":"<p data-start=\"80\" data-end=\"414\">En fin d\u2019apr\u00e8s-midi, dans une orangerie anglaise en hiver.<br data-start=\"142\" data-end=\"145\" \/>L\u2019air s\u2019impr\u00e8gne du parfum suave et enivrant des tiges de g\u00e9ranium fra\u00eechement coup\u00e9es et des somptueuses roses de jardin en pleine floraison. \u00c0 la tomb\u00e9e du soir, un accord harmonieux de mousse se d\u00e9ploie, port\u00e9 par une trame bois\u00e9e et sensuelle de cuir et de c\u00e8dre.<\/p>\n<p data-start=\"416\" data-end=\"799\">Inspir\u00e9 des coupes \u00e0 tige du VIII\u1d49 si\u00e8cle, le vase dessin\u00e9 par C\u00e9cile se distingue par sa base pi\u00e9douche, son bandeau saillant et son col \u00e9vas\u00e9. Coul\u00e9 et fa\u00e7onn\u00e9 en fine porcelaine blanche, l\u2019objet est recouvert int\u00e9rieurement d\u2019une gla\u00e7ure transparente, tandis que son ext\u00e9rieur reste mat. Apr\u00e8s combustion, il se r\u00e9invente en vase pour accueillir des tiges ou en objet d\u00e9coratif.<\/p>\n<p data-start=\"801\" data-end=\"922\">Chaque bougie est pr\u00e9sent\u00e9e dans un \u00e9l\u00e9gant coffret-coquille de notre vert signature, ferm\u00e9 d\u2019un n\u0153ud en ruban chevron.<\/p>\n<p data-start=\"924\" data-end=\"1260\">Les bougies en porcelaine Moro Dabron sont r\u00e9alis\u00e9es en cire naturelle \u00e0 base de plantes, contenant des huiles de colza et de coco. Elles sont totalement exemptes de paraffine, soja, palme et cire d\u2019abeille. 330 g \/ 11,6 oz. Plus de 70 heures de combustion. Pour une meilleure exp\u00e9rience, coupez la m\u00e8che avant chaque utilisation.<\/p>\n","protected":false},"excerpt":{"rendered":"<p>Bougie photographi\u00e9e ici en gr\u00e8s blanc<br \/>\n\u00c9galement disponible en gr\u00e8s <span style=\"text-decoration: underline;\"><a href=\"https:\/\/theinvisiblecollection.com\/fr\/produit\/moro-dabron-bougie-augustine\/\" target=\"_blank\" rel=\"noopener\">noir<\/a><\/span>, <span style=\"text-decoration: underline;\"><a href=\"https:\/\/theinvisiblecollection.com\/fr\/produit\/moro-dabron-bougie-herbarium\/\" target=\"_blank\" rel=\"noopener\">terracotta<\/a><\/span> et couleur <span style=\"text-decoration: underline;\"><a href=\"https:\/\/theinvisiblecollection.com\/fr\/produit\/moro-dabron-bougie-cyrus\/\" target=\"_blank\" rel=\"noopener\">biscuit<\/a><\/span><br \/>\nExt\u00e9rieur mat et int\u00e9rieur \u00e9maill\u00e9<\/p>\n<p>\u00d8 9.5 x l 16.5 x H 13.5 cm<\/p>\n<p>Fabriqu\u00e9e \u00e0 la main au Royaume-Uni<br \/>\n<span style=\"text-decoration: underline;\"><span class=\"s1\"><a href=\"https:\/\/www.theinvisiblecollection.com\/demande-de-devis\/?product_id=124819\" target=\"_blank\" rel=\"noopener\">Contactez-nous pour toute demande de devis ou de renseignements<\/a><\/span><\/span><\/p>\n","protected":false},"featured_media":5860953,"template":"","meta":{"_acf_changed":false,"content-type":"","_themeisle_gutenberg_block_has_review":false},"product_brand":[],"product_cat":[12529,12535,16319,7517],"product_tag":[31474,14925],"product_designer":[16394],"comfabric":[],"manufacturer":[16658],"reporting_designer":[37622],"samplecomfabric":[],"designer_clubroom":[],"class_list":{"0":"post-5859057","1":"product","2":"type-product","3":"status-publish","4":"has-post-thumbnail","6":"product_cat-bougies-bougeoirs","7":"product_cat-arts-de-la-table","8":"product_cat-cartes-cadeaux","9":"product_cat-deco-fr","10":"product_tag-co-white-fr","11":"product_tag-hpfav-fr","12":"product_designer-moro-dabron-fr","13":"manufacturer-moro-dabron-fr","14":"reporting_designer-moro-dabron","15":"exhibitions-new-york-fr","17":"first","18":"instock","19":"taxable","20":"shipping-taxable","21":"purchasable","22":"product-type-simple"},"acf":[],"_links":{"self":[{"href":"https:\/\/theinvisiblecollection.com\/fr\/wp-json\/wp\/v2\/product\/5859057","targetHints":{"allow":["GET"]}}],"collection":[{"href":"https:\/\/theinvisiblecollection.com\/fr\/wp-json\/wp\/v2\/product"}],"about":[{"href":"https:\/\/theinvisiblecollection.com\/fr\/wp-json\/wp\/v2\/types\/product"}],"wp:featuredmedia":[{"embeddable":true,"href":"https:\/\/theinvisiblecollection.com\/fr\/wp-json\/wp\/v2\/media\/5860953"}],"wp:attachment":[{"href":"https:\/\/theinvisiblecollection.com\/fr\/wp-json\/wp\/v2\/media?parent=5859057"}],"wp:term":[{"taxonomy":"product_brand","embeddable":true,"href":"https:\/\/theinvisiblecollection.com\/fr\/wp-json\/wp\/v2\/product_brand?post=5859057"},{"taxonomy":"product_cat","embeddable":true,"href":"https:\/\/theinvisiblecollection.com\/fr\/wp-json\/wp\/v2\/product_cat?post=5859057"},{"taxonomy":"product_tag","embeddable":true,"href":"https:\/\/theinvisiblecollection.com\/fr\/wp-json\/wp\/v2\/product_tag?post=5859057"},{"taxonomy":"product_designer","embeddable":true,"href":"https:\/\/theinvisiblecollection.com\/fr\/wp-json\/wp\/v2\/product_designer?post=5859057"},{"taxonomy":"comfabric","embeddable":true,"href":"https:\/\/theinvisiblecollection.com\/fr\/wp-json\/wp\/v2\/comfabric?post=5859057"},{"taxonomy":"manufacturer","embeddable":true,"href":"https:\/\/theinvisiblecollection.com\/fr\/wp-json\/wp\/v2\/manufacturer?post=5859057"},{"taxonomy":"reporting_designer","embeddable":true,"href":"https:\/\/theinvisiblecollection.com\/fr\/wp-json\/wp\/v2\/reporting_designer?post=5859057"},{"taxonomy":"samplecomfabric","embeddable":true,"href":"https:\/\/theinvisiblecollection.com\/fr\/wp-json\/wp\/v2\/samplecomfabric?post=5859057"},{"taxonomy":"clubroom_product_designer","embeddable":true,"href":"https:\/\/theinvisiblecollection.com\/fr\/wp-json\/wp\/v2\/designer_clubroom?post=5859057"}],"curies":[{"name":"wp","href":"https:\/\/api.w.org\/{rel}","templated":true}]}}