{"id":5859205,"date":"2025-08-25T13:12:07","date_gmt":"2025-08-25T13:12:07","guid":{"rendered":"https:\/\/theinvisiblecollection.com\/?post_type=product&#038;p=5859205"},"modified":"2026-05-01T07:37:13","modified_gmt":"2026-05-01T07:37:13","slug":"design-du-xx%e1%b5%89-siecle-paire-de-fauteuils-poltrona-reversivel-par-martin-eisler-carlo-hauner","status":"publish","type":"product","link":"https:\/\/theinvisiblecollection.com\/fr\/produit\/design-du-xx%e1%b5%89-siecle-paire-de-fauteuils-poltrona-reversivel-par-martin-eisler-carlo-hauner\/","title":{"rendered":"Paire De Fauteuils Poltrona Reversivel Par Carlo Hauner"},"content":{"rendered":"<p>Le fauteuil Revers\u00edvel est une pi\u00e8ce embl\u00e9matique du design carioca. Cette cr\u00e9ation iconique se distingue par ses lignes minimalistes et sa fluidit\u00e9, permettant de passer facilement d\u2019une position d\u2019assise \u00e0 une autre. Que vous pr\u00e9f\u00e9riez rester assis droit avec le dossier pour vous soutenir ou vous incliner dans une position plus d\u00e9tendue, semi-horizontale, le Revers\u00edvel offre un confort polyvalent empreint de sophistication d\u00e9contract\u00e9e. Sa capacit\u00e9 d\u2019adaptation et son \u00e9l\u00e9gante simplicit\u00e9 en ont fait un favori intemporel dans le monde du design.<\/p>\n<p>Ces fauteuils font partie d\u2019une collection de cr\u00e9ations du XX\u1d49 si\u00e8cle, s\u00e9lectionn\u00e9es et restaur\u00e9es avec le plus grand soin par Jouffre.<\/p>\n","protected":false},"excerpt":{"rendered":"<p>Le fauteuil Revers\u00edvel est une pi\u00e8ce embl\u00e9matique du design carioca. Cette cr\u00e9ation iconique se distingue par ses lignes minimalistes et sa fluidit\u00e9, permettant de passer facilement d\u2019une position d\u2019assise \u00e0 une autre. Que vous pr\u00e9f\u00e9riez rester assis droit avec le dossier pour vous soutenir ou vous incliner dans une position plus d\u00e9tendue, semi-horizontale, le Revers\u00edvel [&hellip;]<\/p>\n","protected":false},"featured_media":5859215,"template":"","meta":{"_acf_changed":false,"content-type":"","_themeisle_gutenberg_block_has_review":false},"product_brand":[],"product_cat":[8945,12499],"product_tag":[8942,10396,22790,31477,35206],"product_designer":[35175],"comfabric":[],"manufacturer":[16823],"reporting_designer":[37560],"samplecomfabric":[],"designer_clubroom":[],"class_list":{"0":"post-5859205","1":"product","2":"type-product","3":"status-publish","4":"has-post-thumbnail","6":"product_cat-fauteuils","7":"product_cat-assises","8":"product_tag-assise","9":"product_tag-vintage-fr-2","10":"product_tag-disponible-immediatement","11":"product_tag-st-curvy-fr","12":"product_tag-exclusive-fr","13":"product_designer-design-du-xx-siecle","14":"manufacturer-atelier-jouffre-nyc-fr","15":"reporting_designer-design-du-xx-e-siecle","16":"exhibitions-new-york-fr","18":"first","19":"instock","20":"taxable","21":"shipping-taxable","22":"purchasable","23":"product-type-simple"},"acf":[],"_links":{"self":[{"href":"https:\/\/theinvisiblecollection.com\/fr\/wp-json\/wp\/v2\/product\/5859205","targetHints":{"allow":["GET"]}}],"collection":[{"href":"https:\/\/theinvisiblecollection.com\/fr\/wp-json\/wp\/v2\/product"}],"about":[{"href":"https:\/\/theinvisiblecollection.com\/fr\/wp-json\/wp\/v2\/types\/product"}],"wp:featuredmedia":[{"embeddable":true,"href":"https:\/\/theinvisiblecollection.com\/fr\/wp-json\/wp\/v2\/media\/5859215"}],"wp:attachment":[{"href":"https:\/\/theinvisiblecollection.com\/fr\/wp-json\/wp\/v2\/media?parent=5859205"}],"wp:term":[{"taxonomy":"product_brand","embeddable":true,"href":"https:\/\/theinvisiblecollection.com\/fr\/wp-json\/wp\/v2\/product_brand?post=5859205"},{"taxonomy":"product_cat","embeddable":true,"href":"https:\/\/theinvisiblecollection.com\/fr\/wp-json\/wp\/v2\/product_cat?post=5859205"},{"taxonomy":"product_tag","embeddable":true,"href":"https:\/\/theinvisiblecollection.com\/fr\/wp-json\/wp\/v2\/product_tag?post=5859205"},{"taxonomy":"product_designer","embeddable":true,"href":"https:\/\/theinvisiblecollection.com\/fr\/wp-json\/wp\/v2\/product_designer?post=5859205"},{"taxonomy":"comfabric","embeddable":true,"href":"https:\/\/theinvisiblecollection.com\/fr\/wp-json\/wp\/v2\/comfabric?post=5859205"},{"taxonomy":"manufacturer","embeddable":true,"href":"https:\/\/theinvisiblecollection.com\/fr\/wp-json\/wp\/v2\/manufacturer?post=5859205"},{"taxonomy":"reporting_designer","embeddable":true,"href":"https:\/\/theinvisiblecollection.com\/fr\/wp-json\/wp\/v2\/reporting_designer?post=5859205"},{"taxonomy":"samplecomfabric","embeddable":true,"href":"https:\/\/theinvisiblecollection.com\/fr\/wp-json\/wp\/v2\/samplecomfabric?post=5859205"},{"taxonomy":"clubroom_product_designer","embeddable":true,"href":"https:\/\/theinvisiblecollection.com\/fr\/wp-json\/wp\/v2\/designer_clubroom?post=5859205"}],"curies":[{"name":"wp","href":"https:\/\/api.w.org\/{rel}","templated":true}]}}