{"id":5860919,"date":"2025-08-29T15:32:16","date_gmt":"2025-08-29T15:32:16","guid":{"rendered":"https:\/\/theinvisiblecollection.com\/?post_type=product&#038;p=5860919"},"modified":"2026-05-08T04:38:29","modified_gmt":"2026-05-08T04:38:29","slug":"moro-dabron-bougie-ochiba","status":"publish","type":"product","link":"https:\/\/theinvisiblecollection.com\/fr\/produit\/moro-dabron-bougie-ochiba\/","title":{"rendered":"Bougie Ochiba"},"content":{"rendered":"<p data-start=\"0\" data-end=\"111\">Ochiba \u00e9voque l\u2019esprit d\u2019une for\u00eat ancienne, peupl\u00e9e de conif\u00e8res et par\u00e9e d\u2019un tapis de feuilles mortes.<\/p>\n<p data-start=\"113\" data-end=\"359\" data-is-last-node=\"\" data-is-only-node=\"\">La pluie souffle dans une direction, tandis qu\u2019un sillage d\u2019encens provenant d\u2019un temple flotte doucement depuis l\u2019autre, emplissant l\u2019air d\u2019une fragrance profond\u00e9ment m\u00e9ditative et envo\u00fbtante. Au loin, une fum\u00e9e s\u2019\u00e9l\u00e8ve doucement d\u2019une chemin\u00e9e\u2026<\/p>\n<p data-start=\"548\" data-end=\"944\">Inspir\u00e9 des tasses \u00e0 tige du VIII\u1d49 si\u00e8cle, le r\u00e9cipient \u00e9l\u00e9gamment dessin\u00e9 de Ochiba se distingue par sa base sur\u00e9lev\u00e9e, sa bande relev\u00e9e et son bord \u00e9vas\u00e9. Coul\u00e9 et cuit en porcelaine fine blanche, le r\u00e9cipient est enduit \u00e0 l\u2019int\u00e9rieur d\u2019un gla\u00e7age transparent et pr\u00e9sente un ext\u00e9rieur mat \u2013 apr\u00e8s usage, il peut \u00eatre r\u00e9utilis\u00e9 comme vase pour des tiges ou comme objet d\u00e9coratif.<\/p>\n<p data-start=\"946\" data-end=\"1065\" data-is-last-node=\"\" data-is-only-node=\"\">Chaque bougie est pr\u00e9sent\u00e9e dans un \u00e9l\u00e9gant coffret coquillage de notre vert signature, ferm\u00e9 par un ruban en chevrons.<\/p>\n<p data-start=\"946\" data-end=\"1065\" data-is-last-node=\"\" data-is-only-node=\"\">Les bougies en porcelaine Moro Dabron sont r\u00e9alis\u00e9es en cire naturelle \u00e0 base de plantes, contenant des huiles de colza et de coco. Elles sont totalement exemptes de paraffine, soja, palme et cire d\u2019abeille. 330 g \/ 11,6 oz. Plus de 70 heures de combustion. Pour une meilleure exp\u00e9rience, coupez la m\u00e8che avant chaque utilisation.<\/p>\n","protected":false},"excerpt":{"rendered":"<p>Bougie photographi\u00e9e ici en gr\u00e8s blanc<br \/>\n\u00c9galement disponible en gr\u00e8s <span style=\"text-decoration: underline;\"><a href=\"https:\/\/theinvisiblecollection.com\/fr\/produit\/moro-dabron-bougie-augustine\/\" target=\"_blank\" rel=\"noopener\">noir<\/a><\/span>, <span style=\"text-decoration: underline;\"><a href=\"https:\/\/theinvisiblecollection.com\/fr\/produit\/moro-dabron-bougie-herbarium\/\" target=\"_blank\" rel=\"noopener\">terracotta<\/a><\/span> et couleur <span style=\"text-decoration: underline;\"><a href=\"https:\/\/theinvisiblecollection.com\/fr\/produit\/moro-dabron-bougie-cyrus\/\" target=\"_blank\" rel=\"noopener\">biscuit<\/a><\/span><br \/>\nExt\u00e9rieur mat et int\u00e9rieur \u00e9maill\u00e9<\/p>\n<p>\u00d8 9.5 x l 16.5 x H 13.5 cm<\/p>\n<p>Fabriqu\u00e9e \u00e0 la main au Royaume-Uni<br \/>\n<span style=\"text-decoration: underline;\"><span class=\"s1\"><a href=\"https:\/\/www.theinvisiblecollection.com\/demande-de-devis\/?product_id=124819\" target=\"_blank\" rel=\"noopener\">Contactez-nous pour toute demande de devis ou de renseignements<\/a><\/span><\/span><\/p>\n","protected":false},"featured_media":5860930,"template":"","meta":{"_acf_changed":false,"content-type":"","_themeisle_gutenberg_block_has_review":false},"product_brand":[],"product_cat":[7517,12529,12535,16319],"product_tag":[14925,22790,31474],"product_designer":[16394],"comfabric":[],"manufacturer":[16658],"reporting_designer":[37622],"samplecomfabric":[],"designer_clubroom":[],"class_list":{"0":"post-5860919","1":"product","2":"type-product","3":"status-publish","4":"has-post-thumbnail","6":"product_cat-deco-fr","7":"product_cat-bougies-bougeoirs","8":"product_cat-arts-de-la-table","9":"product_cat-cartes-cadeaux","10":"product_tag-hpfav-fr","11":"product_tag-disponible-immediatement","12":"product_tag-co-white-fr","13":"product_designer-moro-dabron-fr","14":"manufacturer-moro-dabron-fr","15":"reporting_designer-moro-dabron","16":"exhibitions-new-york-fr","18":"first","19":"instock","20":"taxable","21":"shipping-taxable","22":"purchasable","23":"product-type-simple"},"acf":[],"_links":{"self":[{"href":"https:\/\/theinvisiblecollection.com\/fr\/wp-json\/wp\/v2\/product\/5860919","targetHints":{"allow":["GET"]}}],"collection":[{"href":"https:\/\/theinvisiblecollection.com\/fr\/wp-json\/wp\/v2\/product"}],"about":[{"href":"https:\/\/theinvisiblecollection.com\/fr\/wp-json\/wp\/v2\/types\/product"}],"wp:featuredmedia":[{"embeddable":true,"href":"https:\/\/theinvisiblecollection.com\/fr\/wp-json\/wp\/v2\/media\/5860930"}],"wp:attachment":[{"href":"https:\/\/theinvisiblecollection.com\/fr\/wp-json\/wp\/v2\/media?parent=5860919"}],"wp:term":[{"taxonomy":"product_brand","embeddable":true,"href":"https:\/\/theinvisiblecollection.com\/fr\/wp-json\/wp\/v2\/product_brand?post=5860919"},{"taxonomy":"product_cat","embeddable":true,"href":"https:\/\/theinvisiblecollection.com\/fr\/wp-json\/wp\/v2\/product_cat?post=5860919"},{"taxonomy":"product_tag","embeddable":true,"href":"https:\/\/theinvisiblecollection.com\/fr\/wp-json\/wp\/v2\/product_tag?post=5860919"},{"taxonomy":"product_designer","embeddable":true,"href":"https:\/\/theinvisiblecollection.com\/fr\/wp-json\/wp\/v2\/product_designer?post=5860919"},{"taxonomy":"comfabric","embeddable":true,"href":"https:\/\/theinvisiblecollection.com\/fr\/wp-json\/wp\/v2\/comfabric?post=5860919"},{"taxonomy":"manufacturer","embeddable":true,"href":"https:\/\/theinvisiblecollection.com\/fr\/wp-json\/wp\/v2\/manufacturer?post=5860919"},{"taxonomy":"reporting_designer","embeddable":true,"href":"https:\/\/theinvisiblecollection.com\/fr\/wp-json\/wp\/v2\/reporting_designer?post=5860919"},{"taxonomy":"samplecomfabric","embeddable":true,"href":"https:\/\/theinvisiblecollection.com\/fr\/wp-json\/wp\/v2\/samplecomfabric?post=5860919"},{"taxonomy":"clubroom_product_designer","embeddable":true,"href":"https:\/\/theinvisiblecollection.com\/fr\/wp-json\/wp\/v2\/designer_clubroom?post=5860919"}],"curies":[{"name":"wp","href":"https:\/\/api.w.org\/{rel}","templated":true}]}}