{"id":5860943,"date":"2025-08-29T15:44:32","date_gmt":"2025-08-29T15:44:32","guid":{"rendered":"https:\/\/theinvisiblecollection.com\/?post_type=product&#038;p=5860943"},"modified":"2026-05-01T07:37:13","modified_gmt":"2026-05-01T07:37:13","slug":"moro-dabron-bougie-erbario","status":"publish","type":"product","link":"https:\/\/theinvisiblecollection.com\/fr\/produit\/moro-dabron-bougie-erbario\/","title":{"rendered":"Bougie Erbario"},"content":{"rendered":"<p data-start=\"0\" data-end=\"142\">Une ode au romantisme des jardins italiens \u00e0 l\u2019anglaise qui pars\u00e8ment le pays, proches ou lointains, offrant \u00e0 la fois plaisir et r\u00e9confort.<\/p>\n<p data-start=\"144\" data-end=\"552\" data-is-last-node=\"\" data-is-only-node=\"\">Erbario \u00e9voque une sc\u00e8ne tranquille : des abeilles bourdonnant le long des bordures herbac\u00e9es, des tas de vieux saules et des murs garnis d\u2019outils de jardin sous des toits de chaume couverts de mousse. Des notes terreuses et herbac\u00e9es de feuille de tomate, basilic, graines de carotte, menthe et figue flottent dans l\u2019air chaud de l\u2019apr\u00e8s-midi, se m\u00ealant \u00e0 un sous-bois ombrag\u00e9 de mousse et de patchouli.<\/p>\n<p data-start=\"548\" data-end=\"944\">Inspir\u00e9 des tasses \u00e0 tige du VIII\u1d49 si\u00e8cle, le r\u00e9cipient \u00e9l\u00e9gamment dessin\u00e9 de Ochiba se distingue par sa base sur\u00e9lev\u00e9e, sa bande relev\u00e9e et son bord \u00e9vas\u00e9. Coul\u00e9 et cuit en porcelaine fine blanche, le r\u00e9cipient est enduit \u00e0 l\u2019int\u00e9rieur d\u2019un gla\u00e7age transparent et pr\u00e9sente un ext\u00e9rieur mat \u2013 apr\u00e8s usage, il peut \u00eatre r\u00e9utilis\u00e9 comme vase pour des tiges ou comme objet d\u00e9coratif.<\/p>\n<p data-start=\"946\" data-end=\"1065\" data-is-last-node=\"\" data-is-only-node=\"\">Chaque bougie est pr\u00e9sent\u00e9e dans un \u00e9l\u00e9gant coffret coquillage de notre vert signature, ferm\u00e9 par un ruban en chevrons.<\/p>\n<p data-start=\"946\" data-end=\"1065\" data-is-last-node=\"\" data-is-only-node=\"\">Les bougies en porcelaine Moro Dabron sont r\u00e9alis\u00e9es en cire naturelle \u00e0 base de plantes, contenant des huiles de colza et de coco. Elles sont totalement exemptes de paraffine, soja, palme et cire d\u2019abeille. 330 g \/ 11,6 oz. Plus de 70 heures de combustion. Pour une meilleure exp\u00e9rience, coupez la m\u00e8che avant chaque utilisation.<\/p>\n","protected":false},"excerpt":{"rendered":"<p>Bougie photographi\u00e9e ici en gr\u00e8s blanc<br \/>\n\u00c9galement disponible en gr\u00e8s <span style=\"text-decoration: underline;\"><a href=\"https:\/\/theinvisiblecollection.com\/fr\/produit\/moro-dabron-bougie-augustine\/\" target=\"_blank\" rel=\"noopener\">noir<\/a><\/span>, <span style=\"text-decoration: underline;\"><a href=\"https:\/\/theinvisiblecollection.com\/fr\/produit\/moro-dabron-bougie-herbarium\/\" target=\"_blank\" rel=\"noopener\">terracotta<\/a><\/span> et couleur <span style=\"text-decoration: underline;\"><a href=\"https:\/\/theinvisiblecollection.com\/fr\/produit\/moro-dabron-bougie-cyrus\/\" target=\"_blank\" rel=\"noopener\">biscuit<\/a><\/span><br \/>\nExt\u00e9rieur mat et int\u00e9rieur \u00e9maill\u00e9<\/p>\n<p>\u00d8 9.5 x l 16.5 x H 13.5 cm<\/p>\n<p>Fabriqu\u00e9e \u00e0 la main au Royaume-Uni<br \/>\n<span style=\"text-decoration: underline;\"><span class=\"s1\"><a href=\"https:\/\/www.theinvisiblecollection.com\/demande-de-devis\/?product_id=124819\" target=\"_blank\" rel=\"noopener\">Contactez-nous pour toute demande de devis ou de renseignements<\/a><\/span><\/span><\/p>\n","protected":false},"featured_media":5860949,"template":"","meta":{"_acf_changed":false,"content-type":"","_themeisle_gutenberg_block_has_review":false},"product_brand":[],"product_cat":[7517,12529,12535,16319],"product_tag":[14925,31474],"product_designer":[16394],"comfabric":[],"manufacturer":[16658],"reporting_designer":[37622],"samplecomfabric":[],"designer_clubroom":[],"class_list":{"0":"post-5860943","1":"product","2":"type-product","3":"status-publish","4":"has-post-thumbnail","6":"product_cat-deco-fr","7":"product_cat-bougies-bougeoirs","8":"product_cat-arts-de-la-table","9":"product_cat-cartes-cadeaux","10":"product_tag-hpfav-fr","11":"product_tag-co-white-fr","12":"product_designer-moro-dabron-fr","13":"manufacturer-moro-dabron-fr","14":"reporting_designer-moro-dabron","16":"first","17":"instock","18":"taxable","19":"shipping-taxable","20":"purchasable","21":"product-type-simple"},"acf":[],"_links":{"self":[{"href":"https:\/\/theinvisiblecollection.com\/fr\/wp-json\/wp\/v2\/product\/5860943","targetHints":{"allow":["GET"]}}],"collection":[{"href":"https:\/\/theinvisiblecollection.com\/fr\/wp-json\/wp\/v2\/product"}],"about":[{"href":"https:\/\/theinvisiblecollection.com\/fr\/wp-json\/wp\/v2\/types\/product"}],"wp:featuredmedia":[{"embeddable":true,"href":"https:\/\/theinvisiblecollection.com\/fr\/wp-json\/wp\/v2\/media\/5860949"}],"wp:attachment":[{"href":"https:\/\/theinvisiblecollection.com\/fr\/wp-json\/wp\/v2\/media?parent=5860943"}],"wp:term":[{"taxonomy":"product_brand","embeddable":true,"href":"https:\/\/theinvisiblecollection.com\/fr\/wp-json\/wp\/v2\/product_brand?post=5860943"},{"taxonomy":"product_cat","embeddable":true,"href":"https:\/\/theinvisiblecollection.com\/fr\/wp-json\/wp\/v2\/product_cat?post=5860943"},{"taxonomy":"product_tag","embeddable":true,"href":"https:\/\/theinvisiblecollection.com\/fr\/wp-json\/wp\/v2\/product_tag?post=5860943"},{"taxonomy":"product_designer","embeddable":true,"href":"https:\/\/theinvisiblecollection.com\/fr\/wp-json\/wp\/v2\/product_designer?post=5860943"},{"taxonomy":"comfabric","embeddable":true,"href":"https:\/\/theinvisiblecollection.com\/fr\/wp-json\/wp\/v2\/comfabric?post=5860943"},{"taxonomy":"manufacturer","embeddable":true,"href":"https:\/\/theinvisiblecollection.com\/fr\/wp-json\/wp\/v2\/manufacturer?post=5860943"},{"taxonomy":"reporting_designer","embeddable":true,"href":"https:\/\/theinvisiblecollection.com\/fr\/wp-json\/wp\/v2\/reporting_designer?post=5860943"},{"taxonomy":"samplecomfabric","embeddable":true,"href":"https:\/\/theinvisiblecollection.com\/fr\/wp-json\/wp\/v2\/samplecomfabric?post=5860943"},{"taxonomy":"clubroom_product_designer","embeddable":true,"href":"https:\/\/theinvisiblecollection.com\/fr\/wp-json\/wp\/v2\/designer_clubroom?post=5860943"}],"curies":[{"name":"wp","href":"https:\/\/api.w.org\/{rel}","templated":true}]}}