{"id":5862645,"date":"2025-09-12T14:55:56","date_gmt":"2025-09-12T14:55:56","guid":{"rendered":"https:\/\/theinvisiblecollection.com\/?post_type=product&#038;p=5862645"},"modified":"2026-05-01T07:37:13","modified_gmt":"2026-05-01T07:37:13","slug":"dagmar-chaise-medaillon-par-nils-eva-koppel","status":"publish","type":"product","link":"https:\/\/theinvisiblecollection.com\/fr\/produit\/dagmar-chaise-medaillon-par-nils-eva-koppel\/","title":{"rendered":"Chaise M\u00e9daillon par Nils &#038; Eva Koppel"},"content":{"rendered":"<p style=\"text-align: justify;\" data-start=\"61\" data-end=\"787\">Le couple d\u2019architectes Nils et Eva Koppel est surtout connu pour ses b\u00e2timents modernistes r\u00e9alis\u00e9s dans les ann\u00e9es 1950 et au-del\u00e0. Toutefois, au d\u00e9but de leur carri\u00e8re, ils ont con\u00e7u dans les ann\u00e9es 1940 et au d\u00e9but des ann\u00e9es 1950 quelques meubles exceptionnels, bien que rest\u00e9s largement confidentiels. Le point culminant de cette br\u00e8ve incursion dans le design mobilier fut cette chaise remarquable. Initialement connue sous le nom de Mod\u00e8le 190 et produite par Slagelse M\u00f8belv\u00e6rk, elle repr\u00e9sente l\u2019un des premiers exemples d\u2019\u00e9l\u00e9ments de design tels que les accoudoirs en forme de lame et les courbes organiques. La chaise M\u00e9daillon est aujourd\u2019hui une magnifique pi\u00e8ce pour sublimer un int\u00e9rieur moderne.<\/p>\n","protected":false},"excerpt":{"rendered":"<p>Le couple d\u2019architectes Nils et Eva Koppel est surtout connu pour ses b\u00e2timents modernistes r\u00e9alis\u00e9s dans les ann\u00e9es 1950 et au-del\u00e0. Toutefois, au d\u00e9but de leur carri\u00e8re, ils ont con\u00e7u dans les ann\u00e9es 1940 et au d\u00e9but des ann\u00e9es 1950 quelques meubles exceptionnels, bien que rest\u00e9s largement confidentiels. Le point culminant de cette br\u00e8ve incursion [&hellip;]<\/p>\n","protected":false},"featured_media":5862599,"template":"","meta":{"_acf_changed":false,"content-type":"","_themeisle_gutenberg_block_has_review":false},"product_brand":[],"product_cat":[8962,12499],"product_tag":[10355,11235,31477,35328],"product_designer":[17681],"comfabric":[32520],"manufacturer":[32518],"reporting_designer":[37466],"samplecomfabric":[],"designer_clubroom":[],"class_list":{"0":"post-5862645","1":"product","2":"type-product","3":"status-publish","4":"has-post-thumbnail","6":"product_cat-chaises","7":"product_cat-assises","8":"product_tag-iconique","9":"product_tag-reedition-fr-fr","10":"product_tag-st-curvy-fr","11":"product_tag-dagmar-fr","12":"product_designer-dagmar-fr","13":"comfabric-dagmar-atelier-sweden-fr","14":"manufacturer-dagmar-atelier-sweden-fr","15":"reporting_designer-dagmar","17":"first","18":"instock","19":"taxable","20":"shipping-taxable","21":"product-type-variable"},"acf":[],"_links":{"self":[{"href":"https:\/\/theinvisiblecollection.com\/fr\/wp-json\/wp\/v2\/product\/5862645","targetHints":{"allow":["GET"]}}],"collection":[{"href":"https:\/\/theinvisiblecollection.com\/fr\/wp-json\/wp\/v2\/product"}],"about":[{"href":"https:\/\/theinvisiblecollection.com\/fr\/wp-json\/wp\/v2\/types\/product"}],"wp:featuredmedia":[{"embeddable":true,"href":"https:\/\/theinvisiblecollection.com\/fr\/wp-json\/wp\/v2\/media\/5862599"}],"wp:attachment":[{"href":"https:\/\/theinvisiblecollection.com\/fr\/wp-json\/wp\/v2\/media?parent=5862645"}],"wp:term":[{"taxonomy":"product_brand","embeddable":true,"href":"https:\/\/theinvisiblecollection.com\/fr\/wp-json\/wp\/v2\/product_brand?post=5862645"},{"taxonomy":"product_cat","embeddable":true,"href":"https:\/\/theinvisiblecollection.com\/fr\/wp-json\/wp\/v2\/product_cat?post=5862645"},{"taxonomy":"product_tag","embeddable":true,"href":"https:\/\/theinvisiblecollection.com\/fr\/wp-json\/wp\/v2\/product_tag?post=5862645"},{"taxonomy":"product_designer","embeddable":true,"href":"https:\/\/theinvisiblecollection.com\/fr\/wp-json\/wp\/v2\/product_designer?post=5862645"},{"taxonomy":"comfabric","embeddable":true,"href":"https:\/\/theinvisiblecollection.com\/fr\/wp-json\/wp\/v2\/comfabric?post=5862645"},{"taxonomy":"manufacturer","embeddable":true,"href":"https:\/\/theinvisiblecollection.com\/fr\/wp-json\/wp\/v2\/manufacturer?post=5862645"},{"taxonomy":"reporting_designer","embeddable":true,"href":"https:\/\/theinvisiblecollection.com\/fr\/wp-json\/wp\/v2\/reporting_designer?post=5862645"},{"taxonomy":"samplecomfabric","embeddable":true,"href":"https:\/\/theinvisiblecollection.com\/fr\/wp-json\/wp\/v2\/samplecomfabric?post=5862645"},{"taxonomy":"clubroom_product_designer","embeddable":true,"href":"https:\/\/theinvisiblecollection.com\/fr\/wp-json\/wp\/v2\/designer_clubroom?post=5862645"}],"curies":[{"name":"wp","href":"https:\/\/api.w.org\/{rel}","templated":true}]}}