{"id":5862845,"date":"2025-09-12T15:33:37","date_gmt":"2025-09-12T15:33:37","guid":{"rendered":"https:\/\/theinvisiblecollection.com\/?post_type=product&#038;p=5862845"},"modified":"2026-05-01T07:37:13","modified_gmt":"2026-05-01T07:37:13","slug":"dagmar-banc-entre-par-kai-kristiansen","status":"publish","type":"product","link":"https:\/\/theinvisiblecollection.com\/fr\/produit\/dagmar-banc-entre-par-kai-kristiansen\/","title":{"rendered":"Banc Entre par Kai Kristiansen"},"content":{"rendered":"<p style=\"text-align: justify;\" data-start=\"62\" data-end=\"406\">Alliant les principes du design danois au savoir-faire moderne, le travail de Kai Kristiansen trouve un \u00e9quilibre subtil entre styles contemporain et classique, rehauss\u00e9 de d\u00e9tails \u00e9l\u00e9gants. Cette \u00e9dition du Banc Entre a \u00e9t\u00e9 r\u00e9alis\u00e9e selon des techniques d\u2019assemblage traditionnelles et se distingue par ses pieds biseaut\u00e9s embl\u00e9matiques.<\/p>\n","protected":false},"excerpt":{"rendered":"<p>Alliant les principes du design danois au savoir-faire moderne, le travail de Kai Kristiansen trouve un \u00e9quilibre subtil entre styles contemporain et classique, rehauss\u00e9 de d\u00e9tails \u00e9l\u00e9gants. Cette \u00e9dition du Banc Entre a \u00e9t\u00e9 r\u00e9alis\u00e9e selon des techniques d\u2019assemblage traditionnelles et se distingue par ses pieds biseaut\u00e9s embl\u00e9matiques.<\/p>\n","protected":false},"featured_media":5862828,"template":"","meta":{"_acf_changed":false,"content-type":"","_themeisle_gutenberg_block_has_review":false},"product_brand":[],"product_cat":[8947,12499],"product_tag":[8942,11235,11528,35326],"product_designer":[17681],"comfabric":[35307],"manufacturer":[35305],"reporting_designer":[37466],"samplecomfabric":[],"designer_clubroom":[],"class_list":{"0":"post-5862845","1":"product","2":"type-product","3":"status-publish","4":"has-post-thumbnail","6":"product_cat-bancs","7":"product_cat-assises","8":"product_tag-assise","9":"product_tag-reedition-fr-fr","10":"product_tag-bench","11":"product_tag-st-scandinavian-fr","12":"product_designer-dagmar-fr","13":"comfabric-dagmar-kai-kristiansen-collection-pick-up-fr","14":"manufacturer-dagmar-kai-kristiansen-collection-pick-up-fr","15":"reporting_designer-dagmar","17":"first","18":"instock","19":"taxable","20":"shipping-taxable","21":"product-type-variable"},"acf":[],"_links":{"self":[{"href":"https:\/\/theinvisiblecollection.com\/fr\/wp-json\/wp\/v2\/product\/5862845","targetHints":{"allow":["GET"]}}],"collection":[{"href":"https:\/\/theinvisiblecollection.com\/fr\/wp-json\/wp\/v2\/product"}],"about":[{"href":"https:\/\/theinvisiblecollection.com\/fr\/wp-json\/wp\/v2\/types\/product"}],"wp:featuredmedia":[{"embeddable":true,"href":"https:\/\/theinvisiblecollection.com\/fr\/wp-json\/wp\/v2\/media\/5862828"}],"wp:attachment":[{"href":"https:\/\/theinvisiblecollection.com\/fr\/wp-json\/wp\/v2\/media?parent=5862845"}],"wp:term":[{"taxonomy":"product_brand","embeddable":true,"href":"https:\/\/theinvisiblecollection.com\/fr\/wp-json\/wp\/v2\/product_brand?post=5862845"},{"taxonomy":"product_cat","embeddable":true,"href":"https:\/\/theinvisiblecollection.com\/fr\/wp-json\/wp\/v2\/product_cat?post=5862845"},{"taxonomy":"product_tag","embeddable":true,"href":"https:\/\/theinvisiblecollection.com\/fr\/wp-json\/wp\/v2\/product_tag?post=5862845"},{"taxonomy":"product_designer","embeddable":true,"href":"https:\/\/theinvisiblecollection.com\/fr\/wp-json\/wp\/v2\/product_designer?post=5862845"},{"taxonomy":"comfabric","embeddable":true,"href":"https:\/\/theinvisiblecollection.com\/fr\/wp-json\/wp\/v2\/comfabric?post=5862845"},{"taxonomy":"manufacturer","embeddable":true,"href":"https:\/\/theinvisiblecollection.com\/fr\/wp-json\/wp\/v2\/manufacturer?post=5862845"},{"taxonomy":"reporting_designer","embeddable":true,"href":"https:\/\/theinvisiblecollection.com\/fr\/wp-json\/wp\/v2\/reporting_designer?post=5862845"},{"taxonomy":"samplecomfabric","embeddable":true,"href":"https:\/\/theinvisiblecollection.com\/fr\/wp-json\/wp\/v2\/samplecomfabric?post=5862845"},{"taxonomy":"clubroom_product_designer","embeddable":true,"href":"https:\/\/theinvisiblecollection.com\/fr\/wp-json\/wp\/v2\/designer_clubroom?post=5862845"}],"curies":[{"name":"wp","href":"https:\/\/api.w.org\/{rel}","templated":true}]}}