{"id":5862910,"date":"2025-09-12T16:08:32","date_gmt":"2025-09-12T16:08:32","guid":{"rendered":"https:\/\/theinvisiblecollection.com\/?post_type=product&#038;p=5862910"},"modified":"2026-05-01T07:37:13","modified_gmt":"2026-05-01T07:37:13","slug":"dagmar-table-de-chevet-entre-par-kai-kristiansen","status":"publish","type":"product","link":"https:\/\/theinvisiblecollection.com\/fr\/produit\/dagmar-table-de-chevet-entre-par-kai-kristiansen\/","title":{"rendered":"Table de chevet Entre par Kai Kristiansen"},"content":{"rendered":"<p style=\"text-align: justify;\" data-start=\"60\" data-end=\"237\">Kai Kristiansen, figure majeure du mouvement Danish Modern, a con\u00e7u en 1956 la s\u00e9rie iconique Entre, une collection modulaire de tables de chevet, bancs et commodes. Le travail de Kristiansen \u00e9quilibre subtilement styles contemporain et classique, rehauss\u00e9 de d\u00e9tails \u00e9l\u00e9gants. Cette table d\u2019appoint se distingue par ses pieds biseaut\u00e9s embl\u00e9matiques et ses poign\u00e9es de tiroir en demi-lune.<\/p>\n","protected":false},"excerpt":{"rendered":"<p>Kai Kristiansen, figure majeure du mouvement Danish Modern, a con\u00e7u en 1956 la s\u00e9rie iconique Entre, une collection modulaire de tables de chevet, bancs et commodes. Le travail de Kristiansen \u00e9quilibre subtilement styles contemporain et classique, rehauss\u00e9 de d\u00e9tails \u00e9l\u00e9gants. Cette table d\u2019appoint se distingue par ses pieds biseaut\u00e9s embl\u00e9matiques et ses poign\u00e9es de tiroir [&hellip;]<\/p>\n","protected":false},"featured_media":5862858,"template":"","meta":{"_acf_changed":false,"content-type":"","_themeisle_gutenberg_block_has_review":false},"product_brand":[],"product_cat":[12501,12514],"product_tag":[8857,11235,35326],"product_designer":[17681],"comfabric":[],"manufacturer":[35305],"reporting_designer":[37466],"samplecomfabric":[],"designer_clubroom":[],"class_list":{"0":"post-5862910","1":"product","2":"type-product","3":"status-publish","4":"has-post-thumbnail","6":"product_cat-chambre-a-coucher","7":"product_cat-tables-de-chevet","8":"product_tag-table-de-chevet","9":"product_tag-reedition-fr-fr","10":"product_tag-st-scandinavian-fr","11":"product_designer-dagmar-fr","12":"manufacturer-dagmar-kai-kristiansen-collection-pick-up-fr","13":"reporting_designer-dagmar","15":"first","16":"instock","17":"taxable","18":"shipping-taxable","19":"product-type-variable"},"acf":[],"_links":{"self":[{"href":"https:\/\/theinvisiblecollection.com\/fr\/wp-json\/wp\/v2\/product\/5862910","targetHints":{"allow":["GET"]}}],"collection":[{"href":"https:\/\/theinvisiblecollection.com\/fr\/wp-json\/wp\/v2\/product"}],"about":[{"href":"https:\/\/theinvisiblecollection.com\/fr\/wp-json\/wp\/v2\/types\/product"}],"wp:featuredmedia":[{"embeddable":true,"href":"https:\/\/theinvisiblecollection.com\/fr\/wp-json\/wp\/v2\/media\/5862858"}],"wp:attachment":[{"href":"https:\/\/theinvisiblecollection.com\/fr\/wp-json\/wp\/v2\/media?parent=5862910"}],"wp:term":[{"taxonomy":"product_brand","embeddable":true,"href":"https:\/\/theinvisiblecollection.com\/fr\/wp-json\/wp\/v2\/product_brand?post=5862910"},{"taxonomy":"product_cat","embeddable":true,"href":"https:\/\/theinvisiblecollection.com\/fr\/wp-json\/wp\/v2\/product_cat?post=5862910"},{"taxonomy":"product_tag","embeddable":true,"href":"https:\/\/theinvisiblecollection.com\/fr\/wp-json\/wp\/v2\/product_tag?post=5862910"},{"taxonomy":"product_designer","embeddable":true,"href":"https:\/\/theinvisiblecollection.com\/fr\/wp-json\/wp\/v2\/product_designer?post=5862910"},{"taxonomy":"comfabric","embeddable":true,"href":"https:\/\/theinvisiblecollection.com\/fr\/wp-json\/wp\/v2\/comfabric?post=5862910"},{"taxonomy":"manufacturer","embeddable":true,"href":"https:\/\/theinvisiblecollection.com\/fr\/wp-json\/wp\/v2\/manufacturer?post=5862910"},{"taxonomy":"reporting_designer","embeddable":true,"href":"https:\/\/theinvisiblecollection.com\/fr\/wp-json\/wp\/v2\/reporting_designer?post=5862910"},{"taxonomy":"samplecomfabric","embeddable":true,"href":"https:\/\/theinvisiblecollection.com\/fr\/wp-json\/wp\/v2\/samplecomfabric?post=5862910"},{"taxonomy":"clubroom_product_designer","embeddable":true,"href":"https:\/\/theinvisiblecollection.com\/fr\/wp-json\/wp\/v2\/designer_clubroom?post=5862910"}],"curies":[{"name":"wp","href":"https:\/\/api.w.org\/{rel}","templated":true}]}}