{"id":5863776,"date":"2025-09-15T13:59:10","date_gmt":"2025-09-15T13:59:10","guid":{"rendered":"https:\/\/theinvisiblecollection.com\/?post_type=product&#038;p=5863776"},"modified":"2026-05-01T07:37:13","modified_gmt":"2026-05-01T07:37:13","slug":"dagmar-tabouret-entre-par-kai-kristiansen","status":"publish","type":"product","link":"https:\/\/theinvisiblecollection.com\/fr\/produit\/dagmar-tabouret-entre-par-kai-kristiansen\/","title":{"rendered":"Tabouret Entre par Kai Kristiansen"},"content":{"rendered":"<p style=\"text-align: justify;\" data-start=\"42\" data-end=\"235\">Alliant les principes du design danois au savoir-faire moderne, le travail de Kai Kristiansen trouve un \u00e9quilibre subtil entre styles contemporain et classique, agr\u00e9ment\u00e9 de d\u00e9tails \u00e9l\u00e9gants. Cette \u00e9dition du tabouret Entre a \u00e9t\u00e9 r\u00e9alis\u00e9e selon des techniques d\u2019assemblage traditionnelles et se distingue par ses pieds biseaut\u00e9s embl\u00e9matiques.<\/p>\n","protected":false},"excerpt":{"rendered":"<p>Alliant les principes du design danois au savoir-faire moderne, le travail de Kai Kristiansen trouve un \u00e9quilibre subtil entre styles contemporain et classique, agr\u00e9ment\u00e9 de d\u00e9tails \u00e9l\u00e9gants. Cette \u00e9dition du tabouret Entre a \u00e9t\u00e9 r\u00e9alis\u00e9e selon des techniques d\u2019assemblage traditionnelles et se distingue par ses pieds biseaut\u00e9s embl\u00e9matiques.<\/p>\n","protected":false},"featured_media":5863662,"template":"","meta":{"_acf_changed":false,"content-type":"","_themeisle_gutenberg_block_has_review":false},"product_brand":[],"product_cat":[8969,12499],"product_tag":[8942,9275,11235,35327],"product_designer":[17681],"comfabric":[35307],"manufacturer":[35305],"reporting_designer":[37466],"samplecomfabric":[],"designer_clubroom":[],"class_list":{"0":"post-5863776","1":"product","2":"type-product","3":"status-publish","4":"has-post-thumbnail","6":"product_cat-ottomans-tabourets","7":"product_cat-assises","8":"product_tag-assise","9":"product_tag-tabouret-fr-2","10":"product_tag-reedition-fr-fr","11":"product_tag-re-edition-fr","12":"pa_size-moyen-fr","13":"pa_size-petit","14":"product_designer-dagmar-fr","15":"comfabric-dagmar-kai-kristiansen-collection-pick-up-fr","16":"manufacturer-dagmar-kai-kristiansen-collection-pick-up-fr","17":"reporting_designer-dagmar","19":"first","20":"instock","21":"taxable","22":"shipping-taxable","23":"product-type-variable"},"acf":[],"_links":{"self":[{"href":"https:\/\/theinvisiblecollection.com\/fr\/wp-json\/wp\/v2\/product\/5863776","targetHints":{"allow":["GET"]}}],"collection":[{"href":"https:\/\/theinvisiblecollection.com\/fr\/wp-json\/wp\/v2\/product"}],"about":[{"href":"https:\/\/theinvisiblecollection.com\/fr\/wp-json\/wp\/v2\/types\/product"}],"wp:featuredmedia":[{"embeddable":true,"href":"https:\/\/theinvisiblecollection.com\/fr\/wp-json\/wp\/v2\/media\/5863662"}],"wp:attachment":[{"href":"https:\/\/theinvisiblecollection.com\/fr\/wp-json\/wp\/v2\/media?parent=5863776"}],"wp:term":[{"taxonomy":"product_brand","embeddable":true,"href":"https:\/\/theinvisiblecollection.com\/fr\/wp-json\/wp\/v2\/product_brand?post=5863776"},{"taxonomy":"product_cat","embeddable":true,"href":"https:\/\/theinvisiblecollection.com\/fr\/wp-json\/wp\/v2\/product_cat?post=5863776"},{"taxonomy":"product_tag","embeddable":true,"href":"https:\/\/theinvisiblecollection.com\/fr\/wp-json\/wp\/v2\/product_tag?post=5863776"},{"taxonomy":"product_designer","embeddable":true,"href":"https:\/\/theinvisiblecollection.com\/fr\/wp-json\/wp\/v2\/product_designer?post=5863776"},{"taxonomy":"comfabric","embeddable":true,"href":"https:\/\/theinvisiblecollection.com\/fr\/wp-json\/wp\/v2\/comfabric?post=5863776"},{"taxonomy":"manufacturer","embeddable":true,"href":"https:\/\/theinvisiblecollection.com\/fr\/wp-json\/wp\/v2\/manufacturer?post=5863776"},{"taxonomy":"reporting_designer","embeddable":true,"href":"https:\/\/theinvisiblecollection.com\/fr\/wp-json\/wp\/v2\/reporting_designer?post=5863776"},{"taxonomy":"samplecomfabric","embeddable":true,"href":"https:\/\/theinvisiblecollection.com\/fr\/wp-json\/wp\/v2\/samplecomfabric?post=5863776"},{"taxonomy":"clubroom_product_designer","embeddable":true,"href":"https:\/\/theinvisiblecollection.com\/fr\/wp-json\/wp\/v2\/designer_clubroom?post=5863776"}],"curies":[{"name":"wp","href":"https:\/\/api.w.org\/{rel}","templated":true}]}}