{"id":5863872,"date":"2025-09-15T14:17:22","date_gmt":"2025-09-15T14:17:22","guid":{"rendered":"https:\/\/theinvisiblecollection.com\/?post_type=product&#038;p=5863872"},"modified":"2026-05-01T07:37:13","modified_gmt":"2026-05-01T07:37:13","slug":"dagmar-bureau-modele-36-par-severin-hansen","status":"publish","type":"product","link":"https:\/\/theinvisiblecollection.com\/fr\/produit\/dagmar-bureau-modele-36-par-severin-hansen\/","title":{"rendered":"Bureau Mod\u00e8le 36 par Severin Hansen"},"content":{"rendered":"<p style=\"text-align: justify;\">Le bureau Mod\u00e8le 36 de Severin Hansen, con\u00e7u en 1958 alors qu\u2019il n\u2019avait que 22 ans, est un v\u00e9ritable ic\u00f4ne du design <em data-start=\"164\" data-end=\"179\">Danish Modern<\/em>. Son allure intemporelle et contemporaine se distingue par les embl\u00e9matiques assemblages \u00e0 coupe d\u2019onglet en trois directions et ses pieds fusel\u00e9s. Lors de sa premi\u00e8re exposition, la future reine Margrethe II est tomb\u00e9e sous le charme de ce bureau, et son p\u00e8re, le roi Frederik, le lui a offert. Pour lui rendre hommage, nous relan\u00e7ons aujourd\u2019hui ces cr\u00e9ations sous le nom de Collection Margrethe.<\/p>\n","protected":false},"excerpt":{"rendered":"<p>Le bureau Mod\u00e8le 36 de Severin Hansen, con\u00e7u en 1958 alors qu\u2019il n\u2019avait que 22 ans, est un v\u00e9ritable ic\u00f4ne du design Danish Modern. Son allure intemporelle et contemporaine se distingue par les embl\u00e9matiques assemblages \u00e0 coupe d\u2019onglet en trois directions et ses pieds fusel\u00e9s. Lors de sa premi\u00e8re exposition, la future reine Margrethe II [&hellip;]<\/p>\n","protected":false},"featured_media":5863856,"template":"","meta":{"_acf_changed":false,"content-type":"","_themeisle_gutenberg_block_has_review":false},"product_brand":[],"product_cat":[7704,12503],"product_tag":[35326,35327,9639,11235],"product_designer":[17681],"comfabric":[],"manufacturer":[35311],"reporting_designer":[37466],"samplecomfabric":[],"designer_clubroom":[],"class_list":{"0":"post-5863872","1":"product","2":"type-product","3":"status-publish","4":"has-post-thumbnail","6":"product_cat-bureaux-fr","7":"product_cat-tables-fr","8":"product_tag-st-scandinavian-fr","9":"product_tag-re-edition-fr","10":"product_tag-bureau-fr","11":"product_tag-reedition-fr-fr","12":"product_designer-dagmar-fr","13":"manufacturer-dagmar-severin-hansen-collection-fr","14":"reporting_designer-dagmar","16":"first","17":"instock","18":"taxable","19":"shipping-taxable","20":"product-type-variable"},"acf":[],"_links":{"self":[{"href":"https:\/\/theinvisiblecollection.com\/fr\/wp-json\/wp\/v2\/product\/5863872","targetHints":{"allow":["GET"]}}],"collection":[{"href":"https:\/\/theinvisiblecollection.com\/fr\/wp-json\/wp\/v2\/product"}],"about":[{"href":"https:\/\/theinvisiblecollection.com\/fr\/wp-json\/wp\/v2\/types\/product"}],"wp:featuredmedia":[{"embeddable":true,"href":"https:\/\/theinvisiblecollection.com\/fr\/wp-json\/wp\/v2\/media\/5863856"}],"wp:attachment":[{"href":"https:\/\/theinvisiblecollection.com\/fr\/wp-json\/wp\/v2\/media?parent=5863872"}],"wp:term":[{"taxonomy":"product_brand","embeddable":true,"href":"https:\/\/theinvisiblecollection.com\/fr\/wp-json\/wp\/v2\/product_brand?post=5863872"},{"taxonomy":"product_cat","embeddable":true,"href":"https:\/\/theinvisiblecollection.com\/fr\/wp-json\/wp\/v2\/product_cat?post=5863872"},{"taxonomy":"product_tag","embeddable":true,"href":"https:\/\/theinvisiblecollection.com\/fr\/wp-json\/wp\/v2\/product_tag?post=5863872"},{"taxonomy":"product_designer","embeddable":true,"href":"https:\/\/theinvisiblecollection.com\/fr\/wp-json\/wp\/v2\/product_designer?post=5863872"},{"taxonomy":"comfabric","embeddable":true,"href":"https:\/\/theinvisiblecollection.com\/fr\/wp-json\/wp\/v2\/comfabric?post=5863872"},{"taxonomy":"manufacturer","embeddable":true,"href":"https:\/\/theinvisiblecollection.com\/fr\/wp-json\/wp\/v2\/manufacturer?post=5863872"},{"taxonomy":"reporting_designer","embeddable":true,"href":"https:\/\/theinvisiblecollection.com\/fr\/wp-json\/wp\/v2\/reporting_designer?post=5863872"},{"taxonomy":"samplecomfabric","embeddable":true,"href":"https:\/\/theinvisiblecollection.com\/fr\/wp-json\/wp\/v2\/samplecomfabric?post=5863872"},{"taxonomy":"clubroom_product_designer","embeddable":true,"href":"https:\/\/theinvisiblecollection.com\/fr\/wp-json\/wp\/v2\/designer_clubroom?post=5863872"}],"curies":[{"name":"wp","href":"https:\/\/api.w.org\/{rel}","templated":true}]}}