{"id":5863881,"date":"2025-09-15T12:43:56","date_gmt":"2025-09-15T12:43:56","guid":{"rendered":"https:\/\/theinvisiblecollection.com\/?post_type=product&#038;p=5863881"},"modified":"2026-05-01T07:37:13","modified_gmt":"2026-05-01T07:37:13","slug":"dagmar-table-de-chevet-35-par-severin-hansen","status":"publish","type":"product","link":"https:\/\/theinvisiblecollection.com\/fr\/produit\/dagmar-table-de-chevet-35-par-severin-hansen\/","title":{"rendered":"Table De Chevet Mod\u00e8le 35 par Severin Hansen"},"content":{"rendered":"<p style=\"text-align: justify;\">Le designer danois Severin Hansen avait une approche audacieuse du design, et ses cr\u00e9ations, en avance sur leur temps, ont imm\u00e9diatement attir\u00e9 l\u2019attention d\u2019un public international. Ces \u00e9l\u00e9gantes tables de chevet pr\u00e9sentent les embl\u00e9matiques assemblages en onglet \u00e0 trois voies de Hansen ainsi que des pieds fusel\u00e9s. Disponibles en ch\u00eane ou en noyer, avec ou sans \u00e9tag\u00e8re en cannage.<\/p>\n","protected":false},"excerpt":{"rendered":"<p>Le designer danois Severin Hansen avait une approche audacieuse du design, et ses cr\u00e9ations, en avance sur leur temps, ont imm\u00e9diatement attir\u00e9 l\u2019attention d\u2019un public international. Ces \u00e9l\u00e9gantes tables de chevet pr\u00e9sentent les embl\u00e9matiques assemblages en onglet \u00e0 trois voies de Hansen ainsi que des pieds fusel\u00e9s. Disponibles en ch\u00eane ou en noyer, avec ou [&hellip;]<\/p>\n","protected":false},"featured_media":5864005,"template":"","meta":{"_acf_changed":false,"content-type":"","_themeisle_gutenberg_block_has_review":false},"product_brand":[],"product_cat":[12501,12503,12514],"product_tag":[11235,35326],"product_designer":[17681],"comfabric":[],"manufacturer":[35311],"reporting_designer":[37466],"samplecomfabric":[],"designer_clubroom":[],"class_list":{"0":"post-5863881","1":"product","2":"type-product","3":"status-publish","4":"has-post-thumbnail","6":"product_cat-chambre-a-coucher","7":"product_cat-tables-fr","8":"product_cat-tables-de-chevet","9":"product_tag-reedition-fr-fr","10":"product_tag-st-scandinavian-fr","11":"product_designer-dagmar-fr","12":"manufacturer-dagmar-severin-hansen-collection-fr","13":"reporting_designer-dagmar","15":"first","16":"instock","17":"taxable","18":"shipping-taxable","19":"product-type-variable"},"acf":[],"_links":{"self":[{"href":"https:\/\/theinvisiblecollection.com\/fr\/wp-json\/wp\/v2\/product\/5863881","targetHints":{"allow":["GET"]}}],"collection":[{"href":"https:\/\/theinvisiblecollection.com\/fr\/wp-json\/wp\/v2\/product"}],"about":[{"href":"https:\/\/theinvisiblecollection.com\/fr\/wp-json\/wp\/v2\/types\/product"}],"wp:featuredmedia":[{"embeddable":true,"href":"https:\/\/theinvisiblecollection.com\/fr\/wp-json\/wp\/v2\/media\/5864005"}],"wp:attachment":[{"href":"https:\/\/theinvisiblecollection.com\/fr\/wp-json\/wp\/v2\/media?parent=5863881"}],"wp:term":[{"taxonomy":"product_brand","embeddable":true,"href":"https:\/\/theinvisiblecollection.com\/fr\/wp-json\/wp\/v2\/product_brand?post=5863881"},{"taxonomy":"product_cat","embeddable":true,"href":"https:\/\/theinvisiblecollection.com\/fr\/wp-json\/wp\/v2\/product_cat?post=5863881"},{"taxonomy":"product_tag","embeddable":true,"href":"https:\/\/theinvisiblecollection.com\/fr\/wp-json\/wp\/v2\/product_tag?post=5863881"},{"taxonomy":"product_designer","embeddable":true,"href":"https:\/\/theinvisiblecollection.com\/fr\/wp-json\/wp\/v2\/product_designer?post=5863881"},{"taxonomy":"comfabric","embeddable":true,"href":"https:\/\/theinvisiblecollection.com\/fr\/wp-json\/wp\/v2\/comfabric?post=5863881"},{"taxonomy":"manufacturer","embeddable":true,"href":"https:\/\/theinvisiblecollection.com\/fr\/wp-json\/wp\/v2\/manufacturer?post=5863881"},{"taxonomy":"reporting_designer","embeddable":true,"href":"https:\/\/theinvisiblecollection.com\/fr\/wp-json\/wp\/v2\/reporting_designer?post=5863881"},{"taxonomy":"samplecomfabric","embeddable":true,"href":"https:\/\/theinvisiblecollection.com\/fr\/wp-json\/wp\/v2\/samplecomfabric?post=5863881"},{"taxonomy":"clubroom_product_designer","embeddable":true,"href":"https:\/\/theinvisiblecollection.com\/fr\/wp-json\/wp\/v2\/designer_clubroom?post=5863881"}],"curies":[{"name":"wp","href":"https:\/\/api.w.org\/{rel}","templated":true}]}}