{"id":5864251,"date":"2026-01-27T10:43:25","date_gmt":"2026-01-27T10:43:25","guid":{"rendered":"https:\/\/theinvisiblecollection.com\/?post_type=product&#038;p=5864251"},"modified":"2026-05-01T07:37:13","modified_gmt":"2026-05-01T07:37:13","slug":"jean-michel-fracnk-tabouret-rond-x-1934","status":"publish","type":"product","link":"https:\/\/theinvisiblecollection.com\/fr\/produit\/jean-michel-fracnk-tabouret-rond-x-1934\/","title":{"rendered":"Tabouret Rond X 1934"},"content":{"rendered":"<p>Le Tabouret X, dessin\u00e9 par Jean-Michel Frank vers 1930, \u00e9tait autrefois pr\u00e9sent\u00e9 dans la vitrine de la boutique du designer, situ\u00e9e au 140, rue du Faubourg Saint-Honor\u00e9. Cette pi\u00e8ce \u00e9tait alors rev\u00eatue d\u2019une assise en cuir, brod\u00e9e d\u2019un motif de Christian B\u00e9rard.<\/p>\n","protected":false},"excerpt":{"rendered":"<p>Le Tabouret X, dessin\u00e9 par Jean-Michel Frank vers 1930, \u00e9tait autrefois pr\u00e9sent\u00e9 dans la vitrine de la boutique du designer, situ\u00e9e au 140, rue du Faubourg Saint-Honor\u00e9. Cette pi\u00e8ce \u00e9tait alors rev\u00eatue d\u2019une assise en cuir, brod\u00e9e d\u2019un motif de Christian B\u00e9rard.<\/p>\n","protected":false},"featured_media":5864239,"template":"","meta":{"_acf_changed":false,"content-type":"","_themeisle_gutenberg_block_has_review":false},"product_brand":[],"product_cat":[8969,12499],"product_tag":[35327,8942,9275,11235,35206],"product_designer":[10154,10638],"comfabric":[],"manufacturer":[16874],"reporting_designer":[37612],"samplecomfabric":[],"designer_clubroom":[],"class_list":{"0":"post-5864251","1":"product","2":"type-product","3":"status-publish","4":"has-post-thumbnail","6":"product_cat-ottomans-tabourets","7":"product_cat-assises","8":"product_tag-re-edition-fr","9":"product_tag-assise","10":"product_tag-tabouret-fr-2","11":"product_tag-reedition-fr-fr","12":"product_tag-exclusive-fr","13":"product_designer-jean-michel-frank-fr","14":"product_designer-ecart-international-fr","15":"manufacturer-ecart-international-argentat","16":"reporting_designer-ecart-international","18":"first","19":"instock","20":"taxable","21":"shipping-taxable","22":"purchasable","23":"product-type-variable"},"acf":[],"_links":{"self":[{"href":"https:\/\/theinvisiblecollection.com\/fr\/wp-json\/wp\/v2\/product\/5864251","targetHints":{"allow":["GET"]}}],"collection":[{"href":"https:\/\/theinvisiblecollection.com\/fr\/wp-json\/wp\/v2\/product"}],"about":[{"href":"https:\/\/theinvisiblecollection.com\/fr\/wp-json\/wp\/v2\/types\/product"}],"wp:featuredmedia":[{"embeddable":true,"href":"https:\/\/theinvisiblecollection.com\/fr\/wp-json\/wp\/v2\/media\/5864239"}],"wp:attachment":[{"href":"https:\/\/theinvisiblecollection.com\/fr\/wp-json\/wp\/v2\/media?parent=5864251"}],"wp:term":[{"taxonomy":"product_brand","embeddable":true,"href":"https:\/\/theinvisiblecollection.com\/fr\/wp-json\/wp\/v2\/product_brand?post=5864251"},{"taxonomy":"product_cat","embeddable":true,"href":"https:\/\/theinvisiblecollection.com\/fr\/wp-json\/wp\/v2\/product_cat?post=5864251"},{"taxonomy":"product_tag","embeddable":true,"href":"https:\/\/theinvisiblecollection.com\/fr\/wp-json\/wp\/v2\/product_tag?post=5864251"},{"taxonomy":"product_designer","embeddable":true,"href":"https:\/\/theinvisiblecollection.com\/fr\/wp-json\/wp\/v2\/product_designer?post=5864251"},{"taxonomy":"comfabric","embeddable":true,"href":"https:\/\/theinvisiblecollection.com\/fr\/wp-json\/wp\/v2\/comfabric?post=5864251"},{"taxonomy":"manufacturer","embeddable":true,"href":"https:\/\/theinvisiblecollection.com\/fr\/wp-json\/wp\/v2\/manufacturer?post=5864251"},{"taxonomy":"reporting_designer","embeddable":true,"href":"https:\/\/theinvisiblecollection.com\/fr\/wp-json\/wp\/v2\/reporting_designer?post=5864251"},{"taxonomy":"samplecomfabric","embeddable":true,"href":"https:\/\/theinvisiblecollection.com\/fr\/wp-json\/wp\/v2\/samplecomfabric?post=5864251"},{"taxonomy":"clubroom_product_designer","embeddable":true,"href":"https:\/\/theinvisiblecollection.com\/fr\/wp-json\/wp\/v2\/designer_clubroom?post=5864251"}],"curies":[{"name":"wp","href":"https:\/\/api.w.org\/{rel}","templated":true}]}}