{"id":5865028,"date":"2025-09-22T07:45:17","date_gmt":"2025-09-22T07:45:17","guid":{"rendered":"https:\/\/theinvisiblecollection.com\/?post_type=product&#038;p=5865028"},"modified":"2026-05-01T07:37:13","modified_gmt":"2026-05-01T07:37:13","slug":"dagmar-canape-karu","status":"publish","type":"product","link":"https:\/\/theinvisiblecollection.com\/fr\/produit\/dagmar-canape-karu\/","title":{"rendered":"Canap\u00e9 Karu"},"content":{"rendered":"<p>Le canap\u00e9 et le fauteuil Karu ont \u00e9t\u00e9 produits pour la premi\u00e8re fois par Gunnar Haimi pour sa soci\u00e9t\u00e9 Haimi Oy en Finlande dans les ann\u00e9es 1940. Cette nouvelle \u00e9dition du canap\u00e9 est disponible en deux tailles, s\u2019accordant parfaitement avec le fauteuil et le tabouret Karu. Les proportions et les accoudoirs incurv\u00e9s de ces pi\u00e8ces incarnent \u00e0 merveille l\u2019esth\u00e9tique nordique d\u2019apr\u00e8s-guerre.<\/p>\n","protected":false},"excerpt":{"rendered":"<p>Le canap\u00e9 et le fauteuil Karu ont \u00e9t\u00e9 produits pour la premi\u00e8re fois par Gunnar Haimi pour sa soci\u00e9t\u00e9 Haimi Oy en Finlande dans les ann\u00e9es 1940. Cette nouvelle \u00e9dition du canap\u00e9 est disponible en deux tailles, s\u2019accordant parfaitement avec le fauteuil et le tabouret Karu. Les proportions et les accoudoirs incurv\u00e9s de ces pi\u00e8ces [&hellip;]<\/p>\n","protected":false},"featured_media":5865277,"template":"","meta":{"_acf_changed":false,"content-type":"","_themeisle_gutenberg_block_has_review":false},"product_brand":[],"product_cat":[8976,12499],"product_tag":[11235,22790,31477,35326,8942,8944],"product_designer":[17681],"comfabric":[32520],"manufacturer":[32518],"reporting_designer":[37466],"samplecomfabric":[],"designer_clubroom":[],"class_list":{"0":"post-5865028","1":"product","2":"type-product","3":"status-publish","4":"has-post-thumbnail","6":"product_cat-canapes","7":"product_cat-assises","8":"product_tag-reedition-fr-fr","9":"product_tag-disponible-immediatement","10":"product_tag-st-curvy-fr","11":"product_tag-st-scandinavian-fr","12":"product_tag-assise","13":"product_tag-canape","14":"pa_size-deux-places","15":"pa_size-trois-places","16":"product_designer-dagmar-fr","17":"comfabric-dagmar-atelier-sweden-fr","18":"manufacturer-dagmar-atelier-sweden-fr","19":"reporting_designer-dagmar","20":"exhibitions-new-york-fr","22":"first","23":"instock","24":"taxable","25":"shipping-taxable","26":"product-type-variable"},"acf":[],"_links":{"self":[{"href":"https:\/\/theinvisiblecollection.com\/fr\/wp-json\/wp\/v2\/product\/5865028","targetHints":{"allow":["GET"]}}],"collection":[{"href":"https:\/\/theinvisiblecollection.com\/fr\/wp-json\/wp\/v2\/product"}],"about":[{"href":"https:\/\/theinvisiblecollection.com\/fr\/wp-json\/wp\/v2\/types\/product"}],"wp:featuredmedia":[{"embeddable":true,"href":"https:\/\/theinvisiblecollection.com\/fr\/wp-json\/wp\/v2\/media\/5865277"}],"wp:attachment":[{"href":"https:\/\/theinvisiblecollection.com\/fr\/wp-json\/wp\/v2\/media?parent=5865028"}],"wp:term":[{"taxonomy":"product_brand","embeddable":true,"href":"https:\/\/theinvisiblecollection.com\/fr\/wp-json\/wp\/v2\/product_brand?post=5865028"},{"taxonomy":"product_cat","embeddable":true,"href":"https:\/\/theinvisiblecollection.com\/fr\/wp-json\/wp\/v2\/product_cat?post=5865028"},{"taxonomy":"product_tag","embeddable":true,"href":"https:\/\/theinvisiblecollection.com\/fr\/wp-json\/wp\/v2\/product_tag?post=5865028"},{"taxonomy":"product_designer","embeddable":true,"href":"https:\/\/theinvisiblecollection.com\/fr\/wp-json\/wp\/v2\/product_designer?post=5865028"},{"taxonomy":"comfabric","embeddable":true,"href":"https:\/\/theinvisiblecollection.com\/fr\/wp-json\/wp\/v2\/comfabric?post=5865028"},{"taxonomy":"manufacturer","embeddable":true,"href":"https:\/\/theinvisiblecollection.com\/fr\/wp-json\/wp\/v2\/manufacturer?post=5865028"},{"taxonomy":"reporting_designer","embeddable":true,"href":"https:\/\/theinvisiblecollection.com\/fr\/wp-json\/wp\/v2\/reporting_designer?post=5865028"},{"taxonomy":"samplecomfabric","embeddable":true,"href":"https:\/\/theinvisiblecollection.com\/fr\/wp-json\/wp\/v2\/samplecomfabric?post=5865028"},{"taxonomy":"clubroom_product_designer","embeddable":true,"href":"https:\/\/theinvisiblecollection.com\/fr\/wp-json\/wp\/v2\/designer_clubroom?post=5865028"}],"curies":[{"name":"wp","href":"https:\/\/api.w.org\/{rel}","templated":true}]}}