{"id":5865303,"date":"2025-09-22T13:33:52","date_gmt":"2025-09-22T13:33:52","guid":{"rendered":"https:\/\/theinvisiblecollection.com\/?post_type=product&#038;p=5865303"},"modified":"2026-05-08T04:38:29","modified_gmt":"2026-05-08T04:38:29","slug":"jean-michel-frank-design-bergere-1924","status":"publish","type":"product","link":"https:\/\/theinvisiblecollection.com\/fr\/produit\/jean-michel-frank-design-bergere-1924\/","title":{"rendered":"Berg\u00e8re 1924"},"content":{"rendered":"<p>D\u2019inspiration \u00e9gyptienne, la Berg\u00e8re, cr\u00e9\u00e9e vers 1924, figure parmi les pi\u00e8ces les plus embl\u00e9matiques de Jean-Michel Frank. Sobre et \u00e9l\u00e9gante, elle fut int\u00e9gr\u00e9e \u00e0 de nombreux projets de d\u00e9coration men\u00e9s par le designer, notamment dans les biblioth\u00e8ques de Robert Couturier et d\u2019Armand Massard, ainsi que dans le salon de Monsieur Henrion.<\/p>\n","protected":false},"excerpt":{"rendered":"<p>D\u2019inspiration \u00e9gyptienne, la Berg\u00e8re, cr\u00e9\u00e9e vers 1924, figure parmi les pi\u00e8ces les plus embl\u00e9matiques de Jean-Michel Frank. Sobre et \u00e9l\u00e9gante, elle fut int\u00e9gr\u00e9e \u00e0 de nombreux projets de d\u00e9coration men\u00e9s par le designer, notamment dans les biblioth\u00e8ques de Robert Couturier et d\u2019Armand Massard, ainsi que dans le salon de Monsieur Henrion.<\/p>\n","protected":false},"featured_media":5865318,"template":"","meta":{"_acf_changed":false,"content-type":"","_themeisle_gutenberg_block_has_review":false},"product_brand":[],"product_cat":[8945,12499],"product_tag":[8942,9150,11097,11235,35206,35327],"product_designer":[10154,10638],"comfabric":[],"manufacturer":[16874],"reporting_designer":[37612],"samplecomfabric":[],"designer_clubroom":[],"class_list":{"0":"post-5865303","1":"product","2":"type-product","3":"status-publish","4":"has-post-thumbnail","6":"product_cat-fauteuils","7":"product_cat-assises","8":"product_tag-assise","9":"product_tag-fauteuil-fr-2","10":"product_tag-ecart-fr","11":"product_tag-reedition-fr-fr","12":"product_tag-exclusive-fr","13":"product_tag-re-edition-fr","14":"product_designer-jean-michel-frank-fr","15":"product_designer-ecart-international-fr","16":"manufacturer-ecart-international-argentat","17":"reporting_designer-ecart-international","19":"first","20":"instock","21":"taxable","22":"shipping-taxable","23":"purchasable","24":"product-type-variable"},"acf":[],"_links":{"self":[{"href":"https:\/\/theinvisiblecollection.com\/fr\/wp-json\/wp\/v2\/product\/5865303","targetHints":{"allow":["GET"]}}],"collection":[{"href":"https:\/\/theinvisiblecollection.com\/fr\/wp-json\/wp\/v2\/product"}],"about":[{"href":"https:\/\/theinvisiblecollection.com\/fr\/wp-json\/wp\/v2\/types\/product"}],"wp:featuredmedia":[{"embeddable":true,"href":"https:\/\/theinvisiblecollection.com\/fr\/wp-json\/wp\/v2\/media\/5865318"}],"wp:attachment":[{"href":"https:\/\/theinvisiblecollection.com\/fr\/wp-json\/wp\/v2\/media?parent=5865303"}],"wp:term":[{"taxonomy":"product_brand","embeddable":true,"href":"https:\/\/theinvisiblecollection.com\/fr\/wp-json\/wp\/v2\/product_brand?post=5865303"},{"taxonomy":"product_cat","embeddable":true,"href":"https:\/\/theinvisiblecollection.com\/fr\/wp-json\/wp\/v2\/product_cat?post=5865303"},{"taxonomy":"product_tag","embeddable":true,"href":"https:\/\/theinvisiblecollection.com\/fr\/wp-json\/wp\/v2\/product_tag?post=5865303"},{"taxonomy":"product_designer","embeddable":true,"href":"https:\/\/theinvisiblecollection.com\/fr\/wp-json\/wp\/v2\/product_designer?post=5865303"},{"taxonomy":"comfabric","embeddable":true,"href":"https:\/\/theinvisiblecollection.com\/fr\/wp-json\/wp\/v2\/comfabric?post=5865303"},{"taxonomy":"manufacturer","embeddable":true,"href":"https:\/\/theinvisiblecollection.com\/fr\/wp-json\/wp\/v2\/manufacturer?post=5865303"},{"taxonomy":"reporting_designer","embeddable":true,"href":"https:\/\/theinvisiblecollection.com\/fr\/wp-json\/wp\/v2\/reporting_designer?post=5865303"},{"taxonomy":"samplecomfabric","embeddable":true,"href":"https:\/\/theinvisiblecollection.com\/fr\/wp-json\/wp\/v2\/samplecomfabric?post=5865303"},{"taxonomy":"clubroom_product_designer","embeddable":true,"href":"https:\/\/theinvisiblecollection.com\/fr\/wp-json\/wp\/v2\/designer_clubroom?post=5865303"}],"curies":[{"name":"wp","href":"https:\/\/api.w.org\/{rel}","templated":true}]}}