{"id":5865707,"date":"2025-09-24T09:09:17","date_gmt":"2025-09-24T09:09:17","guid":{"rendered":"https:\/\/theinvisiblecollection.com\/?post_type=product&#038;p=5865707"},"modified":"2026-05-01T07:37:13","modified_gmt":"2026-05-01T07:37:13","slug":"jean-michel-franck-fauteuil-cube-1922","status":"publish","type":"product","link":"https:\/\/theinvisiblecollection.com\/fr\/produit\/jean-michel-franck-fauteuil-cube-1922\/","title":{"rendered":"Fauteuil Cube 1922"},"content":{"rendered":"<div class=\"product__description\">\n<div class=\"rte\">\n<div class=\"metafield-rich_text_field\">\n<p>Dessin\u00e9 en 1922, le Fauteuil Cube incarne l&#8217;esth\u00e9tique minimaliste de Jean-Michel Frank caract\u00e9ris\u00e9e par des lignes sobres et g\u00e9om\u00e9triques. Cette pi\u00e8ce a trouv\u00e9 place chez de nombreux clients prestigieux, notamment dans le Grand Salon de Madame Cerf ou encore le salon de musique de Cole Porter.<\/p>\n<\/div>\n<\/div>\n<\/div>\n<div class=\"product__liquid\"><\/div>\n","protected":false},"excerpt":{"rendered":"<p>Dessin\u00e9 en 1922, le Fauteuil Cube incarne l&#8217;esth\u00e9tique minimaliste de Jean-Michel Frank caract\u00e9ris\u00e9e par des lignes sobres et g\u00e9om\u00e9triques. Cette pi\u00e8ce a trouv\u00e9 place chez de nombreux clients prestigieux, notamment dans le Grand Salon de Madame Cerf ou encore le salon de musique de Cole Porter.<\/p>\n","protected":false},"featured_media":5865714,"template":"","meta":{"_acf_changed":false,"content-type":"","_themeisle_gutenberg_block_has_review":false},"product_brand":[],"product_cat":[8945,12499],"product_tag":[8942,9150,11235,35206,35327],"product_designer":[10154,10638],"comfabric":[],"manufacturer":[16874],"reporting_designer":[37612],"samplecomfabric":[],"designer_clubroom":[],"class_list":{"0":"post-5865707","1":"product","2":"type-product","3":"status-publish","4":"has-post-thumbnail","6":"product_cat-fauteuils","7":"product_cat-assises","8":"product_tag-assise","9":"product_tag-fauteuil-fr-2","10":"product_tag-reedition-fr-fr","11":"product_tag-exclusive-fr","12":"product_tag-re-edition-fr","13":"product_designer-jean-michel-frank-fr","14":"product_designer-ecart-international-fr","15":"manufacturer-ecart-international-argentat","16":"reporting_designer-ecart-international","18":"first","19":"instock","20":"taxable","21":"shipping-taxable","22":"purchasable","23":"product-type-variable"},"acf":[],"_links":{"self":[{"href":"https:\/\/theinvisiblecollection.com\/fr\/wp-json\/wp\/v2\/product\/5865707","targetHints":{"allow":["GET"]}}],"collection":[{"href":"https:\/\/theinvisiblecollection.com\/fr\/wp-json\/wp\/v2\/product"}],"about":[{"href":"https:\/\/theinvisiblecollection.com\/fr\/wp-json\/wp\/v2\/types\/product"}],"wp:featuredmedia":[{"embeddable":true,"href":"https:\/\/theinvisiblecollection.com\/fr\/wp-json\/wp\/v2\/media\/5865714"}],"wp:attachment":[{"href":"https:\/\/theinvisiblecollection.com\/fr\/wp-json\/wp\/v2\/media?parent=5865707"}],"wp:term":[{"taxonomy":"product_brand","embeddable":true,"href":"https:\/\/theinvisiblecollection.com\/fr\/wp-json\/wp\/v2\/product_brand?post=5865707"},{"taxonomy":"product_cat","embeddable":true,"href":"https:\/\/theinvisiblecollection.com\/fr\/wp-json\/wp\/v2\/product_cat?post=5865707"},{"taxonomy":"product_tag","embeddable":true,"href":"https:\/\/theinvisiblecollection.com\/fr\/wp-json\/wp\/v2\/product_tag?post=5865707"},{"taxonomy":"product_designer","embeddable":true,"href":"https:\/\/theinvisiblecollection.com\/fr\/wp-json\/wp\/v2\/product_designer?post=5865707"},{"taxonomy":"comfabric","embeddable":true,"href":"https:\/\/theinvisiblecollection.com\/fr\/wp-json\/wp\/v2\/comfabric?post=5865707"},{"taxonomy":"manufacturer","embeddable":true,"href":"https:\/\/theinvisiblecollection.com\/fr\/wp-json\/wp\/v2\/manufacturer?post=5865707"},{"taxonomy":"reporting_designer","embeddable":true,"href":"https:\/\/theinvisiblecollection.com\/fr\/wp-json\/wp\/v2\/reporting_designer?post=5865707"},{"taxonomy":"samplecomfabric","embeddable":true,"href":"https:\/\/theinvisiblecollection.com\/fr\/wp-json\/wp\/v2\/samplecomfabric?post=5865707"},{"taxonomy":"clubroom_product_designer","embeddable":true,"href":"https:\/\/theinvisiblecollection.com\/fr\/wp-json\/wp\/v2\/designer_clubroom?post=5865707"}],"curies":[{"name":"wp","href":"https:\/\/api.w.org\/{rel}","templated":true}]}}