{"id":5865783,"date":"2025-09-24T09:51:47","date_gmt":"2025-09-24T09:51:47","guid":{"rendered":"https:\/\/theinvisiblecollection.com\/?post_type=product&#038;p=5865783"},"modified":"2026-05-08T04:38:29","modified_gmt":"2026-05-08T04:38:29","slug":"jean-michel-franck-table-dappoint-pagode-1927","status":"publish","type":"product","link":"https:\/\/theinvisiblecollection.com\/fr\/produit\/jean-michel-franck-table-dappoint-pagode-1927\/","title":{"rendered":"Table D&#8217;appoint Pagode 1927"},"content":{"rendered":"<p>R\u00e9alis\u00e9e en 1927 par Jean-Michel Frank et Adolphe Chanaux, la Table Pagode joue sur une silhouette subtilement orientale, la forme de son plateau \u00e9voquant le toit d\u2019une pagode. Son bois d\u2019arbre brut, souvent ch\u00eane sabl\u00e9 ou verni, manifeste le raffinement discret qui caract\u00e9rise le style \u00ab luxe dans le vide, \u00bb sobri\u00e9t\u00e9 des volumes, richesse des mat\u00e9riaux.<\/p>\n","protected":false},"excerpt":{"rendered":"<p>R\u00e9alis\u00e9e en 1927 par Jean-Michel Frank et Adolphe Chanaux, la Table Pagode joue sur une silhouette subtilement orientale, la forme de son plateau \u00e9voquant le toit d\u2019une pagode. Son bois d\u2019arbre brut, souvent ch\u00eane sabl\u00e9 ou verni, manifeste le raffinement discret qui caract\u00e9rise le style \u00ab luxe dans le vide, \u00bb sobri\u00e9t\u00e9 des volumes, richesse [&hellip;]<\/p>\n","protected":false},"featured_media":5865808,"template":"","meta":{"_acf_changed":false,"content-type":"","_themeisle_gutenberg_block_has_review":false},"product_brand":[],"product_cat":[12332,12503],"product_tag":[9059,11097,11235,35206,35327],"product_designer":[10154,10638],"comfabric":[],"manufacturer":[16874],"reporting_designer":[37612],"samplecomfabric":[],"designer_clubroom":[],"class_list":{"0":"post-5865783","1":"product","2":"type-product","3":"status-publish","4":"has-post-thumbnail","6":"product_cat-tables-dappoint","7":"product_cat-tables-fr","8":"product_tag-gueridon-fr-2","9":"product_tag-ecart-fr","10":"product_tag-reedition-fr-fr","11":"product_tag-exclusive-fr","12":"product_tag-re-edition-fr","13":"product_designer-jean-michel-frank-fr","14":"product_designer-ecart-international-fr","15":"manufacturer-ecart-international-argentat","16":"reporting_designer-ecart-international","18":"first","19":"instock","20":"taxable","21":"shipping-taxable","22":"purchasable","23":"product-type-variable"},"acf":[],"_links":{"self":[{"href":"https:\/\/theinvisiblecollection.com\/fr\/wp-json\/wp\/v2\/product\/5865783","targetHints":{"allow":["GET"]}}],"collection":[{"href":"https:\/\/theinvisiblecollection.com\/fr\/wp-json\/wp\/v2\/product"}],"about":[{"href":"https:\/\/theinvisiblecollection.com\/fr\/wp-json\/wp\/v2\/types\/product"}],"wp:featuredmedia":[{"embeddable":true,"href":"https:\/\/theinvisiblecollection.com\/fr\/wp-json\/wp\/v2\/media\/5865808"}],"wp:attachment":[{"href":"https:\/\/theinvisiblecollection.com\/fr\/wp-json\/wp\/v2\/media?parent=5865783"}],"wp:term":[{"taxonomy":"product_brand","embeddable":true,"href":"https:\/\/theinvisiblecollection.com\/fr\/wp-json\/wp\/v2\/product_brand?post=5865783"},{"taxonomy":"product_cat","embeddable":true,"href":"https:\/\/theinvisiblecollection.com\/fr\/wp-json\/wp\/v2\/product_cat?post=5865783"},{"taxonomy":"product_tag","embeddable":true,"href":"https:\/\/theinvisiblecollection.com\/fr\/wp-json\/wp\/v2\/product_tag?post=5865783"},{"taxonomy":"product_designer","embeddable":true,"href":"https:\/\/theinvisiblecollection.com\/fr\/wp-json\/wp\/v2\/product_designer?post=5865783"},{"taxonomy":"comfabric","embeddable":true,"href":"https:\/\/theinvisiblecollection.com\/fr\/wp-json\/wp\/v2\/comfabric?post=5865783"},{"taxonomy":"manufacturer","embeddable":true,"href":"https:\/\/theinvisiblecollection.com\/fr\/wp-json\/wp\/v2\/manufacturer?post=5865783"},{"taxonomy":"reporting_designer","embeddable":true,"href":"https:\/\/theinvisiblecollection.com\/fr\/wp-json\/wp\/v2\/reporting_designer?post=5865783"},{"taxonomy":"samplecomfabric","embeddable":true,"href":"https:\/\/theinvisiblecollection.com\/fr\/wp-json\/wp\/v2\/samplecomfabric?post=5865783"},{"taxonomy":"clubroom_product_designer","embeddable":true,"href":"https:\/\/theinvisiblecollection.com\/fr\/wp-json\/wp\/v2\/designer_clubroom?post=5865783"}],"curies":[{"name":"wp","href":"https:\/\/api.w.org\/{rel}","templated":true}]}}