{"id":5865828,"date":"2025-09-24T10:11:28","date_gmt":"2025-09-24T10:11:28","guid":{"rendered":"https:\/\/theinvisiblecollection.com\/?post_type=product&#038;p=5865828"},"modified":"2026-05-01T07:37:11","modified_gmt":"2026-05-01T07:37:11","slug":"jean-michel-franck-console-droite-1935","status":"publish","type":"product","link":"https:\/\/theinvisiblecollection.com\/fr\/produit\/jean-michel-franck-console-droite-1935\/","title":{"rendered":"Console Droite 1935"},"content":{"rendered":"<div class=\"product__description\">\n<div class=\"rte\">\n<div class=\"metafield-rich_text_field\">\n<p>La Console, c. 1935 s&#8217;inspire de la Table Rectangulaire, c. 1935, dessin\u00e9e par Jean-Michel Frank pour la salle \u00e0 manger du parfumeur fran\u00e7ais Jean-Pierre Guerlain.<\/p>\n<\/div>\n<\/div>\n<\/div>\n<div class=\"product__liquid\"><\/div>\n","protected":false},"excerpt":{"rendered":"<p>La Console, c. 1935 s&#8217;inspire de la Table Rectangulaire, c. 1935, dessin\u00e9e par Jean-Michel Frank pour la salle \u00e0 manger du parfumeur fran\u00e7ais Jean-Pierre Guerlain.<\/p>\n","protected":false},"featured_media":5865847,"template":"","meta":{"_acf_changed":false,"content-type":"","_themeisle_gutenberg_block_has_review":false},"product_brand":[],"product_cat":[7675,12503],"product_tag":[11097,11235,35206,35327,9302,9423],"product_designer":[10154,10638],"comfabric":[],"manufacturer":[16874],"reporting_designer":[37612],"samplecomfabric":[],"designer_clubroom":[],"class_list":{"0":"post-5865828","1":"product","2":"type-product","3":"status-publish","4":"has-post-thumbnail","6":"product_cat-consoles-fr","7":"product_cat-tables-fr","8":"product_tag-ecart-fr","9":"product_tag-reedition-fr-fr","10":"product_tag-exclusive-fr","11":"product_tag-re-edition-fr","12":"product_tag-etagere-fr","13":"product_tag-storage","14":"product_designer-jean-michel-frank-fr","15":"product_designer-ecart-international-fr","16":"manufacturer-ecart-international-argentat","17":"reporting_designer-ecart-international","19":"first","20":"instock","21":"taxable","22":"shipping-taxable","23":"purchasable","24":"product-type-variable"},"acf":[],"_links":{"self":[{"href":"https:\/\/theinvisiblecollection.com\/fr\/wp-json\/wp\/v2\/product\/5865828","targetHints":{"allow":["GET"]}}],"collection":[{"href":"https:\/\/theinvisiblecollection.com\/fr\/wp-json\/wp\/v2\/product"}],"about":[{"href":"https:\/\/theinvisiblecollection.com\/fr\/wp-json\/wp\/v2\/types\/product"}],"wp:featuredmedia":[{"embeddable":true,"href":"https:\/\/theinvisiblecollection.com\/fr\/wp-json\/wp\/v2\/media\/5865847"}],"wp:attachment":[{"href":"https:\/\/theinvisiblecollection.com\/fr\/wp-json\/wp\/v2\/media?parent=5865828"}],"wp:term":[{"taxonomy":"product_brand","embeddable":true,"href":"https:\/\/theinvisiblecollection.com\/fr\/wp-json\/wp\/v2\/product_brand?post=5865828"},{"taxonomy":"product_cat","embeddable":true,"href":"https:\/\/theinvisiblecollection.com\/fr\/wp-json\/wp\/v2\/product_cat?post=5865828"},{"taxonomy":"product_tag","embeddable":true,"href":"https:\/\/theinvisiblecollection.com\/fr\/wp-json\/wp\/v2\/product_tag?post=5865828"},{"taxonomy":"product_designer","embeddable":true,"href":"https:\/\/theinvisiblecollection.com\/fr\/wp-json\/wp\/v2\/product_designer?post=5865828"},{"taxonomy":"comfabric","embeddable":true,"href":"https:\/\/theinvisiblecollection.com\/fr\/wp-json\/wp\/v2\/comfabric?post=5865828"},{"taxonomy":"manufacturer","embeddable":true,"href":"https:\/\/theinvisiblecollection.com\/fr\/wp-json\/wp\/v2\/manufacturer?post=5865828"},{"taxonomy":"reporting_designer","embeddable":true,"href":"https:\/\/theinvisiblecollection.com\/fr\/wp-json\/wp\/v2\/reporting_designer?post=5865828"},{"taxonomy":"samplecomfabric","embeddable":true,"href":"https:\/\/theinvisiblecollection.com\/fr\/wp-json\/wp\/v2\/samplecomfabric?post=5865828"},{"taxonomy":"clubroom_product_designer","embeddable":true,"href":"https:\/\/theinvisiblecollection.com\/fr\/wp-json\/wp\/v2\/designer_clubroom?post=5865828"}],"curies":[{"name":"wp","href":"https:\/\/api.w.org\/{rel}","templated":true}]}}