{"id":5866091,"date":"2025-09-26T13:24:48","date_gmt":"2025-09-26T13:24:48","guid":{"rendered":"https:\/\/theinvisiblecollection.com\/?post_type=product&#038;p=5866091"},"modified":"2026-05-01T07:37:11","modified_gmt":"2026-05-01T07:37:11","slug":"jean-michel-franck-lampe-bloc-1927","status":"publish","type":"product","link":"https:\/\/theinvisiblecollection.com\/fr\/produit\/jean-michel-franck-lampe-bloc-1927\/","title":{"rendered":"Lampe Bloc 1927"},"content":{"rendered":"<p>Dessin\u00e9e en 1927 par Jean-Michel Frank, la Lampe Bloc occupait \u00e0 l&#8217;origine une place dans l&#8217;appartement parisien du po\u00e8te Louis Aragon. D\u00e9clin\u00e9e en deux tailles, cette pi\u00e8ce incarne l&#8217;\u00e9l\u00e9gance minimaliste propre au d\u00e9corateur.<\/p>\n","protected":false},"excerpt":{"rendered":"<p>Dessin\u00e9e en 1927 par Jean-Michel Frank, la Lampe Bloc occupait \u00e0 l&#8217;origine une place dans l&#8217;appartement parisien du po\u00e8te Louis Aragon. D\u00e9clin\u00e9e en deux tailles, cette pi\u00e8ce incarne l&#8217;\u00e9l\u00e9gance minimaliste propre au d\u00e9corateur.<\/p>\n","protected":false},"featured_media":5866107,"template":"","meta":{"_acf_changed":false,"content-type":"","_themeisle_gutenberg_block_has_review":false},"product_brand":[],"product_cat":[8974,12507],"product_tag":[9200,11235,35206,35327],"product_designer":[10154,10638],"comfabric":[],"manufacturer":[16874],"reporting_designer":[37612],"samplecomfabric":[],"designer_clubroom":[],"class_list":{"0":"post-5866091","1":"product","2":"type-product","3":"status-publish","4":"has-post-thumbnail","6":"product_cat-lampes-de-table","7":"product_cat-luminaires","8":"product_tag-luminaire-fr-2","9":"product_tag-reedition-fr-fr","10":"product_tag-exclusive-fr","11":"product_tag-re-edition-fr","12":"pa_size-l-280-x-l-100-x-h-80-fr","13":"pa_size-petit-fr","14":"product_designer-jean-michel-frank-fr","15":"product_designer-ecart-international-fr","16":"manufacturer-ecart-international-argentat","17":"reporting_designer-ecart-international","19":"first","20":"instock","21":"taxable","22":"shipping-taxable","23":"purchasable","24":"product-type-variable"},"acf":[],"_links":{"self":[{"href":"https:\/\/theinvisiblecollection.com\/fr\/wp-json\/wp\/v2\/product\/5866091","targetHints":{"allow":["GET"]}}],"collection":[{"href":"https:\/\/theinvisiblecollection.com\/fr\/wp-json\/wp\/v2\/product"}],"about":[{"href":"https:\/\/theinvisiblecollection.com\/fr\/wp-json\/wp\/v2\/types\/product"}],"wp:featuredmedia":[{"embeddable":true,"href":"https:\/\/theinvisiblecollection.com\/fr\/wp-json\/wp\/v2\/media\/5866107"}],"wp:attachment":[{"href":"https:\/\/theinvisiblecollection.com\/fr\/wp-json\/wp\/v2\/media?parent=5866091"}],"wp:term":[{"taxonomy":"product_brand","embeddable":true,"href":"https:\/\/theinvisiblecollection.com\/fr\/wp-json\/wp\/v2\/product_brand?post=5866091"},{"taxonomy":"product_cat","embeddable":true,"href":"https:\/\/theinvisiblecollection.com\/fr\/wp-json\/wp\/v2\/product_cat?post=5866091"},{"taxonomy":"product_tag","embeddable":true,"href":"https:\/\/theinvisiblecollection.com\/fr\/wp-json\/wp\/v2\/product_tag?post=5866091"},{"taxonomy":"product_designer","embeddable":true,"href":"https:\/\/theinvisiblecollection.com\/fr\/wp-json\/wp\/v2\/product_designer?post=5866091"},{"taxonomy":"comfabric","embeddable":true,"href":"https:\/\/theinvisiblecollection.com\/fr\/wp-json\/wp\/v2\/comfabric?post=5866091"},{"taxonomy":"manufacturer","embeddable":true,"href":"https:\/\/theinvisiblecollection.com\/fr\/wp-json\/wp\/v2\/manufacturer?post=5866091"},{"taxonomy":"reporting_designer","embeddable":true,"href":"https:\/\/theinvisiblecollection.com\/fr\/wp-json\/wp\/v2\/reporting_designer?post=5866091"},{"taxonomy":"samplecomfabric","embeddable":true,"href":"https:\/\/theinvisiblecollection.com\/fr\/wp-json\/wp\/v2\/samplecomfabric?post=5866091"},{"taxonomy":"clubroom_product_designer","embeddable":true,"href":"https:\/\/theinvisiblecollection.com\/fr\/wp-json\/wp\/v2\/designer_clubroom?post=5866091"}],"curies":[{"name":"wp","href":"https:\/\/api.w.org\/{rel}","templated":true}]}}