{"id":5866174,"date":"2025-09-26T15:19:08","date_gmt":"2025-09-26T15:19:08","guid":{"rendered":"https:\/\/theinvisiblecollection.com\/?post_type=product&#038;p=5866174"},"modified":"2026-05-01T07:37:11","modified_gmt":"2026-05-01T07:37:11","slug":"jean-michel-frank-table-basse-1928","status":"publish","type":"product","link":"https:\/\/theinvisiblecollection.com\/fr\/produit\/jean-michel-frank-table-basse-1928\/","title":{"rendered":"Table Basse 1928"},"content":{"rendered":"<p>La Table Basse, c. 1928, reprend la forme d&#8217;un U invers\u00e9, t\u00e9moignant de l\u2019int\u00e9r\u00eat de Jean-Michel Frank pour le mobilier chinois. Autrefois r\u00e9alis\u00e9e en bronze, cette pi\u00e8ce fut int\u00e9gr\u00e9e aux salons du penthouse de Templeton Crocker ainsi qu&#8217;\u00e0 celui de l\u2019h\u00f4tel Bischoffsheim des Noailles.<\/p>\n","protected":false},"excerpt":{"rendered":"<p>La Table Basse, c. 1928, reprend la forme d&#8217;un U invers\u00e9, t\u00e9moignant de l\u2019int\u00e9r\u00eat de Jean-Michel Frank pour le mobilier chinois. Autrefois r\u00e9alis\u00e9e en bronze, cette pi\u00e8ce fut int\u00e9gr\u00e9e aux salons du penthouse de Templeton Crocker ainsi qu&#8217;\u00e0 celui de l\u2019h\u00f4tel Bischoffsheim des Noailles.<\/p>\n","protected":false},"featured_media":5866194,"template":"","meta":{"_acf_changed":false,"content-type":"","_themeisle_gutenberg_block_has_review":false},"product_brand":[],"product_cat":[7509,12503],"product_tag":[9066,11235,35206,35327],"product_designer":[10154,10638],"comfabric":[],"manufacturer":[16874],"reporting_designer":[37612],"samplecomfabric":[],"designer_clubroom":[],"class_list":{"0":"post-5866174","1":"product","2":"type-product","3":"status-publish","4":"has-post-thumbnail","6":"product_cat-tables-basses-dappoint","7":"product_cat-tables-fr","8":"product_tag-table-basse","9":"product_tag-reedition-fr-fr","10":"product_tag-exclusive-fr","11":"product_tag-re-edition-fr","12":"product_designer-jean-michel-frank-fr","13":"product_designer-ecart-international-fr","14":"manufacturer-ecart-international-argentat","15":"reporting_designer-ecart-international","17":"first","18":"instock","19":"taxable","20":"shipping-taxable","21":"purchasable","22":"product-type-simple"},"acf":[],"_links":{"self":[{"href":"https:\/\/theinvisiblecollection.com\/fr\/wp-json\/wp\/v2\/product\/5866174","targetHints":{"allow":["GET"]}}],"collection":[{"href":"https:\/\/theinvisiblecollection.com\/fr\/wp-json\/wp\/v2\/product"}],"about":[{"href":"https:\/\/theinvisiblecollection.com\/fr\/wp-json\/wp\/v2\/types\/product"}],"wp:featuredmedia":[{"embeddable":true,"href":"https:\/\/theinvisiblecollection.com\/fr\/wp-json\/wp\/v2\/media\/5866194"}],"wp:attachment":[{"href":"https:\/\/theinvisiblecollection.com\/fr\/wp-json\/wp\/v2\/media?parent=5866174"}],"wp:term":[{"taxonomy":"product_brand","embeddable":true,"href":"https:\/\/theinvisiblecollection.com\/fr\/wp-json\/wp\/v2\/product_brand?post=5866174"},{"taxonomy":"product_cat","embeddable":true,"href":"https:\/\/theinvisiblecollection.com\/fr\/wp-json\/wp\/v2\/product_cat?post=5866174"},{"taxonomy":"product_tag","embeddable":true,"href":"https:\/\/theinvisiblecollection.com\/fr\/wp-json\/wp\/v2\/product_tag?post=5866174"},{"taxonomy":"product_designer","embeddable":true,"href":"https:\/\/theinvisiblecollection.com\/fr\/wp-json\/wp\/v2\/product_designer?post=5866174"},{"taxonomy":"comfabric","embeddable":true,"href":"https:\/\/theinvisiblecollection.com\/fr\/wp-json\/wp\/v2\/comfabric?post=5866174"},{"taxonomy":"manufacturer","embeddable":true,"href":"https:\/\/theinvisiblecollection.com\/fr\/wp-json\/wp\/v2\/manufacturer?post=5866174"},{"taxonomy":"reporting_designer","embeddable":true,"href":"https:\/\/theinvisiblecollection.com\/fr\/wp-json\/wp\/v2\/reporting_designer?post=5866174"},{"taxonomy":"samplecomfabric","embeddable":true,"href":"https:\/\/theinvisiblecollection.com\/fr\/wp-json\/wp\/v2\/samplecomfabric?post=5866174"},{"taxonomy":"clubroom_product_designer","embeddable":true,"href":"https:\/\/theinvisiblecollection.com\/fr\/wp-json\/wp\/v2\/designer_clubroom?post=5866174"}],"curies":[{"name":"wp","href":"https:\/\/api.w.org\/{rel}","templated":true}]}}