{"id":5866513,"date":"2025-09-29T10:15:02","date_gmt":"2025-09-29T10:15:02","guid":{"rendered":"https:\/\/theinvisiblecollection.com\/?post_type=product&#038;p=5866513"},"modified":"2026-05-01T07:37:11","modified_gmt":"2026-05-01T07:37:11","slug":"veermakers-par-louise-liljencrantz-etagere-edge","status":"publish","type":"product","link":"https:\/\/theinvisiblecollection.com\/fr\/produit\/veermakers-par-louise-liljencrantz-etagere-edge\/","title":{"rendered":"\u00c9tag\u00e8re Edge"},"content":{"rendered":"<p data-start=\"75\" data-end=\"365\">L\u2019\u00e9tag\u00e8re Edge est un jeu raffin\u00e9 de contrastes, o\u00f9 des courbes douces rencontrent des lignes franches dans une composition discr\u00e8tement affirm\u00e9e. Son cadre subtilement arrondi se confronte \u00e0 des \u00e9tag\u00e8res nettes et anguleuses, cr\u00e9ant un \u00e9quilibre harmonieux entre forme et fonction.<\/p>\n<p data-start=\"367\" data-end=\"846\">D\u00e9sormais int\u00e9gr\u00e9e \u00e0 la collection permanente Veermakers par Louise Liljencrantz, l\u2019\u00e9tag\u00e8re a \u00e9t\u00e9 con\u00e7ue \u00e0 l\u2019origine pour une r\u00e9sidence priv\u00e9e en Italie, dans le cadre d\u2019un syst\u00e8me de cuisine et de dressing sur mesure. Pens\u00e9e pour \u00eatre fix\u00e9e au mur et r\u00e9alis\u00e9e en \u00e9pais placage stratifi\u00e9 \u00e0 la pr\u00e9sence tactile riche, la pi\u00e8ce transcende son contexte initial \u2014 existant pleinement par elle-m\u00eame et s\u2019int\u00e9grant avec aisance dans une vari\u00e9t\u00e9 d\u2019int\u00e9rieurs soigneusement pens\u00e9s.<\/p>\n","protected":false},"excerpt":{"rendered":"<p>L\u2019\u00e9tag\u00e8re Edge est un jeu raffin\u00e9 de contrastes, o\u00f9 des courbes douces rencontrent des lignes franches dans une composition discr\u00e8tement affirm\u00e9e. Son cadre subtilement arrondi se confronte \u00e0 des \u00e9tag\u00e8res nettes et anguleuses, cr\u00e9ant un \u00e9quilibre harmonieux entre forme et fonction. D\u00e9sormais int\u00e9gr\u00e9e \u00e0 la collection permanente Veermakers par Louise Liljencrantz, l\u2019\u00e9tag\u00e8re a \u00e9t\u00e9 con\u00e7ue [&hellip;]<\/p>\n","protected":false},"featured_media":5866535,"template":"","meta":{"_acf_changed":false,"content-type":"","_themeisle_gutenberg_block_has_review":false},"product_brand":[],"product_cat":[8956,12505],"product_tag":[10268,31477,35326],"product_designer":[8899],"comfabric":[],"manufacturer":[19801],"reporting_designer":[],"samplecomfabric":[],"designer_clubroom":[],"class_list":{"0":"post-5866513","1":"product","2":"type-product","3":"status-publish","4":"has-post-thumbnail","6":"product_cat-bibliotheques","7":"product_cat-rangements","8":"product_tag-louise-liljencrantz-fr-fr","9":"product_tag-st-curvy-fr","10":"product_tag-st-scandinavian-fr","11":"pa_wood-acajou-classique-avec-finition-satinee-transparente","12":"pa_wood-chene-classique-avec-finition-satinee-transparente","13":"pa_wood-noyer-classique-avec-finition-satinee-transparente","14":"product_designer-veermakers-par-louise-liljencrantz-fr","15":"manufacturer-spedman-global-logistics-ab-fr","17":"first","18":"instock","19":"taxable","20":"shipping-taxable","21":"purchasable","22":"product-type-variable"},"acf":[],"_links":{"self":[{"href":"https:\/\/theinvisiblecollection.com\/fr\/wp-json\/wp\/v2\/product\/5866513","targetHints":{"allow":["GET"]}}],"collection":[{"href":"https:\/\/theinvisiblecollection.com\/fr\/wp-json\/wp\/v2\/product"}],"about":[{"href":"https:\/\/theinvisiblecollection.com\/fr\/wp-json\/wp\/v2\/types\/product"}],"wp:featuredmedia":[{"embeddable":true,"href":"https:\/\/theinvisiblecollection.com\/fr\/wp-json\/wp\/v2\/media\/5866535"}],"wp:attachment":[{"href":"https:\/\/theinvisiblecollection.com\/fr\/wp-json\/wp\/v2\/media?parent=5866513"}],"wp:term":[{"taxonomy":"product_brand","embeddable":true,"href":"https:\/\/theinvisiblecollection.com\/fr\/wp-json\/wp\/v2\/product_brand?post=5866513"},{"taxonomy":"product_cat","embeddable":true,"href":"https:\/\/theinvisiblecollection.com\/fr\/wp-json\/wp\/v2\/product_cat?post=5866513"},{"taxonomy":"product_tag","embeddable":true,"href":"https:\/\/theinvisiblecollection.com\/fr\/wp-json\/wp\/v2\/product_tag?post=5866513"},{"taxonomy":"product_designer","embeddable":true,"href":"https:\/\/theinvisiblecollection.com\/fr\/wp-json\/wp\/v2\/product_designer?post=5866513"},{"taxonomy":"comfabric","embeddable":true,"href":"https:\/\/theinvisiblecollection.com\/fr\/wp-json\/wp\/v2\/comfabric?post=5866513"},{"taxonomy":"manufacturer","embeddable":true,"href":"https:\/\/theinvisiblecollection.com\/fr\/wp-json\/wp\/v2\/manufacturer?post=5866513"},{"taxonomy":"reporting_designer","embeddable":true,"href":"https:\/\/theinvisiblecollection.com\/fr\/wp-json\/wp\/v2\/reporting_designer?post=5866513"},{"taxonomy":"samplecomfabric","embeddable":true,"href":"https:\/\/theinvisiblecollection.com\/fr\/wp-json\/wp\/v2\/samplecomfabric?post=5866513"},{"taxonomy":"clubroom_product_designer","embeddable":true,"href":"https:\/\/theinvisiblecollection.com\/fr\/wp-json\/wp\/v2\/designer_clubroom?post=5866513"}],"curies":[{"name":"wp","href":"https:\/\/api.w.org\/{rel}","templated":true}]}}