{"id":5866988,"date":"2025-09-30T15:07:58","date_gmt":"2025-09-30T15:07:58","guid":{"rendered":"https:\/\/theinvisiblecollection.com\/?post_type=product&#038;p=5866988"},"modified":"2026-05-01T07:37:11","modified_gmt":"2026-05-01T07:37:11","slug":"ecart-applique-kraft","status":"publish","type":"product","link":"https:\/\/theinvisiblecollection.com\/fr\/produit\/ecart-applique-kraft\/","title":{"rendered":"Applique Kraft"},"content":{"rendered":"<p>Edit\u00e9e en 1992 par ECART Design, la collection Kraft se compose de trois mod\u00e8les, dont l&#8217;Applique Kraft. Le papier kraft, d\u00e9tourn\u00e9 de sa fonction d&#8217;origine, est ici utilis\u00e9 pour la confection de l&#8217;abat-jour. Un syst\u00e8me de rouages permet d&#8217;ajuster sa hauteur.<\/p>\n","protected":false},"excerpt":{"rendered":"<p>Edit\u00e9e en 1992 par ECART Design, la collection Kraft se compose de trois mod\u00e8les, dont l&#8217;Applique Kraft. Le papier kraft, d\u00e9tourn\u00e9 de sa fonction d&#8217;origine, est ici utilis\u00e9 pour la confection de l&#8217;abat-jour. Un syst\u00e8me de rouages permet d&#8217;ajuster sa hauteur.<\/p>\n","protected":false},"featured_media":5866990,"template":"","meta":{"_acf_changed":false,"content-type":"","_themeisle_gutenberg_block_has_review":false},"product_brand":[],"product_cat":[8975,12507],"product_tag":[9200,11097,22681,31476,35206],"product_designer":[10638],"comfabric":[],"manufacturer":[16874],"reporting_designer":[37612],"samplecomfabric":[],"designer_clubroom":[],"class_list":{"0":"post-5866988","1":"product","2":"type-product","3":"status-publish","4":"has-post-thumbnail","6":"product_cat-appliques-murales","7":"product_cat-luminaires","8":"product_tag-luminaire-fr-2","9":"product_tag-ecart-fr","10":"product_tag-applique-fr-2","11":"product_tag-st-collectible-fr","12":"product_tag-exclusive-fr","13":"product_designer-ecart-international-fr","14":"manufacturer-ecart-international-argentat","15":"reporting_designer-ecart-international","17":"first","18":"instock","19":"taxable","20":"shipping-taxable","21":"purchasable","22":"product-type-simple"},"acf":[],"_links":{"self":[{"href":"https:\/\/theinvisiblecollection.com\/fr\/wp-json\/wp\/v2\/product\/5866988","targetHints":{"allow":["GET"]}}],"collection":[{"href":"https:\/\/theinvisiblecollection.com\/fr\/wp-json\/wp\/v2\/product"}],"about":[{"href":"https:\/\/theinvisiblecollection.com\/fr\/wp-json\/wp\/v2\/types\/product"}],"wp:featuredmedia":[{"embeddable":true,"href":"https:\/\/theinvisiblecollection.com\/fr\/wp-json\/wp\/v2\/media\/5866990"}],"wp:attachment":[{"href":"https:\/\/theinvisiblecollection.com\/fr\/wp-json\/wp\/v2\/media?parent=5866988"}],"wp:term":[{"taxonomy":"product_brand","embeddable":true,"href":"https:\/\/theinvisiblecollection.com\/fr\/wp-json\/wp\/v2\/product_brand?post=5866988"},{"taxonomy":"product_cat","embeddable":true,"href":"https:\/\/theinvisiblecollection.com\/fr\/wp-json\/wp\/v2\/product_cat?post=5866988"},{"taxonomy":"product_tag","embeddable":true,"href":"https:\/\/theinvisiblecollection.com\/fr\/wp-json\/wp\/v2\/product_tag?post=5866988"},{"taxonomy":"product_designer","embeddable":true,"href":"https:\/\/theinvisiblecollection.com\/fr\/wp-json\/wp\/v2\/product_designer?post=5866988"},{"taxonomy":"comfabric","embeddable":true,"href":"https:\/\/theinvisiblecollection.com\/fr\/wp-json\/wp\/v2\/comfabric?post=5866988"},{"taxonomy":"manufacturer","embeddable":true,"href":"https:\/\/theinvisiblecollection.com\/fr\/wp-json\/wp\/v2\/manufacturer?post=5866988"},{"taxonomy":"reporting_designer","embeddable":true,"href":"https:\/\/theinvisiblecollection.com\/fr\/wp-json\/wp\/v2\/reporting_designer?post=5866988"},{"taxonomy":"samplecomfabric","embeddable":true,"href":"https:\/\/theinvisiblecollection.com\/fr\/wp-json\/wp\/v2\/samplecomfabric?post=5866988"},{"taxonomy":"clubroom_product_designer","embeddable":true,"href":"https:\/\/theinvisiblecollection.com\/fr\/wp-json\/wp\/v2\/designer_clubroom?post=5866988"}],"curies":[{"name":"wp","href":"https:\/\/api.w.org\/{rel}","templated":true}]}}