{"id":5866994,"date":"2025-09-30T15:25:24","date_gmt":"2025-09-30T15:25:24","guid":{"rendered":"https:\/\/theinvisiblecollection.com\/?post_type=product&#038;p=5866994"},"modified":"2026-05-01T07:37:11","modified_gmt":"2026-05-01T07:37:11","slug":"ecart-design-table-pliante","status":"publish","type":"product","link":"https:\/\/theinvisiblecollection.com\/fr\/produit\/ecart-design-table-pliante\/","title":{"rendered":"Table Pliante"},"content":{"rendered":"<p>La Table Pliante sign\u00e9e ECART Design se d\u00e9cline en deux tailles. Son design minimaliste et fonctionnel a notamment s\u00e9duit Loulou de La Falaise, ic\u00f4ne de mode et muse d&#8217;Yves Saint Laurent.<\/p>\n","protected":false},"excerpt":{"rendered":"<p>La Table Pliante sign\u00e9e ECART Design se d\u00e9cline en deux tailles. Son design minimaliste et fonctionnel a notamment s\u00e9duit Loulou de La Falaise, ic\u00f4ne de mode et muse d&#8217;Yves Saint Laurent.<\/p>\n","protected":false},"featured_media":5867025,"template":"","meta":{"_acf_changed":false,"content-type":"","_themeisle_gutenberg_block_has_review":false},"product_brand":[],"product_cat":[12332,12503],"product_tag":[8855,9059,9444,11097,35206],"product_designer":[10638],"comfabric":[],"manufacturer":[16874],"reporting_designer":[37612],"samplecomfabric":[],"designer_clubroom":[],"class_list":{"0":"post-5866994","1":"product","2":"type-product","3":"status-publish","4":"has-post-thumbnail","6":"product_cat-tables-dappoint","7":"product_cat-tables-fr","8":"product_tag-table-fr-3","9":"product_tag-gueridon-fr-2","10":"product_tag-laque-fr-2","11":"product_tag-ecart-fr","12":"product_tag-exclusive-fr","13":"pa_finish-laque-noir-brillant","14":"pa_finish-laque-noir-mat","15":"pa_size-l-280-x-l-100-x-h-80-fr","16":"pa_size-petit","17":"product_designer-ecart-international-fr","18":"manufacturer-ecart-international-argentat","19":"reporting_designer-ecart-international","21":"first","22":"instock","23":"taxable","24":"shipping-taxable","25":"purchasable","26":"product-type-variable"},"acf":[],"_links":{"self":[{"href":"https:\/\/theinvisiblecollection.com\/fr\/wp-json\/wp\/v2\/product\/5866994","targetHints":{"allow":["GET"]}}],"collection":[{"href":"https:\/\/theinvisiblecollection.com\/fr\/wp-json\/wp\/v2\/product"}],"about":[{"href":"https:\/\/theinvisiblecollection.com\/fr\/wp-json\/wp\/v2\/types\/product"}],"wp:featuredmedia":[{"embeddable":true,"href":"https:\/\/theinvisiblecollection.com\/fr\/wp-json\/wp\/v2\/media\/5867025"}],"wp:attachment":[{"href":"https:\/\/theinvisiblecollection.com\/fr\/wp-json\/wp\/v2\/media?parent=5866994"}],"wp:term":[{"taxonomy":"product_brand","embeddable":true,"href":"https:\/\/theinvisiblecollection.com\/fr\/wp-json\/wp\/v2\/product_brand?post=5866994"},{"taxonomy":"product_cat","embeddable":true,"href":"https:\/\/theinvisiblecollection.com\/fr\/wp-json\/wp\/v2\/product_cat?post=5866994"},{"taxonomy":"product_tag","embeddable":true,"href":"https:\/\/theinvisiblecollection.com\/fr\/wp-json\/wp\/v2\/product_tag?post=5866994"},{"taxonomy":"product_designer","embeddable":true,"href":"https:\/\/theinvisiblecollection.com\/fr\/wp-json\/wp\/v2\/product_designer?post=5866994"},{"taxonomy":"comfabric","embeddable":true,"href":"https:\/\/theinvisiblecollection.com\/fr\/wp-json\/wp\/v2\/comfabric?post=5866994"},{"taxonomy":"manufacturer","embeddable":true,"href":"https:\/\/theinvisiblecollection.com\/fr\/wp-json\/wp\/v2\/manufacturer?post=5866994"},{"taxonomy":"reporting_designer","embeddable":true,"href":"https:\/\/theinvisiblecollection.com\/fr\/wp-json\/wp\/v2\/reporting_designer?post=5866994"},{"taxonomy":"samplecomfabric","embeddable":true,"href":"https:\/\/theinvisiblecollection.com\/fr\/wp-json\/wp\/v2\/samplecomfabric?post=5866994"},{"taxonomy":"clubroom_product_designer","embeddable":true,"href":"https:\/\/theinvisiblecollection.com\/fr\/wp-json\/wp\/v2\/designer_clubroom?post=5866994"}],"curies":[{"name":"wp","href":"https:\/\/api.w.org\/{rel}","templated":true}]}}