{"id":5869593,"date":"2025-10-15T14:27:04","date_gmt":"2025-10-15T14:27:04","guid":{"rendered":"https:\/\/theinvisiblecollection.com\/?post_type=product&#038;p=5869593"},"modified":"2026-05-01T07:37:11","modified_gmt":"2026-05-01T07:37:11","slug":"leo-sentou-canape-ligne-oblique","status":"publish","type":"product","link":"https:\/\/theinvisiblecollection.com\/fr\/produit\/leo-sentou-canape-ligne-oblique\/","title":{"rendered":"Canap\u00e9 Ligne Oblique"},"content":{"rendered":"<p style=\"text-align: justify;\"><span class=\"TextRun SCXW216728335 BCX8\" lang=\"FR-FR\" xml:lang=\"FR-FR\" data-contrast=\"auto\"><span class=\"NormalTextRun SCXW216728335 BCX8\">Le canap\u00e9 Ligne Oblique est une r\u00e9interpr\u00e9tation d&#8217;un canap\u00e9 droit du ma\u00eetre menuisier Jean-Baptiste Claude <\/span><span class=\"NormalTextRun SpellingErrorV2Themed SCXW216728335 BCX8\">Sen\u00e9<\/span><span class=\"NormalTextRun SCXW216728335 BCX8\"> (1748\u20131803). Ce canap\u00e9 est m\u00e9ticuleusement fabriqu\u00e9 \u00e0 la main par une \u00e9quipe d\u2019artisans qualifi\u00e9s. Sa silhouette explore le jeu entre lignes droites et courbes, cr\u00e9ant un profil \u00e9quilibr\u00e9 et contemporain. Enti\u00e8rement tapiss\u00e9 pour offrir confort et \u00e9l\u00e9gance, l\u2019assise repose sur un pi\u00e8tement en ch\u00eane ou avec une finition bronze.<\/span><\/span><span class=\"EOP SCXW216728335 BCX8\" data-ccp-props=\"{&quot;134233117&quot;:false,&quot;134233118&quot;:false,&quot;335551550&quot;:1,&quot;335551620&quot;:1,&quot;335559738&quot;:0,&quot;335559739&quot;:0}\">\u00a0<\/span><\/p>\n","protected":false},"excerpt":{"rendered":"<p>Chaise tapiss\u00e9e ici en Pierre Frey Cheyenne, couleur caramel<br \/>\n<a href=\"https:\/\/theinvisiblecollection.com\/wp-content\/uploads\/2022\/12\/TheInvisibleCollection_Leo_Sentou_Fabric_Selection_Cheyenne1.pdf\" target=\"_blank\" rel=\"noopener\"><span style=\"text-decoration: underline;\">D\u00e9couvrez la s\u00e9lection de tissus ici<\/span><\/a><br \/>\nStructure en ch\u00eane chaul\u00e9<br \/>\n\u00c9galement disponible en blanc sans tissu<br \/>\nBois et tissus sur-mesure sur demande<\/p>\n<p>L 54 x P 45 x H 92 cm<br \/>\nHauteur d&#8217;assise : 47 cm<br \/>\nTissu requis : 1.5 m<\/p>\n<p>Fabriqu\u00e9e \u00e0 la main en Europe<br \/>\nD\u00e9lais de fabrication : 12 semaines<\/p>\n<p><span style=\"text-decoration: underline;\"><a href=\"https:\/\/www.theinvisiblecollection.com\/fr\/demande-de-devis\/?product_id=5739774\" target=\"_blank\" rel=\"noopener\">Contactez-nous pour toute demande de devis ou de renseignements<\/a><\/span><\/p>\n","protected":false},"featured_media":5869949,"template":"","meta":{"_acf_changed":false,"content-type":"","_themeisle_gutenberg_block_has_review":false},"product_brand":[],"product_cat":[8976,12499],"product_tag":[22790,35206],"product_designer":[19809],"comfabric":[],"manufacturer":[34951],"reporting_designer":[37422],"samplecomfabric":[],"designer_clubroom":[],"class_list":{"0":"post-5869593","1":"product","2":"type-product","3":"status-publish","4":"has-post-thumbnail","6":"product_cat-canapes","7":"product_cat-assises","8":"product_tag-disponible-immediatement","9":"product_tag-exclusive-fr","10":"product_designer-leo-sentou-fr","11":"manufacturer-a-d-sourcing-pickup-leo-sentou-fr","12":"reporting_designer-leo-sentou-fr","14":"first","15":"instock","16":"taxable","17":"shipping-taxable","18":"purchasable","19":"product-type-variable"},"acf":[],"_links":{"self":[{"href":"https:\/\/theinvisiblecollection.com\/fr\/wp-json\/wp\/v2\/product\/5869593","targetHints":{"allow":["GET"]}}],"collection":[{"href":"https:\/\/theinvisiblecollection.com\/fr\/wp-json\/wp\/v2\/product"}],"about":[{"href":"https:\/\/theinvisiblecollection.com\/fr\/wp-json\/wp\/v2\/types\/product"}],"wp:featuredmedia":[{"embeddable":true,"href":"https:\/\/theinvisiblecollection.com\/fr\/wp-json\/wp\/v2\/media\/5869949"}],"wp:attachment":[{"href":"https:\/\/theinvisiblecollection.com\/fr\/wp-json\/wp\/v2\/media?parent=5869593"}],"wp:term":[{"taxonomy":"product_brand","embeddable":true,"href":"https:\/\/theinvisiblecollection.com\/fr\/wp-json\/wp\/v2\/product_brand?post=5869593"},{"taxonomy":"product_cat","embeddable":true,"href":"https:\/\/theinvisiblecollection.com\/fr\/wp-json\/wp\/v2\/product_cat?post=5869593"},{"taxonomy":"product_tag","embeddable":true,"href":"https:\/\/theinvisiblecollection.com\/fr\/wp-json\/wp\/v2\/product_tag?post=5869593"},{"taxonomy":"product_designer","embeddable":true,"href":"https:\/\/theinvisiblecollection.com\/fr\/wp-json\/wp\/v2\/product_designer?post=5869593"},{"taxonomy":"comfabric","embeddable":true,"href":"https:\/\/theinvisiblecollection.com\/fr\/wp-json\/wp\/v2\/comfabric?post=5869593"},{"taxonomy":"manufacturer","embeddable":true,"href":"https:\/\/theinvisiblecollection.com\/fr\/wp-json\/wp\/v2\/manufacturer?post=5869593"},{"taxonomy":"reporting_designer","embeddable":true,"href":"https:\/\/theinvisiblecollection.com\/fr\/wp-json\/wp\/v2\/reporting_designer?post=5869593"},{"taxonomy":"samplecomfabric","embeddable":true,"href":"https:\/\/theinvisiblecollection.com\/fr\/wp-json\/wp\/v2\/samplecomfabric?post=5869593"},{"taxonomy":"clubroom_product_designer","embeddable":true,"href":"https:\/\/theinvisiblecollection.com\/fr\/wp-json\/wp\/v2\/designer_clubroom?post=5869593"}],"curies":[{"name":"wp","href":"https:\/\/api.w.org\/{rel}","templated":true}]}}