{"id":5869728,"date":"2025-10-16T10:24:33","date_gmt":"2025-10-16T10:24:33","guid":{"rendered":"https:\/\/theinvisiblecollection.com\/?post_type=product&#038;p=5869728"},"modified":"2026-05-01T07:37:11","modified_gmt":"2026-05-01T07:37:11","slug":"amande-haeghan-applique-lagoa","status":"publish","type":"product","link":"https:\/\/theinvisiblecollection.com\/fr\/produit\/amande-haeghan-applique-lagoa\/","title":{"rendered":"Applique Lagoa"},"content":{"rendered":"<p style=\"text-align: justify;\">L\u2019applique murale Lagoa a en son c\u0153ur une \u00e9tendue de verre en fusion rappelant les lacs sereins, o\u00f9 la lumi\u00e8re et la couleur s\u2019entrelacent. Des nuances de bleu et de turquoise se m\u00ealent, dessinant les contours de ce paysage liquide et \u00e9voquant le mouvement de l\u2019eau caress\u00e9e par le soleil. Sertie dans la c\u00e9ramique, la pi\u00e8ce de verre r\u00e9v\u00e8le toute sa profondeur et sa brillance, cr\u00e9ant un jeu de textures \u00e0 la fois organique et raffin\u00e9. Plus qu\u2019une simple applique murale, Lagoa devient un fragment de nature captur\u00e9 dans la mati\u00e8re. Une pi\u00e8ce intemporelle qui apporte po\u00e9sie, calme et \u00e9l\u00e9gance \u00e0 tout espace.<\/p>\n","protected":false},"excerpt":{"rendered":"<p>Applique compos\u00e9e de trois pi\u00e8ces organiques en argile gr\u00e9seuse, porcelaine biscuit et verre rose clair marbr\u00e9<br \/>\nPlaque en laiton vieilli<br \/>\nLes plaques d&#8217;argile, de porcelaine et de verre sont fa\u00e7onn\u00e9es et d\u00e9coup\u00e9es \u00e0 la main, rendant chaque pi\u00e8ce unique<br \/>\n1 x G9 LED (non inclus), max 230V pour l&#8217;Europe et 130V pour les USA<\/p>\n<p>L 25 x l 30 x H 10 cm<\/p>\n<p>Fabriqu\u00e9e \u00e0 la main au Portugal<br \/>\nD\u00e9lais de production : 12 &#8211; 16 semaines<\/p>\n<p><span style=\"text-decoration: underline;\"><a href=\"https:\/\/www.theinvisiblecollection.com\/fr\/demande-de-devis\/?product_id=558555\" target=\"_blank\" rel=\"noopener\">Contactez nous pour toute demande de devis ou de renseignements<\/a><\/span><\/p>\n","protected":false},"featured_media":5870257,"template":"","meta":{"_acf_changed":false,"content-type":"","_themeisle_gutenberg_block_has_review":false},"product_brand":[],"product_cat":[8975,12507],"product_tag":[7435,14925,22790,31474,31475,31476,31477,35206],"product_designer":[18613],"comfabric":[],"manufacturer":[18611],"reporting_designer":[37704],"samplecomfabric":[],"designer_clubroom":[],"class_list":{"0":"post-5869728","1":"product","2":"type-product","3":"status-publish","4":"has-post-thumbnail","6":"product_cat-appliques-murales","7":"product_cat-luminaires","8":"product_tag-new-in-fr","9":"product_tag-hpfav-fr","10":"product_tag-disponible-immediatement","11":"product_tag-co-white-fr","12":"product_tag-st-ceramic-fr","13":"product_tag-st-collectible-fr","14":"product_tag-st-curvy-fr","15":"product_tag-exclusive-fr","16":"product_designer-amande-haeghen-fr","17":"manufacturer-amande-haeghen-fr","18":"reporting_designer-amande-haeghen","19":"exhibitions-londres-fr","21":"first","22":"instock","23":"taxable","24":"shipping-taxable","25":"purchasable","26":"product-type-variable"},"acf":[],"_links":{"self":[{"href":"https:\/\/theinvisiblecollection.com\/fr\/wp-json\/wp\/v2\/product\/5869728","targetHints":{"allow":["GET"]}}],"collection":[{"href":"https:\/\/theinvisiblecollection.com\/fr\/wp-json\/wp\/v2\/product"}],"about":[{"href":"https:\/\/theinvisiblecollection.com\/fr\/wp-json\/wp\/v2\/types\/product"}],"wp:featuredmedia":[{"embeddable":true,"href":"https:\/\/theinvisiblecollection.com\/fr\/wp-json\/wp\/v2\/media\/5870257"}],"wp:attachment":[{"href":"https:\/\/theinvisiblecollection.com\/fr\/wp-json\/wp\/v2\/media?parent=5869728"}],"wp:term":[{"taxonomy":"product_brand","embeddable":true,"href":"https:\/\/theinvisiblecollection.com\/fr\/wp-json\/wp\/v2\/product_brand?post=5869728"},{"taxonomy":"product_cat","embeddable":true,"href":"https:\/\/theinvisiblecollection.com\/fr\/wp-json\/wp\/v2\/product_cat?post=5869728"},{"taxonomy":"product_tag","embeddable":true,"href":"https:\/\/theinvisiblecollection.com\/fr\/wp-json\/wp\/v2\/product_tag?post=5869728"},{"taxonomy":"product_designer","embeddable":true,"href":"https:\/\/theinvisiblecollection.com\/fr\/wp-json\/wp\/v2\/product_designer?post=5869728"},{"taxonomy":"comfabric","embeddable":true,"href":"https:\/\/theinvisiblecollection.com\/fr\/wp-json\/wp\/v2\/comfabric?post=5869728"},{"taxonomy":"manufacturer","embeddable":true,"href":"https:\/\/theinvisiblecollection.com\/fr\/wp-json\/wp\/v2\/manufacturer?post=5869728"},{"taxonomy":"reporting_designer","embeddable":true,"href":"https:\/\/theinvisiblecollection.com\/fr\/wp-json\/wp\/v2\/reporting_designer?post=5869728"},{"taxonomy":"samplecomfabric","embeddable":true,"href":"https:\/\/theinvisiblecollection.com\/fr\/wp-json\/wp\/v2\/samplecomfabric?post=5869728"},{"taxonomy":"clubroom_product_designer","embeddable":true,"href":"https:\/\/theinvisiblecollection.com\/fr\/wp-json\/wp\/v2\/designer_clubroom?post=5869728"}],"curies":[{"name":"wp","href":"https:\/\/api.w.org\/{rel}","templated":true}]}}