{"id":5869762,"date":"2025-10-16T14:34:57","date_gmt":"2025-10-16T14:34:57","guid":{"rendered":"https:\/\/theinvisiblecollection.com\/?post_type=product&#038;p=5869762"},"modified":"2026-05-01T07:37:11","modified_gmt":"2026-05-01T07:37:11","slug":"crosta-smith-bergere-pouf-par-louis-sue-andre-mare","status":"publish","type":"product","link":"https:\/\/theinvisiblecollection.com\/fr\/produit\/crosta-smith-bergere-pouf-par-louis-sue-andre-mare\/","title":{"rendered":"Berg\u00e8re &#038; Pouf par Louis S\u00fce &#038; Andr\u00e9 Mare"},"content":{"rendered":"<div class=\"elementToProof\">Une berg\u00e8re et son pouf\u00a0; ensemble exceptionnel et rare dessin\u00e9 vers 1920 par Louis S\u00fce et Andr\u00e9 Mare. La silhouette g\u00e9n\u00e9reuse du fauteuil, soulign\u00e9e de fins contours dor\u00e9s, \u00e9voque directement le mobilier de la fin du XVIII\u1d49 si\u00e8cle, r\u00e9interpr\u00e9t\u00e9 au d\u00e9but du XX\u1d49 dans l\u2019esprit de l\u2019Art d\u00e9co.<\/div>\n<div class=\"elementToProof\">Ce meuble charg\u00e9 d\u2019histoire ornait \u00e0 l\u2019origine le salon du couturier Jean Patou. S\u00fce et Mare, duo d\u2019architectes et de d\u00e9corateurs parmi les plus en vue de leur temps, comptent parmi leurs nombreuses r\u00e9alisations la conception et la d\u00e9coration du pavillon Le Mus\u00e9e contemporain lors de l\u2019Exposition internationale des Arts d\u00e9coratifs et industriels modernes de 1925, \u00e9v\u00e9nement fondateur de l\u2019Art d\u00e9co.<\/div>\n","protected":false},"excerpt":{"rendered":"<p>Une berg\u00e8re et son pouf\u00a0; ensemble exceptionnel et rare dessin\u00e9 vers 1920 par Louis S\u00fce et Andr\u00e9 Mare. La silhouette g\u00e9n\u00e9reuse du fauteuil, soulign\u00e9e de fins contours dor\u00e9s, \u00e9voque directement le mobilier de la fin du XVIII\u1d49 si\u00e8cle, r\u00e9interpr\u00e9t\u00e9 au d\u00e9but du XX\u1d49 dans l\u2019esprit de l\u2019Art d\u00e9co. Ce meuble charg\u00e9 d\u2019histoire ornait \u00e0 l\u2019origine [&hellip;]<\/p>\n","protected":false},"featured_media":5869786,"template":"","meta":{"_acf_changed":false,"content-type":"","_themeisle_gutenberg_block_has_review":false},"product_brand":[],"product_cat":[8945,12499],"product_tag":[10396,22790],"product_designer":[19090],"comfabric":[],"manufacturer":[],"reporting_designer":[37246],"samplecomfabric":[],"designer_clubroom":[],"class_list":{"0":"post-5869762","1":"product","2":"type-product","3":"status-publish","4":"has-post-thumbnail","6":"product_cat-fauteuils","7":"product_cat-assises","8":"product_tag-vintage-fr-2","9":"product_tag-disponible-immediatement","10":"product_designer-crosta-smith-gallery-fr","11":"reporting_designer-crosta-smith-gallery-fr","12":"exhibitions-paris-fr","14":"first","15":"instock","16":"taxable","17":"shipping-taxable","18":"purchasable","19":"product-type-simple"},"acf":[],"_links":{"self":[{"href":"https:\/\/theinvisiblecollection.com\/fr\/wp-json\/wp\/v2\/product\/5869762","targetHints":{"allow":["GET"]}}],"collection":[{"href":"https:\/\/theinvisiblecollection.com\/fr\/wp-json\/wp\/v2\/product"}],"about":[{"href":"https:\/\/theinvisiblecollection.com\/fr\/wp-json\/wp\/v2\/types\/product"}],"wp:featuredmedia":[{"embeddable":true,"href":"https:\/\/theinvisiblecollection.com\/fr\/wp-json\/wp\/v2\/media\/5869786"}],"wp:attachment":[{"href":"https:\/\/theinvisiblecollection.com\/fr\/wp-json\/wp\/v2\/media?parent=5869762"}],"wp:term":[{"taxonomy":"product_brand","embeddable":true,"href":"https:\/\/theinvisiblecollection.com\/fr\/wp-json\/wp\/v2\/product_brand?post=5869762"},{"taxonomy":"product_cat","embeddable":true,"href":"https:\/\/theinvisiblecollection.com\/fr\/wp-json\/wp\/v2\/product_cat?post=5869762"},{"taxonomy":"product_tag","embeddable":true,"href":"https:\/\/theinvisiblecollection.com\/fr\/wp-json\/wp\/v2\/product_tag?post=5869762"},{"taxonomy":"product_designer","embeddable":true,"href":"https:\/\/theinvisiblecollection.com\/fr\/wp-json\/wp\/v2\/product_designer?post=5869762"},{"taxonomy":"comfabric","embeddable":true,"href":"https:\/\/theinvisiblecollection.com\/fr\/wp-json\/wp\/v2\/comfabric?post=5869762"},{"taxonomy":"manufacturer","embeddable":true,"href":"https:\/\/theinvisiblecollection.com\/fr\/wp-json\/wp\/v2\/manufacturer?post=5869762"},{"taxonomy":"reporting_designer","embeddable":true,"href":"https:\/\/theinvisiblecollection.com\/fr\/wp-json\/wp\/v2\/reporting_designer?post=5869762"},{"taxonomy":"samplecomfabric","embeddable":true,"href":"https:\/\/theinvisiblecollection.com\/fr\/wp-json\/wp\/v2\/samplecomfabric?post=5869762"},{"taxonomy":"clubroom_product_designer","embeddable":true,"href":"https:\/\/theinvisiblecollection.com\/fr\/wp-json\/wp\/v2\/designer_clubroom?post=5869762"}],"curies":[{"name":"wp","href":"https:\/\/api.w.org\/{rel}","templated":true}]}}