{"id":5869920,"date":"2025-10-19T19:52:05","date_gmt":"2025-10-19T19:52:05","guid":{"rendered":"https:\/\/theinvisiblecollection.com\/?post_type=product&#038;p=5869920"},"modified":"2026-05-08T04:38:27","modified_gmt":"2026-05-08T04:38:27","slug":"leo-sentou-table-dappoint-topino","status":"publish","type":"product","link":"https:\/\/theinvisiblecollection.com\/fr\/produit\/leo-sentou-table-dappoint-topino\/","title":{"rendered":"Table D&#8217;appoint Topino"},"content":{"rendered":"<p style=\"text-align: justify;\"><span class=\"TextRun SCXW57608841 BCX8\" lang=\"FR-FR\" xml:lang=\"FR-FR\" data-contrast=\"auto\"><span class=\"NormalTextRun SCXW57608841 BCX8\">La table d\u2019appoint Topino. est une r\u00e9interpr\u00e9tation contemporaine d\u2019une table de salon ovale du ma\u00eetre \u00e9b\u00e9niste du XVIII\u1d49 si\u00e8cle Charles Topino (re\u00e7u ma\u00eetre en 1773). Enti\u00e8rement r\u00e9alis\u00e9e \u00e0 la main par des artisans qualifi\u00e9s, la table C.T. se distingue par ses lignes g\u00e9om\u00e9triques qui lui conf\u00e8rent une pr\u00e9sence sculpturale, sublim\u00e9e par une finition en bronze martel\u00e9. Un plateau transparent r\u00e9v\u00e8le la structure complexe situ\u00e9e en dessous \u2014 partie int\u00e9grante du design \u2014 mettant en valeur le dialogue entre mat\u00e9rialit\u00e9 et forme.<\/span><\/span><span class=\"EOP SCXW57608841 BCX8\" data-ccp-props=\"{&quot;134233117&quot;:false,&quot;134233118&quot;:false,&quot;335551550&quot;:1,&quot;335551620&quot;:1,&quot;335559738&quot;:0,&quot;335559739&quot;:0}\">\u00a0<\/span><\/p>\n","protected":false},"excerpt":{"rendered":"<p>La table d\u2019appoint Topino. est une r\u00e9interpr\u00e9tation contemporaine d\u2019une table de salon ovale du ma\u00eetre \u00e9b\u00e9niste du XVIII\u1d49 si\u00e8cle Charles Topino (re\u00e7u ma\u00eetre en 1773). Enti\u00e8rement r\u00e9alis\u00e9e \u00e0 la main par des artisans qualifi\u00e9s, la table C.T. se distingue par ses lignes g\u00e9om\u00e9triques qui lui conf\u00e8rent une pr\u00e9sence sculpturale, sublim\u00e9e par une finition en bronze [&hellip;]<\/p>\n","protected":false},"featured_media":5869982,"template":"","meta":{"_acf_changed":false,"content-type":"","_themeisle_gutenberg_block_has_review":false},"product_brand":[],"product_cat":[12332,12503],"product_tag":[8855,9059,31477,35206],"product_designer":[19809],"comfabric":[],"manufacturer":[34957],"reporting_designer":[37422],"samplecomfabric":[],"designer_clubroom":[],"class_list":{"0":"post-5869920","1":"product","2":"type-product","3":"status-publish","4":"has-post-thumbnail","6":"product_cat-tables-dappoint","7":"product_cat-tables-fr","8":"product_tag-table-fr-3","9":"product_tag-gueridon-fr-2","10":"product_tag-st-curvy-fr","11":"product_tag-exclusive-fr","12":"pa_material-bronze-coule","13":"pa_material-laiton-coule-patine-bronze","14":"product_designer-leo-sentou-fr","15":"manufacturer-northbrass-pickup-leo-sentou-fr","16":"reporting_designer-leo-sentou-fr","18":"first","19":"instock","20":"taxable","21":"shipping-taxable","22":"purchasable","23":"product-type-variable"},"acf":[],"_links":{"self":[{"href":"https:\/\/theinvisiblecollection.com\/fr\/wp-json\/wp\/v2\/product\/5869920","targetHints":{"allow":["GET"]}}],"collection":[{"href":"https:\/\/theinvisiblecollection.com\/fr\/wp-json\/wp\/v2\/product"}],"about":[{"href":"https:\/\/theinvisiblecollection.com\/fr\/wp-json\/wp\/v2\/types\/product"}],"wp:featuredmedia":[{"embeddable":true,"href":"https:\/\/theinvisiblecollection.com\/fr\/wp-json\/wp\/v2\/media\/5869982"}],"wp:attachment":[{"href":"https:\/\/theinvisiblecollection.com\/fr\/wp-json\/wp\/v2\/media?parent=5869920"}],"wp:term":[{"taxonomy":"product_brand","embeddable":true,"href":"https:\/\/theinvisiblecollection.com\/fr\/wp-json\/wp\/v2\/product_brand?post=5869920"},{"taxonomy":"product_cat","embeddable":true,"href":"https:\/\/theinvisiblecollection.com\/fr\/wp-json\/wp\/v2\/product_cat?post=5869920"},{"taxonomy":"product_tag","embeddable":true,"href":"https:\/\/theinvisiblecollection.com\/fr\/wp-json\/wp\/v2\/product_tag?post=5869920"},{"taxonomy":"product_designer","embeddable":true,"href":"https:\/\/theinvisiblecollection.com\/fr\/wp-json\/wp\/v2\/product_designer?post=5869920"},{"taxonomy":"comfabric","embeddable":true,"href":"https:\/\/theinvisiblecollection.com\/fr\/wp-json\/wp\/v2\/comfabric?post=5869920"},{"taxonomy":"manufacturer","embeddable":true,"href":"https:\/\/theinvisiblecollection.com\/fr\/wp-json\/wp\/v2\/manufacturer?post=5869920"},{"taxonomy":"reporting_designer","embeddable":true,"href":"https:\/\/theinvisiblecollection.com\/fr\/wp-json\/wp\/v2\/reporting_designer?post=5869920"},{"taxonomy":"samplecomfabric","embeddable":true,"href":"https:\/\/theinvisiblecollection.com\/fr\/wp-json\/wp\/v2\/samplecomfabric?post=5869920"},{"taxonomy":"clubroom_product_designer","embeddable":true,"href":"https:\/\/theinvisiblecollection.com\/fr\/wp-json\/wp\/v2\/designer_clubroom?post=5869920"}],"curies":[{"name":"wp","href":"https:\/\/api.w.org\/{rel}","templated":true}]}}