{"id":5869927,"date":"2025-10-17T10:09:02","date_gmt":"2025-10-17T10:09:02","guid":{"rendered":"https:\/\/theinvisiblecollection.com\/?post_type=product&#038;p=5869927"},"modified":"2026-05-01T07:37:11","modified_gmt":"2026-05-01T07:37:11","slug":"leo-sentou-peristyle-bout-de-canape","status":"publish","type":"product","link":"https:\/\/theinvisiblecollection.com\/fr\/produit\/leo-sentou-peristyle-bout-de-canape\/","title":{"rendered":"P\u00e9ristyle Bout De Canap\u00e9"},"content":{"rendered":"<p style=\"text-align: justify;\">La <span class=\"NormalTextRun SCXW209627353 BCX8\">table d\u2019appoint et la console P\u00e9ristyle sont une r\u00e9interpr\u00e9tation contemporaine d\u2019un gu\u00e9ridon ovale du XVIII\u1d49 si\u00e8cle, con\u00e7u par le ma\u00eetre \u00e9b\u00e9niste Jean-Pierre <\/span><span class=\"NormalTextRun SpellingErrorV2Themed SCXW209627353 BCX8\">Dusautoy<\/span><span class=\"NormalTextRun SCXW209627353 BCX8\"> (re\u00e7u ma\u00eetre en 1779). Enti\u00e8rement fabriqu\u00e9es \u00e0 la main en ch\u00eane ou en bois laqu\u00e9, leurs formes en apparence simples m\u00ealent subtilement r\u00e9f\u00e9rence historique et savoir-faire contemporain, explorant avec finesse le dialogue entre structure et surface.<\/span><\/p>\n","protected":false},"excerpt":{"rendered":"<p>La table d\u2019appoint et la console P\u00e9ristyle sont une r\u00e9interpr\u00e9tation contemporaine d\u2019un gu\u00e9ridon ovale du XVIII\u1d49 si\u00e8cle, con\u00e7u par le ma\u00eetre \u00e9b\u00e9niste Jean-Pierre Dusautoy (re\u00e7u ma\u00eetre en 1779). Enti\u00e8rement fabriqu\u00e9es \u00e0 la main en ch\u00eane ou en bois laqu\u00e9, leurs formes en apparence simples m\u00ealent subtilement r\u00e9f\u00e9rence historique et savoir-faire contemporain, explorant avec finesse le [&hellip;]<\/p>\n","protected":false},"featured_media":5869961,"template":"","meta":{"_acf_changed":false,"content-type":"","_themeisle_gutenberg_block_has_review":false},"product_brand":[],"product_cat":[12332,12503,12514],"product_tag":[9059,22790,35206],"product_designer":[19809],"comfabric":[],"manufacturer":[34951],"reporting_designer":[37422],"samplecomfabric":[],"designer_clubroom":[],"class_list":{"0":"post-5869927","1":"product","2":"type-product","3":"status-publish","4":"has-post-thumbnail","6":"product_cat-tables-dappoint","7":"product_cat-tables-fr","8":"product_cat-tables-de-chevet","9":"product_tag-gueridon-fr-2","10":"product_tag-disponible-immediatement","11":"product_tag-exclusive-fr","12":"pa_structure-bois-laque","13":"pa_structure-chene","14":"pa_tabletop-chene-fr","15":"pa_tabletop-bois-laque","16":"product_designer-leo-sentou-fr","17":"manufacturer-a-d-sourcing-pickup-leo-sentou-fr","18":"reporting_designer-leo-sentou","19":"exhibitions-londres-fr","21":"first","22":"instock","23":"taxable","24":"shipping-taxable","25":"purchasable","26":"product-type-variable"},"acf":[],"_links":{"self":[{"href":"https:\/\/theinvisiblecollection.com\/fr\/wp-json\/wp\/v2\/product\/5869927","targetHints":{"allow":["GET"]}}],"collection":[{"href":"https:\/\/theinvisiblecollection.com\/fr\/wp-json\/wp\/v2\/product"}],"about":[{"href":"https:\/\/theinvisiblecollection.com\/fr\/wp-json\/wp\/v2\/types\/product"}],"wp:featuredmedia":[{"embeddable":true,"href":"https:\/\/theinvisiblecollection.com\/fr\/wp-json\/wp\/v2\/media\/5869961"}],"wp:attachment":[{"href":"https:\/\/theinvisiblecollection.com\/fr\/wp-json\/wp\/v2\/media?parent=5869927"}],"wp:term":[{"taxonomy":"product_brand","embeddable":true,"href":"https:\/\/theinvisiblecollection.com\/fr\/wp-json\/wp\/v2\/product_brand?post=5869927"},{"taxonomy":"product_cat","embeddable":true,"href":"https:\/\/theinvisiblecollection.com\/fr\/wp-json\/wp\/v2\/product_cat?post=5869927"},{"taxonomy":"product_tag","embeddable":true,"href":"https:\/\/theinvisiblecollection.com\/fr\/wp-json\/wp\/v2\/product_tag?post=5869927"},{"taxonomy":"product_designer","embeddable":true,"href":"https:\/\/theinvisiblecollection.com\/fr\/wp-json\/wp\/v2\/product_designer?post=5869927"},{"taxonomy":"comfabric","embeddable":true,"href":"https:\/\/theinvisiblecollection.com\/fr\/wp-json\/wp\/v2\/comfabric?post=5869927"},{"taxonomy":"manufacturer","embeddable":true,"href":"https:\/\/theinvisiblecollection.com\/fr\/wp-json\/wp\/v2\/manufacturer?post=5869927"},{"taxonomy":"reporting_designer","embeddable":true,"href":"https:\/\/theinvisiblecollection.com\/fr\/wp-json\/wp\/v2\/reporting_designer?post=5869927"},{"taxonomy":"samplecomfabric","embeddable":true,"href":"https:\/\/theinvisiblecollection.com\/fr\/wp-json\/wp\/v2\/samplecomfabric?post=5869927"},{"taxonomy":"clubroom_product_designer","embeddable":true,"href":"https:\/\/theinvisiblecollection.com\/fr\/wp-json\/wp\/v2\/designer_clubroom?post=5869927"}],"curies":[{"name":"wp","href":"https:\/\/api.w.org\/{rel}","templated":true}]}}