{"id":5870688,"date":"2025-10-21T14:35:04","date_gmt":"2025-10-21T14:35:04","guid":{"rendered":"https:\/\/theinvisiblecollection.com\/?post_type=product&#038;p=5870688"},"modified":"2026-05-01T07:37:11","modified_gmt":"2026-05-01T07:37:11","slug":"paul-poiret-fauteuil-avenue-dantin-teinte","status":"publish","type":"product","link":"https:\/\/theinvisiblecollection.com\/fr\/produit\/paul-poiret-fauteuil-avenue-dantin-teinte\/","title":{"rendered":"Fauteuil Avenue D&#8217;Antin Teint\u00e9"},"content":{"rendered":"<p style=\"text-align: justify;\">Le fauteuil Avenue D&#8217;Antin est dessin\u00e9 par le couturier Paul Poiret. Pr\u00e9curseur de l\u2019\u00e9l\u00e9gance parisienne, Paul Poiret cr\u00e9e l\u2019\u00e9cole Martine pour insuffler des formes nouvelles dans les arts d\u00e9coratifs. Suivra la cr\u00e9ation des ateliers et des \u00e9ditions Martine. Ce si\u00e8ge reprend le motif g\u00e9om\u00e9trique du treillis de jardin, motif r\u00e9current dans les sc\u00e8nes festives orchestr\u00e9es par le couturier o\u00f9 le Tout-Paris de la Belle \u00c9poque est convi\u00e9.<\/p>\n","protected":false},"excerpt":{"rendered":"<p>Le fauteuil Avenue D&#8217;Antin est dessin\u00e9 par le couturier Paul Poiret. Pr\u00e9curseur de l\u2019\u00e9l\u00e9gance parisienne, Paul Poiret cr\u00e9e l\u2019\u00e9cole Martine pour insuffler des formes nouvelles dans les arts d\u00e9coratifs. Suivra la cr\u00e9ation des ateliers et des \u00e9ditions Martine. Ce si\u00e8ge reprend le motif g\u00e9om\u00e9trique du treillis de jardin, motif r\u00e9current dans les sc\u00e8nes festives orchestr\u00e9es [&hellip;]<\/p>\n","protected":false},"featured_media":5870725,"template":"","meta":{"_acf_changed":false,"content-type":"","_themeisle_gutenberg_block_has_review":false},"product_brand":[],"product_cat":[12499,8945],"product_tag":[11235,35206,35327],"product_designer":[35779,35801],"comfabric":[],"manufacturer":[35767],"reporting_designer":[37678],"samplecomfabric":[],"designer_clubroom":[],"class_list":{"0":"post-5870688","1":"product","2":"type-product","3":"status-publish","4":"has-post-thumbnail","6":"product_cat-assises","7":"product_cat-fauteuils","8":"product_tag-reedition-fr-fr","9":"product_tag-exclusive-fr","10":"product_tag-re-edition-fr","11":"product_designer-fassen-fr","12":"product_designer-paul-poiret-fr","13":"manufacturer-fassen-pickup-fr","14":"reporting_designer-paul-poiret","16":"first","17":"instock","18":"taxable","19":"shipping-taxable","20":"purchasable","21":"product-type-variable"},"acf":[],"_links":{"self":[{"href":"https:\/\/theinvisiblecollection.com\/fr\/wp-json\/wp\/v2\/product\/5870688","targetHints":{"allow":["GET"]}}],"collection":[{"href":"https:\/\/theinvisiblecollection.com\/fr\/wp-json\/wp\/v2\/product"}],"about":[{"href":"https:\/\/theinvisiblecollection.com\/fr\/wp-json\/wp\/v2\/types\/product"}],"wp:featuredmedia":[{"embeddable":true,"href":"https:\/\/theinvisiblecollection.com\/fr\/wp-json\/wp\/v2\/media\/5870725"}],"wp:attachment":[{"href":"https:\/\/theinvisiblecollection.com\/fr\/wp-json\/wp\/v2\/media?parent=5870688"}],"wp:term":[{"taxonomy":"product_brand","embeddable":true,"href":"https:\/\/theinvisiblecollection.com\/fr\/wp-json\/wp\/v2\/product_brand?post=5870688"},{"taxonomy":"product_cat","embeddable":true,"href":"https:\/\/theinvisiblecollection.com\/fr\/wp-json\/wp\/v2\/product_cat?post=5870688"},{"taxonomy":"product_tag","embeddable":true,"href":"https:\/\/theinvisiblecollection.com\/fr\/wp-json\/wp\/v2\/product_tag?post=5870688"},{"taxonomy":"product_designer","embeddable":true,"href":"https:\/\/theinvisiblecollection.com\/fr\/wp-json\/wp\/v2\/product_designer?post=5870688"},{"taxonomy":"comfabric","embeddable":true,"href":"https:\/\/theinvisiblecollection.com\/fr\/wp-json\/wp\/v2\/comfabric?post=5870688"},{"taxonomy":"manufacturer","embeddable":true,"href":"https:\/\/theinvisiblecollection.com\/fr\/wp-json\/wp\/v2\/manufacturer?post=5870688"},{"taxonomy":"reporting_designer","embeddable":true,"href":"https:\/\/theinvisiblecollection.com\/fr\/wp-json\/wp\/v2\/reporting_designer?post=5870688"},{"taxonomy":"samplecomfabric","embeddable":true,"href":"https:\/\/theinvisiblecollection.com\/fr\/wp-json\/wp\/v2\/samplecomfabric?post=5870688"},{"taxonomy":"clubroom_product_designer","embeddable":true,"href":"https:\/\/theinvisiblecollection.com\/fr\/wp-json\/wp\/v2\/designer_clubroom?post=5870688"}],"curies":[{"name":"wp","href":"https:\/\/api.w.org\/{rel}","templated":true}]}}